{"id":998,"date":"2013-10-06T20:43:16","date_gmt":"2013-10-06T18:43:16","guid":{"rendered":"http:\/\/www.idphoto.ch\/?page_id=998"},"modified":"2017-09-15T09:04:33","modified_gmt":"2017-09-15T07:04:33","slug":"visum","status":"publish","type":"page","link":"https:\/\/www.idphoto.app\/lexikon\/visum\/","title":{"rendered":"Visum"},"content":{"rendered":"<h2>Ausserhalb der Schweiz &#8211; Reisen ohne Visum<\/h2>\n<p>Die L\u00e4nder\u00a0innerhalb der<strong> Europ\u00e4ischen Union <\/strong>sowie der<strong> EFTA<\/strong><strong>, <\/strong>in welchen durch die\u00a0<strong>Schengener Abkommen <\/strong>das<strong> Schengen-Recht\u00a0<\/strong>in Kraft gesetzt wurde, haben Personenkontrollen an Grenzen weitestgehend abgeschafft.<\/p>\n<p>Die Volksabstimmung vom 5. Juni 2005 \u00fcber die Annahme des Abkommens zur Einbeziehung in den <strong>Schengen-Raum<\/strong>, besiegelte die Teilnahme der <strong>Schweiz<\/strong>.\u00a0Seit 2008 (an Flugh\u00e4fen seit 2009) ist, mit einigen teilweise tempor\u00e4ren Ausnahmen, die Einreise in alle Mitgliedsl\u00e4nder des Schengen-Raums\u00a0<strong>ohne <\/strong><a href=\"https:\/\/www.idphoto.ch\/lexikon\/reisepass\/\">Reisepass<\/a><strong> oder <\/strong><a href=\"https:\/\/www.idphoto.ch\/lexikon\/visum\/\">Visum<\/a>\u00a0m\u00f6glich.<\/p>\n<p>Da es jedoch keine Zollunion mit der EU gibt und der Warenfluss weiterhin kontrolliert wird, sind in diesem Zusammenhang &#8211; auch weiterhin &#8211; Personenkontrollen wahrscheinlich.<\/p>\n<p>Zu den sog. Vollanwenderstaaten geh\u00f6ren:<\/p>\n<p>Belgien, D\u00e4nemark, Estland, Finnland, Frankreich, Italien, Lettland, Litauen, Niederlande, \u00d6sterreich, Polen, Portugal, Schweden, Slowakei, Spanien, Tschechien, Ungarn.<\/p>\n<p>Dar\u00fcber hinaus sind nebst der Schweiz Island, Liechtenstein und Norwegen als nicht EU-Mitglieder Teil der Schengener Abkommen und erm\u00f6glichen ebenfalls die Einreise ohne Grenzkontrolle.<\/p>\n<p>Da jedoch auch im europ\u00e4ischen Ausland allgemeine Personenkontrollen durchgef\u00fchrt werden k\u00f6nnen, empfiehlt es sich immer ein g\u00fcltiges Ausweisdokument, wie die Identit\u00e4tskarte mit sich zu f\u00fchren.<\/p>\n<hr \/>\n<div id=\"attachment_1078\" style=\"width: 254px\" class=\"wp-caption alignright\"><a href=\"https:\/\/www.idphoto.ch\/upload\/visumfoto\" target=\"_blank\" rel=\"noopener\"><img aria-describedby=\"caption-attachment-1078\" loading=\"lazy\" class=\"wp-image-1078 size-medium\" title=\"Biometrische Passbilder im idphoto Generator anpassen\" src=\"https:\/\/www.idphoto.ch\/lexikon\/wp-content\/uploads\/2013\/10\/idphoto-uploader-screenshot-250x308.jpg\" alt=\"idphoto-uploader-screenshot\" width=\"244\" height=\"300\" srcset=\"https:\/\/www.idphoto.app\/lexikon\/wp-content\/uploads\/2013\/10\/idphoto-uploader-screenshot-250x308.jpg 250w, https:\/\/www.idphoto.app\/lexikon\/wp-content\/uploads\/2013\/10\/idphoto-uploader-screenshot-120x148.jpg 120w, https:\/\/www.idphoto.app\/lexikon\/wp-content\/uploads\/2013\/10\/idphoto-uploader-screenshot.jpg 501w\" sizes=\"(max-width: 244px) 100vw, 244px\" \/><\/a><p id=\"caption-attachment-1078\" class=\"wp-caption-text\">Bilder k\u00f6nnen einfach in unserem Passfoto-Generator angepasst und zugeschnitten werden.<\/p><\/div>\n<h2>Wann man ein Visum ben\u00f6tigt<\/h2>\n<p>Rund 50 L\u00e4nder ausserhalb der EU verlangen f\u00fcr die Einreise f\u00fcr Schweizer Staatsangeh\u00f6rige ein Visum (<a href=\"https:\/\/www.passportindex.org\/comparebyPassport.php?p1=ch\">https:\/\/www.passportindex.org\/comparebyPassport.php?p1=ch<\/a>) . Je nach Land k\u00f6nnen Gr\u00f6sse und Bestimmungen des ben\u00f6tigen Passfotos variieren. Das Format der Visa-Fotos, die Schweizer B\u00fcrger ben\u00f6tigen, richtet sich meist nach der Standard-Passbildgr\u00f6sse des Landes. In Russland werden bspw. Bilder im europ\u00e4ischen Format 3,5 \u00d7 4,5 cm verwendet. Indien und die USA verlangen Fotos im Format 2 \u00d7 2 inch bzw. ~ 5 \u00d7 5 cm.<\/p>\n<blockquote><p>Der Passfoto-Generator schneidet Bilder ins korrekte Format.<\/p><\/blockquote>\n<p>Sie\u00a0k\u00f6nnen\u00a0Ihr\u00a0Foto in unserem <a href=\"https:\/\/www.idphoto.ch\/upload\/visumfoto\">Passfoto-Generator<\/a>\u00a0<strong>kostenlos auf das richtige Seitenverh\u00e4ltnis zuschneiden <\/strong>\u2013 und wenn n\u00f6tig an die biometrische Schablone anpassen. Die spezifischen Bestimmungen der einzelnen L\u00e4nder sind \u00fcber die folgenden Links einsehbar:<\/p>\n<p>&nbsp;<\/p>\n<hr \/>\n<h2>Woher man ein Visum bekommt oder in drei einfachen Schritten zum Visum<\/h2>\n<p>Neben der Erstellung Ihrer <a href=\"https:\/\/www.idphoto.ch\/upload\/visumfoto\">Visum-Fotos<\/a> bei idphoto haben Sie zudem die M\u00f6glichkeit Ihr Visum, mit allem was es hierzu verlangt, von unserem Partner <a href=\"http:\/\/visaworld.ch\/idphoto\">Visaworld<\/a> beantragen und einholen zu lassen. Visaworld \u00fcbernimmt dabei f\u00fcr Sie <strong>s\u00e4mtliche<\/strong> Formalit\u00e4ten und entlastet sie hinsichtlich der Koordination mit dem jeweiligen Konsulat.<\/p>\n<p>In einem ersten Schritt w\u00e4hlen Sie Ihr Reiseziel und f\u00fcllen anschliessend das <a href=\"http:\/\/visaworld.ch\/idphoto\">Anmeldeformular<\/a> von Visaworld aus, woraufhin Sie innert drei Stunden (zu B\u00fcrozeiten) von den Mitarbeitenden von Visaworld kontaktiert werden. Hier erhalten Sie die genauen Angaben zu den erforderlichen Unterlagen, die Sie sodann an diese weiterleiten.<\/p>\n<p>In welches Land Sie auch reisen m\u00f6chten, als Experte auf diesem Gebiet \u00fcbernimmt <a href=\"http:\/\/visaworld.ch\/idphoto\">Visaworld<\/a> f\u00fcr Sie alle Formalit\u00e4ten, bis hin zur Abholung des Visums bei dem jeweiligen Konsulat. Sie haben sich um nichts weiter zu k\u00fcmmern und k\u00f6nnen sich den angenehmen Fragen Ihres Auslandaufenthaltes widmen \u2013 und davon gibt es sicherlich einige!<\/p>\n","protected":false},"excerpt":{"rendered":"Ausserhalb der Schweiz &#8211; Reisen ohne Visum Die L\u00e4nder\u00a0innerhalb der Europ\u00e4ischen Union sowie der EFTA, in welchen durch die\u00a0Schengener Abkommen das Schengen-Recht\u00a0in Kraft gesetzt wurde, haben Personenkontrollen an Grenzen weitestgehend abgeschafft. Die Volksabstimmung vom 5. Juni 2005 \u00fcber die Annahme des Abkommens zur Einbeziehung in den Schengen-Raum, besiegelte die Teilnahme der Schweiz.\u00a0Seit 2008 (an Flugh\u00e4fen&#8230; <a class=\"view-article\" href=\"https:\/\/www.idphoto.app\/lexikon\/visum\/\">Anzeigen<\/a>","protected":false},"author":3,"featured_media":0,"parent":0,"menu_order":0,"comment_status":"open","ping_status":"closed","template":"lexikonkategorie_template.php","meta":[],"_links":{"self":[{"href":"https:\/\/www.idphoto.app\/lexikon\/wp-json\/wp\/v2\/pages\/998"}],"collection":[{"href":"https:\/\/www.idphoto.app\/lexikon\/wp-json\/wp\/v2\/pages"}],"about":[{"href":"https:\/\/www.idphoto.app\/lexikon\/wp-json\/wp\/v2\/types\/page"}],"author":[{"embeddable":true,"href":"https:\/\/www.idphoto.app\/lexikon\/wp-json\/wp\/v2\/users\/3"}],"replies":[{"embeddable":true,"href":"https:\/\/www.idphoto.app\/lexikon\/wp-json\/wp\/v2\/comments?post=998"}],"version-history":[{"count":18,"href":"https:\/\/www.idphoto.app\/lexikon\/wp-json\/wp\/v2\/pages\/998\/revisions"}],"predecessor-version":[{"id":2277,"href":"https:\/\/www.idphoto.app\/lexikon\/wp-json\/wp\/v2\/pages\/998\/revisions\/2277"}],"wp:attachment":[{"href":"https:\/\/www.idphoto.app\/lexikon\/wp-json\/wp\/v2\/media?parent=998"}],"curies":[{"name":"wp","href":"https:\/\/api.w.org\/{rel}","templated":true}]}}