{"id":945,"date":"2013-06-27T02:33:43","date_gmt":"2013-06-27T00:33:43","guid":{"rendered":"http:\/\/www.idphoto.ch\/?page_id=945"},"modified":"2015-11-03T11:00:01","modified_gmt":"2015-11-03T10:00:01","slug":"halbtax-oder-ga-sbb","status":"publish","type":"page","link":"https:\/\/www.idphoto.app\/lexikon\/halbtax-oder-ga-sbb\/","title":{"rendered":"Halbtax \/ GA (SBB)"},"content":{"rendered":"<p>Das Halbtax sowie das Generalabonnement (GA) werden von den Schweizer Bundesbahnen (SBB) herausgegeben. Mit dem Halbtax erhalten Sie auf s\u00e4mtlichen Strecken der SBB sowie bei nahezu allen anderen Schweizer Bahnen, Schiffen, Bussen und Trams eine Ticketreduktion von 50 %.\u00a0 Weitere Informationen zum Halbtax finden Sie <a href=\"https:\/\/www.sbb.ch\/abos-billette\/abonnemente\/halbtax.html\">hier<\/a>.<\/p>\n<p>Mit dem GA ben\u00f6tigen Sie hingegen auf s\u00e4mtlichen Strecken der SBB sowie bei nahezu allen anderen Schweizer Bahnen, Schiffen, Bussen und Trams kein Ticket. Zudem erhalten Sie bei vielen Bergbahnen Verg\u00fcnstigungen. Weitere Informationen zum GA finden Sie <a href=\"https:\/\/www.sbb.ch\/abos-billette\/abonnemente\/ga.html\">hier<\/a>.<\/p>\n<p>F\u00fcr Passbilder f\u00fcr das Halbtax oder das Generalabonnement (GA) bestehen keine gleichstrengen Anforderungen wie f\u00fcr biometrische Passfotos. Allerdings verlangt die SBB dennoch die Einhaltung gewisser Anforderungen, die <a href=\"http:\/\/www.sbb.ch\/content\/dam\/sbb\/de\/infotexte\/fotorichtlinien_d.pdf\">hier<\/a> einsehbar sind.<\/p>\n<p>Wichtig ist vor allem, dass das Gesicht gut erkennbar ist und nicht durch irgendetwas be- bzw. verdeckt wird. Zudem sollte man eine Aufnahme stets vor einem einfarbigen, am besten weissen Hintergrund vornehmen. Orientiert man sich an der <a title=\"Wie mache ich ein biometrisches Passfoto?\" href=\"http:\/\/www.idphoto.ch\/lexikon\/reisepass\/wie-mache-ich-ein-biometrisches-passfoto\/\">Fotomustertafel f\u00fcr biometrische Passbilder<\/a>\u00a0ist man hingegen definitiv auf der sicheren Seite. Dies gilt insbesondere auch, falls sich die Bestimmungen f\u00fcr das f\u00fcr Halbtax oder das Generalabonnement in Zukunft einmal \u00e4ndern sollten.<\/p>\n<p>Die Anpassung an das klassische Passbildformat kann, mittels unseres <a href=\"https:\/\/www.idphoto.ch\/upload\/\">Passfoto-Generators<\/a>, problem- und kostenlos vorgenommen werden.<\/p>\n","protected":false},"excerpt":{"rendered":"Das Halbtax sowie das Generalabonnement (GA) werden von den Schweizer Bundesbahnen (SBB) herausgegeben. Mit dem Halbtax erhalten Sie auf s\u00e4mtlichen Strecken der SBB sowie bei nahezu allen anderen Schweizer Bahnen, Schiffen, Bussen und Trams eine Ticketreduktion von 50 %.\u00a0 Weitere Informationen zum Halbtax finden Sie hier. Mit dem GA ben\u00f6tigen Sie hingegen auf s\u00e4mtlichen Strecken&#8230; <a class=\"view-article\" href=\"https:\/\/www.idphoto.app\/lexikon\/halbtax-oder-ga-sbb\/\">Anzeigen<\/a>","protected":false},"author":4,"featured_media":0,"parent":0,"menu_order":0,"comment_status":"open","ping_status":"closed","template":"lexikonkategorie_template.php","meta":[],"_links":{"self":[{"href":"https:\/\/www.idphoto.app\/lexikon\/wp-json\/wp\/v2\/pages\/945"}],"collection":[{"href":"https:\/\/www.idphoto.app\/lexikon\/wp-json\/wp\/v2\/pages"}],"about":[{"href":"https:\/\/www.idphoto.app\/lexikon\/wp-json\/wp\/v2\/types\/page"}],"author":[{"embeddable":true,"href":"https:\/\/www.idphoto.app\/lexikon\/wp-json\/wp\/v2\/users\/4"}],"replies":[{"embeddable":true,"href":"https:\/\/www.idphoto.app\/lexikon\/wp-json\/wp\/v2\/comments?post=945"}],"version-history":[{"count":2,"href":"https:\/\/www.idphoto.app\/lexikon\/wp-json\/wp\/v2\/pages\/945\/revisions"}],"predecessor-version":[{"id":1831,"href":"https:\/\/www.idphoto.app\/lexikon\/wp-json\/wp\/v2\/pages\/945\/revisions\/1831"}],"wp:attachment":[{"href":"https:\/\/www.idphoto.app\/lexikon\/wp-json\/wp\/v2\/media?parent=945"}],"curies":[{"name":"wp","href":"https:\/\/api.w.org\/{rel}","templated":true}]}}