{"id":928,"date":"2012-11-08T17:19:15","date_gmt":"2012-11-08T15:19:15","guid":{"rendered":"http:\/\/www.idphoto.ch\/?page_id=928"},"modified":"2015-09-15T22:34:44","modified_gmt":"2015-09-15T20:34:44","slug":"chip","status":"publish","type":"page","link":"https:\/\/www.idphoto.app\/lexikon\/reisepass\/chip\/","title":{"rendered":"Chip"},"content":{"rendered":"<p>Der aktuelle Reisepass oder Pass 10 ist mit einem Chip versehen, auf dem elektronisch zus\u00e4tzliche Daten gespeichert sind. Diese k\u00f6nnen kontaktlos \u00fcber eine kleine Entfernung an entsprechenden Terminals ausgelesen werden.<\/p>\n<p>Die Daten umfassen Fingerabdr\u00fccke und ein Gesichtsbild und sollen die Sicherheit des Reisedokuments erh\u00f6hen und deren F\u00e4lschung verhindern bzw. erschweren.<\/p>\n<p>Der Pass 10 wurde erstmalig am\u00a01. M\u00e4rz 2010 ausgegeben.<\/p>\n","protected":false},"excerpt":{"rendered":"Der aktuelle Reisepass oder Pass 10 ist mit einem Chip versehen, auf dem elektronisch zus\u00e4tzliche Daten gespeichert sind. Diese k\u00f6nnen kontaktlos \u00fcber eine kleine Entfernung an entsprechenden Terminals ausgelesen werden. Die Daten umfassen Fingerabdr\u00fccke und ein Gesichtsbild und sollen die Sicherheit des Reisedokuments erh\u00f6hen und deren F\u00e4lschung verhindern bzw. erschweren. Der Pass 10 wurde erstmalig&#8230; <a class=\"view-article\" href=\"https:\/\/www.idphoto.app\/lexikon\/reisepass\/chip\/\">Anzeigen<\/a>","protected":false},"author":1,"featured_media":0,"parent":37,"menu_order":0,"comment_status":"open","ping_status":"open","template":"","meta":[],"_links":{"self":[{"href":"https:\/\/www.idphoto.app\/lexikon\/wp-json\/wp\/v2\/pages\/928"}],"collection":[{"href":"https:\/\/www.idphoto.app\/lexikon\/wp-json\/wp\/v2\/pages"}],"about":[{"href":"https:\/\/www.idphoto.app\/lexikon\/wp-json\/wp\/v2\/types\/page"}],"author":[{"embeddable":true,"href":"https:\/\/www.idphoto.app\/lexikon\/wp-json\/wp\/v2\/users\/1"}],"replies":[{"embeddable":true,"href":"https:\/\/www.idphoto.app\/lexikon\/wp-json\/wp\/v2\/comments?post=928"}],"version-history":[{"count":1,"href":"https:\/\/www.idphoto.app\/lexikon\/wp-json\/wp\/v2\/pages\/928\/revisions"}],"predecessor-version":[{"id":1871,"href":"https:\/\/www.idphoto.app\/lexikon\/wp-json\/wp\/v2\/pages\/928\/revisions\/1871"}],"up":[{"embeddable":true,"href":"https:\/\/www.idphoto.app\/lexikon\/wp-json\/wp\/v2\/pages\/37"}],"wp:attachment":[{"href":"https:\/\/www.idphoto.app\/lexikon\/wp-json\/wp\/v2\/media?parent=928"}],"curies":[{"name":"wp","href":"https:\/\/api.w.org\/{rel}","templated":true}]}}