{"id":922,"date":"2012-11-08T17:05:13","date_gmt":"2012-11-08T15:05:13","guid":{"rendered":"http:\/\/www.idphoto.ch\/?page_id=922"},"modified":"2017-01-15T16:57:29","modified_gmt":"2017-01-15T15:57:29","slug":"online-beantragen","status":"publish","type":"page","link":"https:\/\/www.idphoto.app\/lexikon\/reisepass\/online-beantragen\/","title":{"rendered":"Online beantragen"},"content":{"rendered":"<p>Auch der Reisepass (Pass 10) kann wie die <a title=\"Identit\u00e4tskarte\" href=\"http:\/\/www.idphoto.ch\/lexikon\/identitaetskarte\/\">Identit\u00e4tskarte<\/a> online\u00a0bei der zust\u00e4ndigen\u00a0kantonalen Passstelle\u00a0<a title=\"Kantonale Passstellen und Verfahren in den einzelnen Kantonen\" href=\"http:\/\/www.schweizerpass.admin.ch\/pass\/de\/home\/ausweise\/antrag\/verfahren.html\" target=\"_blank\">beantragt<\/a> werden. Nat\u00fcrlich ist auch hier die Beantragung telefonisch und in manchen F\u00e4llen direkt vor Ort in der Passstelle m\u00f6glich. Die\u00a0Verfahren variieren in den einzelnen Kantonen.<\/p>\n<p>Eine\u00a0<a title=\"Kantonale Passstellen und Verfahren in den einzelnen Kantonen\" href=\"http:\/\/www.schweizerpass.admin.ch\/pass\/de\/home\/ausweise\/antrag\/passstellen.html\" target=\"_blank\">\u00dcbersicht der\u00a0kantonalen Passstellen<\/a>\u00a0ist auf den Seiten der Schweizerischen Eidgenossenschaft zu finden.<\/p>\n<p><a class=\"btn btn-warning btn-xs\" href=\"http:\/\/www.schweizerpass.admin.ch\/pass\/de\/home\/ausweise\/antrag\/verfahren.html\">Jetzt Pass beantragen \u00bb<\/a><\/p>\n","protected":false},"excerpt":{"rendered":"Auch der Reisepass (Pass 10) kann wie die Identit\u00e4tskarte online\u00a0bei der zust\u00e4ndigen\u00a0kantonalen Passstelle\u00a0beantragt werden. Nat\u00fcrlich ist auch hier die Beantragung telefonisch und in manchen F\u00e4llen direkt vor Ort in der Passstelle m\u00f6glich. Die\u00a0Verfahren variieren in den einzelnen Kantonen. Eine\u00a0\u00dcbersicht der\u00a0kantonalen Passstellen\u00a0ist auf den Seiten der Schweizerischen Eidgenossenschaft zu finden. Jetzt Pass beantragen \u00bb","protected":false},"author":1,"featured_media":0,"parent":37,"menu_order":0,"comment_status":"open","ping_status":"open","template":"","meta":[],"_links":{"self":[{"href":"https:\/\/www.idphoto.app\/lexikon\/wp-json\/wp\/v2\/pages\/922"}],"collection":[{"href":"https:\/\/www.idphoto.app\/lexikon\/wp-json\/wp\/v2\/pages"}],"about":[{"href":"https:\/\/www.idphoto.app\/lexikon\/wp-json\/wp\/v2\/types\/page"}],"author":[{"embeddable":true,"href":"https:\/\/www.idphoto.app\/lexikon\/wp-json\/wp\/v2\/users\/1"}],"replies":[{"embeddable":true,"href":"https:\/\/www.idphoto.app\/lexikon\/wp-json\/wp\/v2\/comments?post=922"}],"version-history":[{"count":8,"href":"https:\/\/www.idphoto.app\/lexikon\/wp-json\/wp\/v2\/pages\/922\/revisions"}],"predecessor-version":[{"id":1855,"href":"https:\/\/www.idphoto.app\/lexikon\/wp-json\/wp\/v2\/pages\/922\/revisions\/1855"}],"up":[{"embeddable":true,"href":"https:\/\/www.idphoto.app\/lexikon\/wp-json\/wp\/v2\/pages\/37"}],"wp:attachment":[{"href":"https:\/\/www.idphoto.app\/lexikon\/wp-json\/wp\/v2\/media?parent=922"}],"curies":[{"name":"wp","href":"https:\/\/api.w.org\/{rel}","templated":true}]}}