{"id":74,"date":"2009-09-11T14:09:34","date_gmt":"2009-09-11T12:09:34","guid":{"rendered":"http:\/\/www.idphoto.ch\/\/?page_id=74"},"modified":"2015-10-19T19:41:17","modified_gmt":"2015-10-19T17:41:17","slug":"lexikon","status":"publish","type":"page","link":"https:\/\/www.idphoto.app\/lexikon\/","title":{"rendered":"Lexikon"},"content":{"rendered":"<h1>Hinweise<\/h1>\n<p>Wir recherchieren alle Informationen mit gr\u00f6\u00dfter Sorgfalt. Dennoch k\u00f6nnen wir Dir nicht garantieren, dass alle Informationen immer aktuell sind. Daher sind alle Angaben ohne Gew\u00e4hr.<\/p>\n","protected":false},"excerpt":{"rendered":"Hinweise Wir recherchieren alle Informationen mit gr\u00f6\u00dfter Sorgfalt. Dennoch k\u00f6nnen wir Dir nicht garantieren, dass alle Informationen immer aktuell sind. Daher sind alle Angaben ohne Gew\u00e4hr.","protected":false},"author":1,"featured_media":0,"parent":0,"menu_order":0,"comment_status":"open","ping_status":"open","template":"lexikon-a-z_template.php","meta":[],"_links":{"self":[{"href":"https:\/\/www.idphoto.app\/lexikon\/wp-json\/wp\/v2\/pages\/74"}],"collection":[{"href":"https:\/\/www.idphoto.app\/lexikon\/wp-json\/wp\/v2\/pages"}],"about":[{"href":"https:\/\/www.idphoto.app\/lexikon\/wp-json\/wp\/v2\/types\/page"}],"author":[{"embeddable":true,"href":"https:\/\/www.idphoto.app\/lexikon\/wp-json\/wp\/v2\/users\/1"}],"replies":[{"embeddable":true,"href":"https:\/\/www.idphoto.app\/lexikon\/wp-json\/wp\/v2\/comments?post=74"}],"version-history":[{"count":5,"href":"https:\/\/www.idphoto.app\/lexikon\/wp-json\/wp\/v2\/pages\/74\/revisions"}],"predecessor-version":[{"id":1905,"href":"https:\/\/www.idphoto.app\/lexikon\/wp-json\/wp\/v2\/pages\/74\/revisions\/1905"}],"wp:attachment":[{"href":"https:\/\/www.idphoto.app\/lexikon\/wp-json\/wp\/v2\/media?parent=74"}],"curies":[{"name":"wp","href":"https:\/\/api.w.org\/{rel}","templated":true}]}}