{"id":65,"date":"2009-09-10T17:17:35","date_gmt":"2009-09-10T15:17:35","guid":{"rendered":"http:\/\/www.idphoto.ch\/\/?page_id=65"},"modified":"2015-09-15T22:31:06","modified_gmt":"2015-09-15T20:31:06","slug":"gueltigkeit-des-fuehrerausweises","status":"publish","type":"page","link":"https:\/\/www.idphoto.app\/lexikon\/fuehrerausweis\/gueltigkeit-des-fuehrerausweises\/","title":{"rendered":"G\u00fcltigkeit des F\u00fchrer&shy;ausweises"},"content":{"rendered":"<p>Der aktuelle F\u00fchrerausweis im Kreditkartenformat\u00a0hat eine unbeschr\u00e4nkte G\u00fcltigkeit.\u00a0Sofern Sie einen alten blauen Ausweis besitzen, k\u00f6nnen Sie diesen entweder behalten oder aber gegen eine Geb\u00fchr (abh\u00e4ngig vom Wohnsitzkanton) und durch\u00a0Einreichung des Dokumentes\u00a0&#8222;Antrag auf Umtausch des schweizerischen blauen F\u00fchrerausweises&#8220; in einen F\u00fchrerausweis im Kreditkartenformat umtauschen lassen.<\/p>\n<p>Sollten Siejedoch den Kanton wechseln, oder Ihren Namen \u00e4ndern, wird Ihnen definitiv der F\u00fchrerausweis im Kreditkartenformat ausgestellt!<\/p>\n<div id=\"attachment_1729\" style=\"width: 260px\" class=\"wp-caption aligncenter\"><img aria-describedby=\"caption-attachment-1729\" loading=\"lazy\" class=\"img-responsive wp-image-1729 size-medium\" src=\"https:\/\/www.idphoto.ch\/lexikon\/wp-content\/uploads\/2009\/09\/130515_Angela_Sample_Vorderseite-250x158.jpg\" alt=\"130515_Angela_Sample_Vorderseite\" width=\"250\" height=\"158\" srcset=\"https:\/\/www.idphoto.app\/lexikon\/wp-content\/uploads\/2009\/09\/130515_Angela_Sample_Vorderseite-250x158.jpg 250w, https:\/\/www.idphoto.app\/lexikon\/wp-content\/uploads\/2009\/09\/130515_Angela_Sample_Vorderseite-120x76.jpg 120w, https:\/\/www.idphoto.app\/lexikon\/wp-content\/uploads\/2009\/09\/130515_Angela_Sample_Vorderseite.jpg 640w\" sizes=\"(max-width: 250px) 100vw, 250px\" \/><p id=\"caption-attachment-1729\" class=\"wp-caption-text\">Abbildung vom aktuell g\u00fcltigen F\u00fchrerausweis<\/p><\/div>\n<p>&nbsp;<\/p>\n","protected":false},"excerpt":{"rendered":"Der aktuelle F\u00fchrerausweis im Kreditkartenformat\u00a0hat eine unbeschr\u00e4nkte G\u00fcltigkeit.\u00a0Sofern Sie einen alten blauen Ausweis besitzen, k\u00f6nnen Sie diesen entweder behalten oder aber gegen eine Geb\u00fchr (abh\u00e4ngig vom Wohnsitzkanton) und durch\u00a0Einreichung des Dokumentes\u00a0&#8222;Antrag auf Umtausch des schweizerischen blauen F\u00fchrerausweises&#8220; in einen F\u00fchrerausweis im Kreditkartenformat umtauschen lassen. Sollten Siejedoch den Kanton wechseln, oder Ihren Namen \u00e4ndern, wird Ihnen&#8230; <a class=\"view-article\" href=\"https:\/\/www.idphoto.app\/lexikon\/fuehrerausweis\/gueltigkeit-des-fuehrerausweises\/\">Anzeigen<\/a>","protected":false},"author":1,"featured_media":0,"parent":36,"menu_order":0,"comment_status":"open","ping_status":"open","template":"","meta":[],"_links":{"self":[{"href":"https:\/\/www.idphoto.app\/lexikon\/wp-json\/wp\/v2\/pages\/65"}],"collection":[{"href":"https:\/\/www.idphoto.app\/lexikon\/wp-json\/wp\/v2\/pages"}],"about":[{"href":"https:\/\/www.idphoto.app\/lexikon\/wp-json\/wp\/v2\/types\/page"}],"author":[{"embeddable":true,"href":"https:\/\/www.idphoto.app\/lexikon\/wp-json\/wp\/v2\/users\/1"}],"replies":[{"embeddable":true,"href":"https:\/\/www.idphoto.app\/lexikon\/wp-json\/wp\/v2\/comments?post=65"}],"version-history":[{"count":7,"href":"https:\/\/www.idphoto.app\/lexikon\/wp-json\/wp\/v2\/pages\/65\/revisions"}],"predecessor-version":[{"id":1866,"href":"https:\/\/www.idphoto.app\/lexikon\/wp-json\/wp\/v2\/pages\/65\/revisions\/1866"}],"up":[{"embeddable":true,"href":"https:\/\/www.idphoto.app\/lexikon\/wp-json\/wp\/v2\/pages\/36"}],"wp:attachment":[{"href":"https:\/\/www.idphoto.app\/lexikon\/wp-json\/wp\/v2\/media?parent=65"}],"curies":[{"name":"wp","href":"https:\/\/api.w.org\/{rel}","templated":true}]}}