{"id":595,"date":"2009-11-22T16:09:37","date_gmt":"2009-11-22T14:09:37","guid":{"rendered":"http:\/\/www.idphoto.ch\/?page_id=595"},"modified":"2017-01-15T16:59:52","modified_gmt":"2017-01-15T15:59:52","slug":"wie-mache-ich-ein-biometrisches-babyfoto","status":"publish","type":"page","link":"https:\/\/www.idphoto.app\/lexikon\/reisepass\/wie-mache-ich-ein-biometrisches-babyfoto\/","title":{"rendered":"Reisepass Kleinkinder und Babys"},"content":{"rendered":"<nav class=\"chapter-toc\">\n<h2>Inhalt<\/h2>\n<ul>\n<li><a class=\"smooth\" href=\"#biometrisch-auch-bei-babys\">Biometrisch auch bei Babys?<\/a><\/li>\n<li><a class=\"smooth\" href=\"#tipps-fuer-die-aufnahme\">Am besten geht&#8217;s so &#8211; Tipps f\u00fcr die Aufnahme<\/a><\/li>\n<\/ul>\n<\/nav>\n<p><img loading=\"lazy\" class=\"img-responsive wp-image-1561 alignright\" src=\"https:\/\/www.idphoto.ch\/lexikon\/wp-content\/uploads\/2009\/10\/babyfoto-angepasst-an-biometrische-schablone.png\" alt=\"Babyfoto in biometrischer Schablone.\" width=\"197\" height=\"250\" srcset=\"https:\/\/www.idphoto.app\/lexikon\/wp-content\/uploads\/2009\/10\/babyfoto-angepasst-an-biometrische-schablone.png 296w, https:\/\/www.idphoto.app\/lexikon\/wp-content\/uploads\/2009\/10\/babyfoto-angepasst-an-biometrische-schablone-250x318.png 250w, https:\/\/www.idphoto.app\/lexikon\/wp-content\/uploads\/2009\/10\/babyfoto-angepasst-an-biometrische-schablone-120x152.png 120w\" sizes=\"(max-width: 197px) 100vw, 197px\" \/><\/p>\n<h2 id=\"biometrisch-auch-bei-babys\">Biometrisch auch bei Babys?<\/h2>\n<p><strong>Ja<\/strong> &#8211; es klingt verr\u00fcckt, aber auch bei Kleinkindern und sogar wenige Wochen alten Babys kommt man um biometrische Passbilder f\u00fcr Ausweise nicht umher.<\/p>\n<p>Allerdings sind bei S\u00e4uglingen und Kleinkindern bis zum vollendeten 6. Lebensjahr <strong>Abweichungen<\/strong> in der Kopfhaltung (nicht von der Frontalaufnahme!), im Gesichtsausdruck, hinsichtlich Augen und Blickrichtung <strong>zul\u00e4ssig<\/strong>. Das Gesicht, bzw. der Kopf muss\u00a0dennoch\u00a0frontal fotografiert werden.<\/p>\n<p>Wichtiger als der Gesichtsausdruck des Babys ist also, dass das <strong>Gesicht\u00a0frontal aufgenommen<\/strong>\u00a0ist, und ein <strong>heller\u00a0Hintergrund<\/strong> vorhanden ist, der sich deutlich von der Kleidung des Babys abgrenzt.<\/p>\n<h2 id=\"tipps-fuer-die-aufnahme\">Am besten geht&#8217;s so &#8211; Tipps f\u00fcr die Aufnahme<\/h2>\n<p>Oft klappt es nicht direkt beim ersten Mal und das aufgenommene oder\u00a0evtl. sogar bestellte Foto eignet sich nicht als biometrisches Passfoto. Haben wir es vorab gepr\u00fcft, ist dies zum Gl\u00fcck nicht tragisch. Im Gegensatz zu einem Fotoautomaten, empfehlen wir dann immer, das Baby noch einmal\u00a0<strong>im Liegen auf einer hellen Decke<\/strong> aufzunehmen.\u00a0Wir bekommen sehr h\u00e4ufig R\u00fcckmeldungen, dass es dann beim zweiten Versuch schnell und problemlos geklappt hat. Daher teilen wir diesen Tipp gerne auch hier.<\/p>\n<blockquote>\n<p style=\"text-align: right;\">Wir pr\u00fcfen Bilder auf Tauglichkeit. <a title=\"Alle Infos zu unserer Tauglichkeits-Pr\u00fcfung vorab\" href=\"https:\/\/www.idphoto.ch\/#tauglichkeits-ueberpruefung\">Mehr erfahren \u00bb<\/a><\/p>\n<\/blockquote>\n<p>Des Weiteren sollen keine Schatten im Gesicht des S\u00e4uglings\/Babys oder auf dem Hintergrund zu sehen sein, weshalb das Foto am besten bei Tageslicht in einem hellen Raum aufgenommen werden sollte. Schwierige Lichtverh\u00e4ltnisse entstehen, wenn Tageslicht und Lampen aufeinander treffen. Oft ist dann eine Seite des Gesichts bl\u00e4ulich, die andere gelblich. Deshalb sollte man <strong>k\u00fcnstliches Licht am besten vermeiden<\/strong>.<\/p>\n<blockquote><p>Auch der Blitz der Kamera darf verwendet werden.<\/p><\/blockquote>\n<p>Das Bild kann dann ganz normal in unserem <a title=\"Passfoto Generator\" href=\"http:\/\/www.idphoto.ch\/upload\">Passfoto-Generator<\/a> an die biometrische Schablone angepasst werden.<\/p>\n<p>Bei breiten Gesichtern sind Abweichungen in der H\u00f6he des Gesichts m\u00f6glich, damit der Kopf seitlich nicht aus dem Bild ragt\u00a0bzw.\u00a0abgeschnitten wird.<\/p>\n","protected":false},"excerpt":{"rendered":"Inhalt Biometrisch auch bei Babys? Am besten geht&#8217;s so &#8211; Tipps f\u00fcr die Aufnahme Biometrisch auch bei Babys? Ja &#8211; es klingt verr\u00fcckt, aber auch bei Kleinkindern und sogar wenige Wochen alten Babys kommt man um biometrische Passbilder f\u00fcr Ausweise nicht umher. Allerdings sind bei S\u00e4uglingen und Kleinkindern bis zum vollendeten 6. Lebensjahr Abweichungen in&#8230; <a class=\"view-article\" href=\"https:\/\/www.idphoto.app\/lexikon\/reisepass\/wie-mache-ich-ein-biometrisches-babyfoto\/\">Anzeigen<\/a>","protected":false},"author":1,"featured_media":0,"parent":37,"menu_order":0,"comment_status":"open","ping_status":"open","template":"","meta":[],"_links":{"self":[{"href":"https:\/\/www.idphoto.app\/lexikon\/wp-json\/wp\/v2\/pages\/595"}],"collection":[{"href":"https:\/\/www.idphoto.app\/lexikon\/wp-json\/wp\/v2\/pages"}],"about":[{"href":"https:\/\/www.idphoto.app\/lexikon\/wp-json\/wp\/v2\/types\/page"}],"author":[{"embeddable":true,"href":"https:\/\/www.idphoto.app\/lexikon\/wp-json\/wp\/v2\/users\/1"}],"replies":[{"embeddable":true,"href":"https:\/\/www.idphoto.app\/lexikon\/wp-json\/wp\/v2\/comments?post=595"}],"version-history":[{"count":17,"href":"https:\/\/www.idphoto.app\/lexikon\/wp-json\/wp\/v2\/pages\/595\/revisions"}],"predecessor-version":[{"id":2250,"href":"https:\/\/www.idphoto.app\/lexikon\/wp-json\/wp\/v2\/pages\/595\/revisions\/2250"}],"up":[{"embeddable":true,"href":"https:\/\/www.idphoto.app\/lexikon\/wp-json\/wp\/v2\/pages\/37"}],"wp:attachment":[{"href":"https:\/\/www.idphoto.app\/lexikon\/wp-json\/wp\/v2\/media?parent=595"}],"curies":[{"name":"wp","href":"https:\/\/api.w.org\/{rel}","templated":true}]}}