{"id":55,"date":"2009-09-10T14:39:49","date_gmt":"2009-09-10T12:39:49","guid":{"rendered":"http:\/\/www.idphoto.ch\/\/personalausweis\/wie-mache-ich-ein-biometrisches-passfoto\/"},"modified":"2017-01-15T17:01:46","modified_gmt":"2017-01-15T16:01:46","slug":"wie-mache-ich-ein-biometrisches-passfoto","status":"publish","type":"page","link":"https:\/\/www.idphoto.app\/lexikon\/reisepass\/wie-mache-ich-ein-biometrisches-passfoto\/","title":{"rendered":"Reisepass und Foto"},"content":{"rendered":"<h2>Sch\u00e4rfe &amp; Kontrast<\/h2>\n<p>Das Gesicht muss in allen Bereichen scharf abgebildet, kontrastreich und klar sein. Sie k\u00f6nnen Ihr Bild in den <a href=\"https:\/\/www.idphoto.ch\/upload\/\">Passfoto-Generator<\/a>\u00a0hochladen, um pr\u00fcfen zu lassen, ob die Aufl\u00f6sung ausreichend hoch ist. Zudem pr\u00fcfen wir falls gew\u00fcnscht bei den bestellten Passfotos, ob sie die biometrischen Anforderungen erf\u00fcllen.<\/p>\n<p><img loading=\"lazy\" class=\"img-responsive alignnone wp-image-1770 size-full\" src=\"https:\/\/www.idphoto.ch\/lexikon\/wp-content\/uploads\/2015\/09\/Sch\u00e4rfe-Kontrast.jpg\" alt=\"Sch\u00e4rfe &amp; Kontrast\" width=\"750\" height=\"200\" srcset=\"https:\/\/www.idphoto.app\/lexikon\/wp-content\/uploads\/2015\/09\/Sch\u00e4rfe-Kontrast.jpg 750w, https:\/\/www.idphoto.app\/lexikon\/wp-content\/uploads\/2015\/09\/Sch\u00e4rfe-Kontrast-250x67.jpg 250w, https:\/\/www.idphoto.app\/lexikon\/wp-content\/uploads\/2015\/09\/Sch\u00e4rfe-Kontrast-700x187.jpg 700w, https:\/\/www.idphoto.app\/lexikon\/wp-content\/uploads\/2015\/09\/Sch\u00e4rfe-Kontrast-120x32.jpg 120w\" sizes=\"(max-width: 750px) 100vw, 750px\" \/><\/p>\n<h2>Ausleuchtung<\/h2>\n<p>Das Gesicht muss gleichm\u00e4ssig ausgeleuchtet werden. Reflexionen oder Schatten im Gesicht sowie rote Augen sind zu vermeiden. Deshalb stehen Sie beim Erstellen des\u00a0Fotos am besten mit dem R\u00fccken an einer Wand, die gegen\u00fcber von einem Fenster liegt.<\/p>\n<p><img loading=\"lazy\" class=\"img-responsive alignnone wp-image-1778 size-full\" src=\"https:\/\/www.idphoto.ch\/lexikon\/wp-content\/uploads\/2012\/11\/Ausleuchtung.jpg\" alt=\"Ausleuchtung\" width=\"750\" height=\"200\" srcset=\"https:\/\/www.idphoto.app\/lexikon\/wp-content\/uploads\/2012\/11\/Ausleuchtung.jpg 750w, https:\/\/www.idphoto.app\/lexikon\/wp-content\/uploads\/2012\/11\/Ausleuchtung-250x67.jpg 250w, https:\/\/www.idphoto.app\/lexikon\/wp-content\/uploads\/2012\/11\/Ausleuchtung-700x187.jpg 700w, https:\/\/www.idphoto.app\/lexikon\/wp-content\/uploads\/2012\/11\/Ausleuchtung-120x32.jpg 120w\" sizes=\"(max-width: 750px) 100vw, 750px\" \/><\/p>\n<h2>Hintergrund<\/h2>\n<p>Der Hintergrund muss einfarbig hell sein (idealerweise neutral grau oder weiss) und einen Kontrast zum Gesicht und zu den Haaren aufweisen. Bei hellen Haaren eignet sich ein mittelgrauer Hintergrund, bei dunklen Haaren ein hellgrauer. Der Hintergrund darf kein Muster aufweisen.\u00a0 Auf dem Hintergrund d\u00fcrfen keine Schatten entstehen.<\/p>\n<p><img loading=\"lazy\" class=\"img-responsive alignnone wp-image-1776 size-full\" src=\"https:\/\/www.idphoto.ch\/lexikon\/wp-content\/uploads\/2012\/11\/HIntergrund.jpg\" alt=\"HIntergrund\" width=\"750\" height=\"200\" srcset=\"https:\/\/www.idphoto.app\/lexikon\/wp-content\/uploads\/2012\/11\/HIntergrund.jpg 750w, https:\/\/www.idphoto.app\/lexikon\/wp-content\/uploads\/2012\/11\/HIntergrund-250x67.jpg 250w, https:\/\/www.idphoto.app\/lexikon\/wp-content\/uploads\/2012\/11\/HIntergrund-700x187.jpg 700w, https:\/\/www.idphoto.app\/lexikon\/wp-content\/uploads\/2012\/11\/HIntergrund-120x32.jpg 120w\" sizes=\"(max-width: 750px) 100vw, 750px\" \/><\/p>\n<h2>Fotoqualit\u00e4t<\/h2>\n<p>Das Foto sollte (insbesondere bei der Aufnahme mit einer Digitalkamera, einem Smartphone oder Tablet) auf hochwertigem Papier mit einer Druckaufl\u00f6sung von mindestens 600 dpi erzeugt werden. Das Foto muss farbneutral sein und die Hautt\u00f6ne nat\u00fcrlich wiedergeben. Das Foto darf keine Knicke oder Verunreinigungen aufweisen. Das Foto kann in Schwarzweiss oder Farbe aufgenommen werden.<\/p>\n<p><img loading=\"lazy\" class=\"img-responsive alignnone wp-image-1775 size-full\" src=\"https:\/\/www.idphoto.ch\/lexikon\/wp-content\/uploads\/2012\/11\/Fotoqualit\u00e4t.jpg\" alt=\"Fotoqualit\u00e4t\" width=\"750\" height=\"200\" srcset=\"https:\/\/www.idphoto.app\/lexikon\/wp-content\/uploads\/2012\/11\/Fotoqualit\u00e4t.jpg 750w, https:\/\/www.idphoto.app\/lexikon\/wp-content\/uploads\/2012\/11\/Fotoqualit\u00e4t-250x67.jpg 250w, https:\/\/www.idphoto.app\/lexikon\/wp-content\/uploads\/2012\/11\/Fotoqualit\u00e4t-700x187.jpg 700w, https:\/\/www.idphoto.app\/lexikon\/wp-content\/uploads\/2012\/11\/Fotoqualit\u00e4t-120x32.jpg 120w\" sizes=\"(max-width: 750px) 100vw, 750px\" \/><\/p>\n<h2>Kopfpositionen &amp; Gesichtsausdruck<\/h2>\n<p>Eine Darstellung der Person mit geneigtem oder gedrehtem Kopf (z.B. Halbprofil) ist nicht zul\u00e4ssig. Die Person muss mit neutralem Gesichtsausdruck und geschlossenem Mund gerade in die Kamera blicken. Beide Gesichtsh\u00e4lften (als auch die Ohren) sollten gleichm\u00e4ssig zu sehen sein.<\/p>\n<p><img loading=\"lazy\" class=\"img-responsive alignnone wp-image-1777 size-full\" src=\"https:\/\/www.idphoto.ch\/lexikon\/wp-content\/uploads\/2012\/11\/Kopfposititon-Gesichtsausdruck.jpg\" alt=\"Kopfposititon &amp; Gesichtsausdruck\" width=\"750\" height=\"200\" srcset=\"https:\/\/www.idphoto.app\/lexikon\/wp-content\/uploads\/2012\/11\/Kopfposititon-Gesichtsausdruck.jpg 750w, https:\/\/www.idphoto.app\/lexikon\/wp-content\/uploads\/2012\/11\/Kopfposititon-Gesichtsausdruck-250x67.jpg 250w, https:\/\/www.idphoto.app\/lexikon\/wp-content\/uploads\/2012\/11\/Kopfposititon-Gesichtsausdruck-700x187.jpg 700w, https:\/\/www.idphoto.app\/lexikon\/wp-content\/uploads\/2012\/11\/Kopfposititon-Gesichtsausdruck-120x32.jpg 120w\" sizes=\"(max-width: 750px) 100vw, 750px\" \/><\/p>\n<h2>Augen &amp; Blickrichtung<\/h2>\n<p>Die Person muss auf dem Foto direkt in die Kamera blicken. Die Augen m\u00fcssen ge\u00f6ffnet und deutlich sichtbar sein und d\u00fcrfen nicht durch Haare oder Brillengestelle verdeckt werden.<\/p>\n<p><img loading=\"lazy\" class=\"img-responsive alignnone wp-image-1786 size-full\" src=\"https:\/\/www.idphoto.ch\/lexikon\/wp-content\/uploads\/2012\/11\/Augen-Blickrichtung.jpg\" alt=\"Augen &amp; Blickrichtung\" width=\"750\" height=\"200\" srcset=\"https:\/\/www.idphoto.app\/lexikon\/wp-content\/uploads\/2012\/11\/Augen-Blickrichtung.jpg 750w, https:\/\/www.idphoto.app\/lexikon\/wp-content\/uploads\/2012\/11\/Augen-Blickrichtung-250x67.jpg 250w, https:\/\/www.idphoto.app\/lexikon\/wp-content\/uploads\/2012\/11\/Augen-Blickrichtung-700x187.jpg 700w, https:\/\/www.idphoto.app\/lexikon\/wp-content\/uploads\/2012\/11\/Augen-Blickrichtung-120x32.jpg 120w\" sizes=\"(max-width: 750px) 100vw, 750px\" \/><\/p>\n<h2>Brillentr\u00e4ger<\/h2>\n<p>Die Augen m\u00fcssen klar und deutlich erkennbar sein (Reflexionen auf den Brillengl\u00e4sern, get\u00f6nte Gl\u00e4ser oder Sonnenbrillen sind nicht zul\u00e4ssig). Der Rand der Gl\u00e4ser oder das Gestell d\u00fcrfen nicht die Augen verdecken.<\/p>\n<p><img loading=\"lazy\" class=\"img-responsive alignnone wp-image-1787 size-full\" src=\"https:\/\/www.idphoto.ch\/lexikon\/wp-content\/uploads\/2012\/11\/Brillentr\u00e4ger.jpg\" alt=\"Brillentr\u00e4ger\" width=\"750\" height=\"200\" srcset=\"https:\/\/www.idphoto.app\/lexikon\/wp-content\/uploads\/2012\/11\/Brillentr\u00e4ger.jpg 750w, https:\/\/www.idphoto.app\/lexikon\/wp-content\/uploads\/2012\/11\/Brillentr\u00e4ger-250x67.jpg 250w, https:\/\/www.idphoto.app\/lexikon\/wp-content\/uploads\/2012\/11\/Brillentr\u00e4ger-700x187.jpg 700w, https:\/\/www.idphoto.app\/lexikon\/wp-content\/uploads\/2012\/11\/Brillentr\u00e4ger-120x32.jpg 120w\" sizes=\"(max-width: 750px) 100vw, 750px\" \/><\/p>\n<h2>Kopfbedeckung<\/h2>\n<p>Kopfbedeckungen sind grunds\u00e4tzlich nicht erlaubt. Ausnahmen sind insbesondere aus religi\u00f6sen Gr\u00fcnden zul\u00e4ssig. In diesem Fall gilt: Das Gesicht muss von der unteren Kinnkante bis zur Stirn erkennbar sein. Es d\u00fcrfen keine Schatten auf dem Gesicht entstehen.<\/p>\n<p><img loading=\"lazy\" class=\"img-responsive alignnone wp-image-1789 size-full\" src=\"https:\/\/www.idphoto.ch\/lexikon\/wp-content\/uploads\/2012\/11\/Kopfbedeckung.jpg\" alt=\"Kopfbedeckung\" width=\"750\" height=\"200\" srcset=\"https:\/\/www.idphoto.app\/lexikon\/wp-content\/uploads\/2012\/11\/Kopfbedeckung.jpg 750w, https:\/\/www.idphoto.app\/lexikon\/wp-content\/uploads\/2012\/11\/Kopfbedeckung-250x67.jpg 250w, https:\/\/www.idphoto.app\/lexikon\/wp-content\/uploads\/2012\/11\/Kopfbedeckung-700x187.jpg 700w, https:\/\/www.idphoto.app\/lexikon\/wp-content\/uploads\/2012\/11\/Kopfbedeckung-120x32.jpg 120w\" sizes=\"(max-width: 750px) 100vw, 750px\" \/><\/p>\n<h2>S\u00e4uglinge und Kleinkinder<\/h2>\n<p>Bei S\u00e4uglingen und Kleinkindern bis zum vollendeten 5. Lebensjahr sind Abweichungen in der Kopfhaltung (nicht von der Frontalaufnahme!), dem Blick in die Kamera, im Gesichtsausdruck und Kopfgr\u00f6sse zul\u00e4ssig.<\/p>\n<p><img loading=\"lazy\" class=\"img-responsive alignnone wp-image-1788 size-full\" src=\"https:\/\/www.idphoto.ch\/lexikon\/wp-content\/uploads\/2012\/11\/Kleinkinder.jpg\" alt=\"Kleinkinder\" width=\"750\" height=\"200\" srcset=\"https:\/\/www.idphoto.app\/lexikon\/wp-content\/uploads\/2012\/11\/Kleinkinder.jpg 750w, https:\/\/www.idphoto.app\/lexikon\/wp-content\/uploads\/2012\/11\/Kleinkinder-250x67.jpg 250w, https:\/\/www.idphoto.app\/lexikon\/wp-content\/uploads\/2012\/11\/Kleinkinder-700x187.jpg 700w, https:\/\/www.idphoto.app\/lexikon\/wp-content\/uploads\/2012\/11\/Kleinkinder-120x32.jpg 120w\" sizes=\"(max-width: 750px) 100vw, 750px\" \/><\/p>\n<h2>Gr\u00f6sse, Format und Ausrichtung<\/h2>\n<p>Das Format eines biometrischen Passfotos muss 35 mm \u00d7 45 mm betragen. Dabei sollte 64\u00a0&#8211;\u00a075% der H\u00f6he des Fotos mit dem Gesicht ausgef\u00fcllt sein, also zwischen\u00a029\u00a0&#8211; 34 mm. Bei Kindern bis zum vollendeten 11. Lebensjahr sind Abweichungen bei der Gesichtsh\u00f6he zul\u00e4ssig: Die Gesichtsh\u00f6he bei Kindern muss mindestens 50 % des Fotos einnehmen. Dies entspricht einer H\u00f6he von mindestens 23 mm von der Kinnspitze bis zum oberen Kopfende.<\/p>\n<p>Schliesslich muss das Gesicht in der Mitte des Fotos zentriert sein. Sie k\u00f6nnen Ihr Foto in unserem Passfoto-Generator auf das gew\u00fcnschte <a href=\"https:\/\/www.idphoto.ch\/upload\/passbild\" target=\"_blank\">Passfotoformat\u00a0zuschneiden<\/a> und Ihr Gesicht anhand einer Schablone ausrichten.<\/p>\n<p><a href=\"https:\/\/www.idphoto.ch\/lexikon\/wp-content\/uploads\/2012\/11\/Schablone.jpg\"><img loading=\"lazy\" class=\" wp-image-1761 alignnone\" src=\"https:\/\/www.idphoto.ch\/lexikon\/wp-content\/uploads\/2012\/11\/Schablone-250x188.jpg\" alt=\"Schablone\" width=\"299\" height=\"225\" srcset=\"https:\/\/www.idphoto.app\/lexikon\/wp-content\/uploads\/2012\/11\/Schablone-250x188.jpg 250w, https:\/\/www.idphoto.app\/lexikon\/wp-content\/uploads\/2012\/11\/Schablone-700x525.jpg 700w, https:\/\/www.idphoto.app\/lexikon\/wp-content\/uploads\/2012\/11\/Schablone-120x90.jpg 120w, https:\/\/www.idphoto.app\/lexikon\/wp-content\/uploads\/2012\/11\/Schablone.jpg 1030w\" sizes=\"(max-width: 299px) 100vw, 299px\" \/><\/a><\/p>\n<p style=\"text-align: right;\"><em>Quelle: Bundesamt f\u00fcr Polizei<\/em><\/p>\n<p><a class=\"btn btn-lg btn-warning\" title=\"Bild hochladen und zuschneiden!\" href=\"https:\/\/www.idphoto.ch\/upload\/passbild\">Bild hochladen und zuschneiden!<\/a><\/p>\n","protected":false},"excerpt":{"rendered":"Sch\u00e4rfe &amp; Kontrast Das Gesicht muss in allen Bereichen scharf abgebildet, kontrastreich und klar sein. Sie k\u00f6nnen Ihr Bild in den Passfoto-Generator\u00a0hochladen, um pr\u00fcfen zu lassen, ob die Aufl\u00f6sung ausreichend hoch ist. Zudem pr\u00fcfen wir falls gew\u00fcnscht bei den bestellten Passfotos, ob sie die biometrischen Anforderungen erf\u00fcllen. Ausleuchtung Das Gesicht muss gleichm\u00e4ssig ausgeleuchtet werden. Reflexionen&#8230; <a class=\"view-article\" href=\"https:\/\/www.idphoto.app\/lexikon\/reisepass\/wie-mache-ich-ein-biometrisches-passfoto\/\">Anzeigen<\/a>","protected":false},"author":1,"featured_media":0,"parent":37,"menu_order":0,"comment_status":"open","ping_status":"open","template":"","meta":[],"_links":{"self":[{"href":"https:\/\/www.idphoto.app\/lexikon\/wp-json\/wp\/v2\/pages\/55"}],"collection":[{"href":"https:\/\/www.idphoto.app\/lexikon\/wp-json\/wp\/v2\/pages"}],"about":[{"href":"https:\/\/www.idphoto.app\/lexikon\/wp-json\/wp\/v2\/types\/page"}],"author":[{"embeddable":true,"href":"https:\/\/www.idphoto.app\/lexikon\/wp-json\/wp\/v2\/users\/1"}],"replies":[{"embeddable":true,"href":"https:\/\/www.idphoto.app\/lexikon\/wp-json\/wp\/v2\/comments?post=55"}],"version-history":[{"count":6,"href":"https:\/\/www.idphoto.app\/lexikon\/wp-json\/wp\/v2\/pages\/55\/revisions"}],"predecessor-version":[{"id":2252,"href":"https:\/\/www.idphoto.app\/lexikon\/wp-json\/wp\/v2\/pages\/55\/revisions\/2252"}],"up":[{"embeddable":true,"href":"https:\/\/www.idphoto.app\/lexikon\/wp-json\/wp\/v2\/pages\/37"}],"wp:attachment":[{"href":"https:\/\/www.idphoto.app\/lexikon\/wp-json\/wp\/v2\/media?parent=55"}],"curies":[{"name":"wp","href":"https:\/\/api.w.org\/{rel}","templated":true}]}}