{"id":52,"date":"2009-09-10T14:36:15","date_gmt":"2009-09-10T12:36:15","guid":{"rendered":"http:\/\/www.idphoto.ch\/\/personalausweis\/personalausweis-kosten\/"},"modified":"2015-09-15T22:25:38","modified_gmt":"2015-09-15T20:25:38","slug":"identitaetskarte-kosten","status":"publish","type":"page","link":"https:\/\/www.idphoto.app\/lexikon\/identitaetskarte\/identitaetskarte-kosten\/","title":{"rendered":"Identit\u00e4ts&shy;karte Kosten"},"content":{"rendered":"<p>Die aktuelle Identit\u00e4tskarte (IDK) kostet f\u00fcr Kinder\/Jugendliche unter 18 Jahren 30 CHF, f\u00fcr Erwachsene sind es 65 CHF. Es gibt auch die M\u00f6glichkeit, die IDK mit dem Reisepass zu kombinieren (68 CHF \/ 148 CHF). Nat\u00fcrlich muss man die Portokosten, die beim Versand des jeweiligen Ausweises anfallen hinzu z\u00e4hlen.<\/p>\n<p>Weitere Informationen geben Dir die <a title=\"Kantonale Passstellen und Verfahren in den einzelnen Kantonen\" href=\"http:\/\/www.schweizerpass.admin.ch\/pass\/de\/home\/ausweise\/allgemeines\/passbueros.html\" target=\"_blank\">Kantonalen Passstellen<\/a>.<\/p>\n","protected":false},"excerpt":{"rendered":"Die aktuelle Identit\u00e4tskarte (IDK) kostet f\u00fcr Kinder\/Jugendliche unter 18 Jahren 30 CHF, f\u00fcr Erwachsene sind es 65 CHF. Es gibt auch die M\u00f6glichkeit, die IDK mit dem Reisepass zu kombinieren (68 CHF \/ 148 CHF). Nat\u00fcrlich muss man die Portokosten, die beim Versand des jeweiligen Ausweises anfallen hinzu z\u00e4hlen. Weitere Informationen geben Dir die Kantonalen&#8230; <a class=\"view-article\" href=\"https:\/\/www.idphoto.app\/lexikon\/identitaetskarte\/identitaetskarte-kosten\/\">Anzeigen<\/a>","protected":false},"author":1,"featured_media":0,"parent":33,"menu_order":0,"comment_status":"open","ping_status":"open","template":"","meta":[],"_links":{"self":[{"href":"https:\/\/www.idphoto.app\/lexikon\/wp-json\/wp\/v2\/pages\/52"}],"collection":[{"href":"https:\/\/www.idphoto.app\/lexikon\/wp-json\/wp\/v2\/pages"}],"about":[{"href":"https:\/\/www.idphoto.app\/lexikon\/wp-json\/wp\/v2\/types\/page"}],"author":[{"embeddable":true,"href":"https:\/\/www.idphoto.app\/lexikon\/wp-json\/wp\/v2\/users\/1"}],"replies":[{"embeddable":true,"href":"https:\/\/www.idphoto.app\/lexikon\/wp-json\/wp\/v2\/comments?post=52"}],"version-history":[{"count":3,"href":"https:\/\/www.idphoto.app\/lexikon\/wp-json\/wp\/v2\/pages\/52\/revisions"}],"predecessor-version":[{"id":1861,"href":"https:\/\/www.idphoto.app\/lexikon\/wp-json\/wp\/v2\/pages\/52\/revisions\/1861"}],"up":[{"embeddable":true,"href":"https:\/\/www.idphoto.app\/lexikon\/wp-json\/wp\/v2\/pages\/33"}],"wp:attachment":[{"href":"https:\/\/www.idphoto.app\/lexikon\/wp-json\/wp\/v2\/media?parent=52"}],"curies":[{"name":"wp","href":"https:\/\/api.w.org\/{rel}","templated":true}]}}