{"id":51,"date":"2009-09-10T14:35:42","date_gmt":"2009-09-10T12:35:42","guid":{"rendered":"http:\/\/www.idphoto.ch\/\/personalausweis\/personalausweis-verloren\/"},"modified":"2017-01-15T17:31:42","modified_gmt":"2017-01-15T16:31:42","slug":"identitaetskarte-verloren","status":"publish","type":"page","link":"https:\/\/www.idphoto.app\/lexikon\/identitaetskarte\/identitaetskarte-verloren\/","title":{"rendered":"Identit\u00e4ts&shy;karte verloren"},"content":{"rendered":"<p>Der Verlust einer Schweizer <a href=\"https:\/\/www.idphoto.ch\/lexikon\/identitaetskarte\/\">Identit\u00e4tskarte<\/a> (ID) oder deren Diebstahl muss sofort nach Feststellung bei der \u00f6rtlichen Polizei des Aufenthaltsortes angezeigt werden. Als verloren gilt eine Identit\u00e4tskarte durch jegliches Abhandenkommen , sei es durch Diebstahl, Verlieren oder vollst\u00e4ndige Zerst\u00f6rung. F\u00fcr die Beantragung eines Ersatzausweises oder provisorischen Passes (Not-Pass) im In- oder Ausland muss eine Verlustanzeige einer schweizerischen oder ausl\u00e4ndischen Polizeistelle vorliegen.<\/p>\n<p>Wenn die Schweizer Identit\u00e4tskarte (ID) w\u00e4hrend eines vor\u00fcbergehenden Aufenthaltes im Ausland abhanden gekommen und f\u00fcr die R\u00fcckreise in die Schweiz kein Ersatzausweis ausgestellt worden ist, muss der Verlust nach der R\u00fcckkehr in die Schweiz zus\u00e4tzlich einer schweizerischen Polizeistelle gemeldet werden. Auslandschweizer, die im Ausland einen Schweizer Ausweis verloren haben, m\u00fcssen den Verlust ebenfalls einer schweizerischen, diplomatischen oder konsularischen Vertretung melden.<\/p>\n<p>Der Verlust einer Schweizer Identit\u00e4tskarte hat deren Ung\u00fcltigkeit zur Folge. Ein aufgefundener Schweizer Ausweis darf deshalb nicht zur\u00fcckerstattet oder weiterverwendet werden. Die Ausweisnummern gestohlener oder verlorener Ausweise werden national und international zur Fahndung ausgeschrieben. Das Reisen mit einem wieder zum Vorschein gekommenen Schweizer\u00a0Ausweis kann deshalb \u00e4usserst unangenehme Folgen haben.<\/p>\n<p>Hier geht es zu den <a title=\"Identit\u00e4tskarte Kosten\" href=\"http:\/\/www.idphoto.ch\/lexikon\/identitaetskarte\/identitaetskarte-kosten\/\">Kosten einer neuen Identit\u00e4tskarte<\/a>.<\/p>\n","protected":false},"excerpt":{"rendered":"Der Verlust einer Schweizer Identit\u00e4tskarte (ID) oder deren Diebstahl muss sofort nach Feststellung bei der \u00f6rtlichen Polizei des Aufenthaltsortes angezeigt werden. Als verloren gilt eine Identit\u00e4tskarte durch jegliches Abhandenkommen , sei es durch Diebstahl, Verlieren oder vollst\u00e4ndige Zerst\u00f6rung. F\u00fcr die Beantragung eines Ersatzausweises oder provisorischen Passes (Not-Pass) im In- oder Ausland muss eine Verlustanzeige einer&#8230; <a class=\"view-article\" href=\"https:\/\/www.idphoto.app\/lexikon\/identitaetskarte\/identitaetskarte-verloren\/\">Anzeigen<\/a>","protected":false},"author":1,"featured_media":0,"parent":33,"menu_order":0,"comment_status":"open","ping_status":"open","template":"","meta":[],"_links":{"self":[{"href":"https:\/\/www.idphoto.app\/lexikon\/wp-json\/wp\/v2\/pages\/51"}],"collection":[{"href":"https:\/\/www.idphoto.app\/lexikon\/wp-json\/wp\/v2\/pages"}],"about":[{"href":"https:\/\/www.idphoto.app\/lexikon\/wp-json\/wp\/v2\/types\/page"}],"author":[{"embeddable":true,"href":"https:\/\/www.idphoto.app\/lexikon\/wp-json\/wp\/v2\/users\/1"}],"replies":[{"embeddable":true,"href":"https:\/\/www.idphoto.app\/lexikon\/wp-json\/wp\/v2\/comments?post=51"}],"version-history":[{"count":5,"href":"https:\/\/www.idphoto.app\/lexikon\/wp-json\/wp\/v2\/pages\/51\/revisions"}],"predecessor-version":[{"id":2254,"href":"https:\/\/www.idphoto.app\/lexikon\/wp-json\/wp\/v2\/pages\/51\/revisions\/2254"}],"up":[{"embeddable":true,"href":"https:\/\/www.idphoto.app\/lexikon\/wp-json\/wp\/v2\/pages\/33"}],"wp:attachment":[{"href":"https:\/\/www.idphoto.app\/lexikon\/wp-json\/wp\/v2\/media?parent=51"}],"curies":[{"name":"wp","href":"https:\/\/api.w.org\/{rel}","templated":true}]}}