{"id":50,"date":"2009-09-10T14:34:55","date_gmt":"2009-09-10T12:34:55","guid":{"rendered":"http:\/\/www.idphoto.ch\/\/personalausweis\/grose\/"},"modified":"2015-09-13T16:09:53","modified_gmt":"2015-09-13T14:09:53","slug":"groesse","status":"publish","type":"page","link":"https:\/\/www.idphoto.app\/lexikon\/passfoto\/groesse\/","title":{"rendered":"Gr\u00f6sse &#038; Format"},"content":{"rendered":"<nav class=\"chapter-toc\">\n<h2>Inhalt<\/h2>\n<ul>\n<li><a class=\"smooth\" href=\"#schweizer-passfotos\">Schweizer Passfotos und biometrische Passfotos<\/a><\/li>\n<li><a class=\"smooth\" href=\"#digitale-passbildgroesse\">Digitale Passbildgr\u00f6sse<\/a><\/li>\n<li><a class=\"smooth\" href=\"#biometrische-besonderheiten\">Biometrische Besonderheiten<\/a><\/li>\n<li><a class=\"smooth\" href=\"#masse-im-detail\">Die genauen Masse im Detail<\/a><\/li>\n<\/ul>\n<\/nav>\n<p>W\u00e4hrend Schweizer\u00a0Passbilder fr\u00fcher fast ausschliesslich f\u00fcr Schweizer Ausweisdokumente, wie <a href=\"https:\/\/www.idphoto.ch\/lexikon\/lexikon\/reisepass\/\">Reisepass<\/a>, <a href=\"https:\/\/www.idphoto.ch\/lexikon\/lexikon\/identitaetskarte\/\">Identit\u00e4tskarte<\/a> und <a href=\"https:\/\/www.idphoto.ch\/lexikon\/lexikon\/fuehrerausweis\/\">F\u00fchrerausweis<\/a>\u00a0ben\u00f6tigt wurden, haben sich die Verwendungszwecke heute stark vermehrt. Immer mehr Universit\u00e4ten drucken die Bilder ihrer Studenten auf Studentenausweise, in einigen L\u00e4ndern schm\u00fcckt ein Foto des Besitzers die\u00a0sog. Gesundheitskarte\u00a0und immer mehr Mitgliedsausweise bekommen ein Foto spendiert.<\/p>\n<h2 id=\"schweizer-passfotos\">Schweizer Passfotos und biometrische Passfotos<\/h2>\n<p><img loading=\"lazy\" class=\"alignright\" src=\"https:\/\/www.idphoto.ch\/images\/passfoto.png\" alt=\"Biometrisches Passbild mit Lineal\" width=\"222\" height=\"257\" \/><\/p>\n<p>Unterscheiden lassen sich neben herk\u00f6mmlichen Schweizer Passfotos die neuen biometrischen Passbilder. Sie haben, genau wie die &#8222;normalen&#8220; Vorg\u00e4nger <strong>eine Gr\u00f6sse von 35 mm \u00d7 45 mm (bzw. 3,5 cm \u00d7 4,5 cm)<\/strong> und keinen Rand.<\/p>\n<p>Fr\u00fcher wurde man f\u00fcr ein Passfoto meist im Halbprofil fotografiert. Da man f\u00fcr nahezu alle offiziellen Ausweisdokumente in der Schweiz\u00a0mittlerweile jedoch biometrische Passbilder ben\u00f6tigt, kommt man um eine Frontalaufnahme nicht mehr herum.<\/p>\n<h2 id=\"digitale-passbildgroesse\">Digitale Passbildgr\u00f6sse<\/h2>\n<p>Oft wird in diversen Foren nach der &#8222;digitalen Gr\u00f6sse&#8220; oder \u00e4hnlichen Begriffen gefragt. Hintergrund ist dabei, dass es keine Entsprechung der realen Gr\u00f6sse 35 mm \u00d7 45 mm in Pixeln o.\u00e4. gibt. Wenn man ein Bild in einer bestimmten Gr\u00f6sse ausdrucken m\u00f6chte, spielen die meisten Programme nicht mit. Hier spielt eine weitere Einheit, die DPI (dots per inch) eine wichtige Rolle. Der g\u00e4ngiger Wert f\u00fcr Web-Grafiken ist 72 dpi. F\u00fcr den Druck verwendet man meist 300 dpi.<\/p>\n<p>Hat man kein Grafikprogramm zur Hand, in dem man die Druckgr\u00f6sse in cm angeben kann, muss man leider ein wenig rechnen. Ein inch entspricht 2,54 cm. Ein Bild, welches bei 300 dpi in Originalgr\u00f6sse gedruckt werden soll, m\u00fcsste also eine Gr\u00f6sse von ca. 413 px \u00d7 532 px haben.<\/p>\n<p>Die Entsprechungen des\u00a0Schweizer Standard-Passbild-Formats von\u00a03,5 cm \u00d7 4,5 cm f\u00fcr einige DPI-Werte sind nachfolgend aufgef\u00fchrt:<\/p>\n<div class=\"table-responsive\">\n<table class=\"list\">\n<tbody>\n<tr>\n<th>DPI<\/th>\n<th>Breite in Pixeln<\/th>\n<th>H\u00f6he in Pixeln<\/th>\n<\/tr>\n<tr class=\"odge\">\n<td>72<\/td>\n<td>99 px<\/td>\n<td>128 px<\/td>\n<\/tr>\n<tr>\n<td>100<\/td>\n<td>138\u00a0px<\/td>\n<td>177\u00a0px<\/td>\n<\/tr>\n<tr class=\"odge\">\n<td>150<\/td>\n<td>207\u00a0px<\/td>\n<td>266\u00a0px<\/td>\n<\/tr>\n<tr>\n<td>300<\/td>\n<td>413\u00a0px<\/td>\n<td>532\u00a0px<\/td>\n<\/tr>\n<tr>\n<td>600<\/td>\n<td>826\u00a0px<\/td>\n<td>1064\u00a0px<\/td>\n<\/tr>\n<\/tbody>\n<\/table>\n<\/div>\n<h2 id=\"biometrische-besonderheiten\">Biometrische Besonderheiten<\/h2>\n<p>Normale Schweizer\u00a0Passbilder wurden bisher meist im sog. Halbprofil mit einem Teil des Oberk\u00f6rpers aufgenommen.<br \/>\nBiometrische Passbilder sind da anders. Bei ihnen sollte 64 &#8211; 75% der H\u00f6he des Fotos mit der Gesichtsh\u00f6he ausgef\u00fcllt sein, also zwischen 29 &#8211; 34 mm. Zudem muss das Gesicht in der Mitte des Passfotos zentriert sein. Mehr dazu finden Sie im Artikel <a title=\"Zum Artikel 'Wie mache ich ein biometrisches Passfoto?'\" href=\"https:\/\/www.idphoto.ch\/lexikon\/reisepass\/wie-mache-ich-ein-biometrisches-passfoto\/\">&#8222;Wie mache ich ein biometrisches Passfoto?&#8220;<\/a><\/p>\n<p>Sie k\u00f6nnen Ihr Foto in unserem <a title=\"Passbild-Generator\" href=\"http:\/\/www.idphoto.ch\/upload\/\">Passfoto-Generator<\/a> auf das gew\u00fcnschte Format zuschneiden und Ihr Gesicht anhand einer Schablone ausrichten.<\/p>\n<p><a class=\"center blocksize\" href=\"https:\/\/www.idphoto.ch\/upload\/passbild\"><img loading=\"lazy\" width=\"593\" height=\"447\" class=\"size-full wp-image-1504 img-responsive aligncenter\" src=\"https:\/\/www.idphoto.ch\/lexikon\/wp-content\/uploads\/2009\/09\/passfoto-generator-ch.png\" alt=\"Passfoto-Generator\" srcset=\"https:\/\/www.idphoto.app\/lexikon\/wp-content\/uploads\/2009\/09\/passfoto-generator-ch.png 593w, https:\/\/www.idphoto.app\/lexikon\/wp-content\/uploads\/2009\/09\/passfoto-generator-ch-250x188.png 250w, https:\/\/www.idphoto.app\/lexikon\/wp-content\/uploads\/2009\/09\/passfoto-generator-ch-120x90.png 120w\" sizes=\"(max-width: 593px) 100vw, 593px\" \/><\/a><\/p>\n<p style=\"text-align: center;\"><a class=\"btn btn-md btn-warning\" title=\"Jetzt ein Passbild erstellen\" href=\"https:\/\/www.idphoto.ch\/upload\/passbild\">Jetzt ein Passbild erstellen \u00bb<\/a><\/p>\n<h2 id=\"masse-im-detail\">Die genauen Masse\u00a0im Detail<\/h2>\n<p>Wie das Gesicht bzw. der Kopf auf dem Foto auszurichten ist, bestimmt die biometrische <a href=\"https:\/\/www.idphoto.ch\/lexikon\/lexikon\/passfoto\/biometrische-schablone\/\">Passbild-Schablone<\/a>. Am einfachsten lassen sich zuk\u00fcnftige Passbilder \u00fcber den oben verlinkten Passfoto-Generator anpassen. Die Masse im Detail fassen wir nun nachfolgend noch einmal kurz zusammen.<\/p>\n<p>Die L\u00e4nge des Passfotos betr\u00e4gt 45 mm. Die Breite 35 mm.<\/p>\n<p>Oberhalb des Kopfes soll ein Bereich von 5 mm frei bleiben. Das frontal fotografierte Gesicht wird mittig zentriert auf dem Passfoto ausgerichtet. Es soll dabei zwischen 29 mm und 34 mm hoch sein.<\/p>\n","protected":false},"excerpt":{"rendered":"Inhalt Schweizer Passfotos und biometrische Passfotos Digitale Passbildgr\u00f6sse Biometrische Besonderheiten Die genauen Masse im Detail W\u00e4hrend Schweizer\u00a0Passbilder fr\u00fcher fast ausschliesslich f\u00fcr Schweizer Ausweisdokumente, wie Reisepass, Identit\u00e4tskarte und F\u00fchrerausweis\u00a0ben\u00f6tigt wurden, haben sich die Verwendungszwecke heute stark vermehrt. Immer mehr Universit\u00e4ten drucken die Bilder ihrer Studenten auf Studentenausweise, in einigen L\u00e4ndern schm\u00fcckt ein Foto des Besitzers die\u00a0sog&#8230;. <a class=\"view-article\" href=\"https:\/\/www.idphoto.app\/lexikon\/passfoto\/groesse\/\">Anzeigen<\/a>","protected":false},"author":1,"featured_media":0,"parent":142,"menu_order":0,"comment_status":"open","ping_status":"open","template":"","meta":[],"_links":{"self":[{"href":"https:\/\/www.idphoto.app\/lexikon\/wp-json\/wp\/v2\/pages\/50"}],"collection":[{"href":"https:\/\/www.idphoto.app\/lexikon\/wp-json\/wp\/v2\/pages"}],"about":[{"href":"https:\/\/www.idphoto.app\/lexikon\/wp-json\/wp\/v2\/types\/page"}],"author":[{"embeddable":true,"href":"https:\/\/www.idphoto.app\/lexikon\/wp-json\/wp\/v2\/users\/1"}],"replies":[{"embeddable":true,"href":"https:\/\/www.idphoto.app\/lexikon\/wp-json\/wp\/v2\/comments?post=50"}],"version-history":[{"count":30,"href":"https:\/\/www.idphoto.app\/lexikon\/wp-json\/wp\/v2\/pages\/50\/revisions"}],"predecessor-version":[{"id":2247,"href":"https:\/\/www.idphoto.app\/lexikon\/wp-json\/wp\/v2\/pages\/50\/revisions\/2247"}],"up":[{"embeddable":true,"href":"https:\/\/www.idphoto.app\/lexikon\/wp-json\/wp\/v2\/pages\/142"}],"wp:attachment":[{"href":"https:\/\/www.idphoto.app\/lexikon\/wp-json\/wp\/v2\/media?parent=50"}],"curies":[{"name":"wp","href":"https:\/\/api.w.org\/{rel}","templated":true}]}}