{"id":37,"date":"2009-09-09T20:23:08","date_gmt":"2009-09-09T18:23:08","guid":{"rendered":"http:\/\/www.idphoto.ch\/\/?page_id=37"},"modified":"2015-11-03T10:58:58","modified_gmt":"2015-11-03T09:58:58","slug":"reisepass","status":"publish","type":"page","link":"https:\/\/www.idphoto.app\/lexikon\/reisepass\/","title":{"rendered":"Reisepass"},"content":{"rendered":"<p>Seit dem 1. M\u00e4rz 2010 ist der neue Pass 10 erh\u00e4ltlich. Dieser ist mit einem Chip versehen, auf dem die Fingerabdr\u00fccke und ein\u00a0Gesichtsbild (Passbild) gespeichert sind. Mit diesen Daten wird die Sicherheit von Reisedokumenten erh\u00f6ht und deren missbr\u00e4uchliche Verwendung erschwert. Bestellt werden kann der neue Pass 10 \u00fcber ein <a title=\"Antragsverfahren Pass 10\" href=\"https:\/\/www.ch-edoc-passantrag.admin.ch\/antrag\/antrag_start.action\" target=\"_blank\">Online-Bestell-Formular<\/a> oder bei der Passstelle des Wohnsitzkantons, per Telefon oder je nach Kanton auch direkt vor Ort.<\/p>\n<p>&nbsp;<\/p>\n<p><img loading=\"lazy\" class=\"img-responsive alignleft wp-image-1848 size-full\" src=\"https:\/\/www.idphoto.ch\/lexikon\/wp-content\/uploads\/2009\/09\/Reisepass-Schweiz-Pass-10.jpg\" alt=\"Reisepass (Schweiz) - Pass 10\" width=\"430\" height=\"200\" srcset=\"https:\/\/www.idphoto.app\/lexikon\/wp-content\/uploads\/2009\/09\/Reisepass-Schweiz-Pass-10.jpg 430w, https:\/\/www.idphoto.app\/lexikon\/wp-content\/uploads\/2009\/09\/Reisepass-Schweiz-Pass-10-250x116.jpg 250w, https:\/\/www.idphoto.app\/lexikon\/wp-content\/uploads\/2009\/09\/Reisepass-Schweiz-Pass-10-120x56.jpg 120w\" sizes=\"(max-width: 430px) 100vw, 430px\" \/><\/p>\n","protected":false},"excerpt":{"rendered":"Seit dem 1. M\u00e4rz 2010 ist der neue Pass 10 erh\u00e4ltlich. Dieser ist mit einem Chip versehen, auf dem die Fingerabdr\u00fccke und ein\u00a0Gesichtsbild (Passbild) gespeichert sind. Mit diesen Daten wird die Sicherheit von Reisedokumenten erh\u00f6ht und deren missbr\u00e4uchliche Verwendung erschwert. Bestellt werden kann der neue Pass 10 \u00fcber ein Online-Bestell-Formular oder bei der Passstelle des&#8230; <a class=\"view-article\" href=\"https:\/\/www.idphoto.app\/lexikon\/reisepass\/\">Anzeigen<\/a>","protected":false},"author":1,"featured_media":0,"parent":0,"menu_order":-98,"comment_status":"open","ping_status":"closed","template":"lexikonkategorie_template.php","meta":[],"_links":{"self":[{"href":"https:\/\/www.idphoto.app\/lexikon\/wp-json\/wp\/v2\/pages\/37"}],"collection":[{"href":"https:\/\/www.idphoto.app\/lexikon\/wp-json\/wp\/v2\/pages"}],"about":[{"href":"https:\/\/www.idphoto.app\/lexikon\/wp-json\/wp\/v2\/types\/page"}],"author":[{"embeddable":true,"href":"https:\/\/www.idphoto.app\/lexikon\/wp-json\/wp\/v2\/users\/1"}],"replies":[{"embeddable":true,"href":"https:\/\/www.idphoto.app\/lexikon\/wp-json\/wp\/v2\/comments?post=37"}],"version-history":[{"count":4,"href":"https:\/\/www.idphoto.app\/lexikon\/wp-json\/wp\/v2\/pages\/37\/revisions"}],"predecessor-version":[{"id":1850,"href":"https:\/\/www.idphoto.app\/lexikon\/wp-json\/wp\/v2\/pages\/37\/revisions\/1850"}],"wp:attachment":[{"href":"https:\/\/www.idphoto.app\/lexikon\/wp-json\/wp\/v2\/media?parent=37"}],"curies":[{"name":"wp","href":"https:\/\/api.w.org\/{rel}","templated":true}]}}