{"id":33,"date":"2009-09-09T20:00:35","date_gmt":"2009-09-09T18:00:35","guid":{"rendered":"http:\/\/www.idphoto.ch\/\/?page_id=33"},"modified":"2015-11-03T10:59:08","modified_gmt":"2015-11-03T09:59:08","slug":"identitaetskarte","status":"publish","type":"page","link":"https:\/\/www.idphoto.app\/lexikon\/identitaetskarte\/","title":{"rendered":"Identit\u00e4tskarte"},"content":{"rendered":"<p><img class=\"alignleft\" title=\"Ein Muster der Identit\u00e4tskarte (IDK).\" src=\"https:\/\/www.idphoto.ch\/lexikon\/wp-content\/uploads\/2010\/04\/images-e1271508237582.jpg\" alt=\"Identit\u00e4tskarte (IDK)\" \/><br \/>\nDie Identit\u00e4tskarte (IDK) in Kreditkartenform wurde ab 1. Juli 1994 zun\u00e4chst in einer Pilotphase und dann am 1. Januar 1995 definitiv eingef\u00fchrt. 2003 wurde sie leicht \u00fcberarbeitet. Das so genannte Kinegramm ist nun im Kartenk\u00f6rper integriert und damit besser gesch\u00fctzt. Anstelle der Augenfarbe ist heute das Geschlecht vermerkt und anstelle von \u00abSchweizer B\u00fcrgerin\u00bb oder \u00abSchweizer B\u00fcrger\u00bb steht lediglich die Nationalit\u00e4t \u00abSchweiz\u00bb.<\/p>\n<p>Die IDK enth\u00e4lt eine maschinenlesbare Zone (MRZ). Diese ist unten auf der R\u00fcckseite positioniert. Das Bild ist mit einem Laser eingebrannt.\u00a0Alle Informationen rund um die\u00a0Identit\u00e4tskarte finden Sie hier bei uns im idphoto Lexikon.<\/p>\n","protected":false},"excerpt":{"rendered":"Die Identit\u00e4tskarte (IDK) in Kreditkartenform wurde ab 1. Juli 1994 zun\u00e4chst in einer Pilotphase und dann am 1. Januar 1995 definitiv eingef\u00fchrt. 2003 wurde sie leicht \u00fcberarbeitet. Das so genannte Kinegramm ist nun im Kartenk\u00f6rper integriert und damit besser gesch\u00fctzt. Anstelle der Augenfarbe ist heute das Geschlecht vermerkt und anstelle von \u00abSchweizer B\u00fcrgerin\u00bb oder \u00abSchweizer&#8230; <a class=\"view-article\" href=\"https:\/\/www.idphoto.app\/lexikon\/identitaetskarte\/\">Anzeigen<\/a>","protected":false},"author":1,"featured_media":0,"parent":0,"menu_order":-97,"comment_status":"open","ping_status":"closed","template":"lexikonkategorie_template.php","meta":[],"_links":{"self":[{"href":"https:\/\/www.idphoto.app\/lexikon\/wp-json\/wp\/v2\/pages\/33"}],"collection":[{"href":"https:\/\/www.idphoto.app\/lexikon\/wp-json\/wp\/v2\/pages"}],"about":[{"href":"https:\/\/www.idphoto.app\/lexikon\/wp-json\/wp\/v2\/types\/page"}],"author":[{"embeddable":true,"href":"https:\/\/www.idphoto.app\/lexikon\/wp-json\/wp\/v2\/users\/1"}],"replies":[{"embeddable":true,"href":"https:\/\/www.idphoto.app\/lexikon\/wp-json\/wp\/v2\/comments?post=33"}],"version-history":[{"count":9,"href":"https:\/\/www.idphoto.app\/lexikon\/wp-json\/wp\/v2\/pages\/33\/revisions"}],"predecessor-version":[{"id":1863,"href":"https:\/\/www.idphoto.app\/lexikon\/wp-json\/wp\/v2\/pages\/33\/revisions\/1863"}],"wp:attachment":[{"href":"https:\/\/www.idphoto.app\/lexikon\/wp-json\/wp\/v2\/media?parent=33"}],"curies":[{"name":"wp","href":"https:\/\/api.w.org\/{rel}","templated":true}]}}