{"id":310,"date":"2009-10-18T23:40:59","date_gmt":"2009-10-18T21:40:59","guid":{"rendered":"http:\/\/www.idphoto.ch\/?page_id=310"},"modified":"2017-01-15T16:53:38","modified_gmt":"2017-01-15T15:53:38","slug":"wie-mache-ich-selber-ein-passbild-kurzanleitung","status":"publish","type":"page","link":"https:\/\/www.idphoto.app\/lexikon\/passfoto\/wie-mache-ich-selber-ein-passbild-kurzanleitung\/","title":{"rendered":"Passbild Foto (Kurzanleitung)"},"content":{"rendered":"<h2>Hintergrund<\/h2>\n<p>Zu allererst brauchen\u00a0Sie eine <strong>gleichm\u00e4ssige helle Fl\u00e4che<\/strong>, vor der Sie sich\u00a0selbst fotografieren oder fotografieren lassen k\u00f6nnen . Perfekt w\u00e4r eine weisse Wand, an der keine Bilder h\u00e4ngen und vor der keine\u00a0Gegenst\u00e4nde\u00a0stehen. Zur Not k\u00f6nnen\u00a0Sie\u00a0ein helles Bettlaken\u00a0in einen T\u00fcrrahmen h\u00e4ngen.<\/p>\n<h2>Foto Ausschnitt<\/h2>\n<p>Anschliessend\u00a0lassen\u00a0Sie sich am besten von jemandem <strong>aus einiger Entfernung fotografieren<\/strong>. Der Ausschnitt sollte nicht zu klein und nah sein. Optimalerweise mit Oberk\u00f6rper und etwas &#8222;Luft&#8220; \u00fcber dem Kopf. Versuchen Sie nicht das Ausgangsfoto bereits\u00a0wie ein Passbild aussehen zu lassen &#8211; nehmen Sie sich\u00a0Zeit.<\/p>\n<h2>Biometrisches Passbild?<\/h2>\n<p>Je nach dem, wof\u00fcr Sie\u00a0das Passbild ben\u00f6tigen, gilt es jetzt nat\u00fcrlich, die <a href=\"http:\/\/www.idphoto.ch\/lexikon\/reisepass\/wie-mache-ich-ein-biometrisches-passfoto\/\">Richtlinien f\u00fcr ein biometrisches Passbild<\/a> zu beachten.<br \/>\nWenn Sie\u00a0Probleme mit vorhandenen\u00a0Schatten haben, entfernen Sie sich\u00a0ein wenig vom Hintergrund\u00a0resp. der Wand. Bei ca. 40 cm Entfernung zum Hintergrund sollten weniger Schatten zu sehen sein. Wenn das nicht hilft, schalten Sie den Blitz ganz aus, oder ver\u00e4ndern Sie die Lichtverh\u00e4ltnisse im Raum anderweitig.<\/p>\n<h2>Passfoto-Generator benutzen<\/h2>\n<p>Wenn Sie\u00a0zufrieden mit Ihrem\u00a0Bild\u00a0sind, k\u00f6nnen Sie\u00a0es in unserem <strong><a title=\"Passfoto-Generator\" href=\"http:\/\/www.idphoto.ch\/upload\/\">Passfoto-Generator<\/a><\/strong> hochladen und auf die Schablone anpassen. Achten Sie darauf die Augen horizontal zur Kamera auszurichten.<\/p>\n<div style=\"float: left; margin: 0px 0.5em; width: 47%;\">\n<h2>per Download<\/h2>\n<p>Zum Schluss k\u00f6nnen\u00a0Sie Ihr\u00a0<strong>Passbild kostenlos herunterladen<\/strong>. Wenn Sie es selber\u00a0ausdrucken wollen, sollten\u00a0Sie sich\u00a0<a href=\"http:\/\/www.idphoto.ch\/lexikon\/passbild\/passfoto-selber-ausdrucken\/\">diese Anleitung<\/a> durchlesen.<\/p>\n<\/div>\n<div style=\"float: left; margin: 0px 0.5em; width: 47%;\">\n<h2>per Post<\/h2>\n<p>Oder Sie\u00a0bestellen ganz unkompliziert <strong>6 Passbilder f\u00fcr CHF\u00a014.90<sup>1<\/sup> inkl. Versand<\/strong>.<\/p>\n<\/div>\n","protected":false},"excerpt":{"rendered":"Hintergrund Zu allererst brauchen\u00a0Sie eine gleichm\u00e4ssige helle Fl\u00e4che, vor der Sie sich\u00a0selbst fotografieren oder fotografieren lassen k\u00f6nnen . Perfekt w\u00e4r eine weisse Wand, an der keine Bilder h\u00e4ngen und vor der keine\u00a0Gegenst\u00e4nde\u00a0stehen. Zur Not k\u00f6nnen\u00a0Sie\u00a0ein helles Bettlaken\u00a0in einen T\u00fcrrahmen h\u00e4ngen. Foto Ausschnitt Anschliessend\u00a0lassen\u00a0Sie sich am besten von jemandem aus einiger Entfernung fotografieren. Der Ausschnitt sollte&#8230; <a class=\"view-article\" href=\"https:\/\/www.idphoto.app\/lexikon\/passfoto\/wie-mache-ich-selber-ein-passbild-kurzanleitung\/\">Anzeigen<\/a>","protected":false},"author":1,"featured_media":0,"parent":142,"menu_order":0,"comment_status":"open","ping_status":"open","template":"","meta":[],"_links":{"self":[{"href":"https:\/\/www.idphoto.app\/lexikon\/wp-json\/wp\/v2\/pages\/310"}],"collection":[{"href":"https:\/\/www.idphoto.app\/lexikon\/wp-json\/wp\/v2\/pages"}],"about":[{"href":"https:\/\/www.idphoto.app\/lexikon\/wp-json\/wp\/v2\/types\/page"}],"author":[{"embeddable":true,"href":"https:\/\/www.idphoto.app\/lexikon\/wp-json\/wp\/v2\/users\/1"}],"replies":[{"embeddable":true,"href":"https:\/\/www.idphoto.app\/lexikon\/wp-json\/wp\/v2\/comments?post=310"}],"version-history":[{"count":6,"href":"https:\/\/www.idphoto.app\/lexikon\/wp-json\/wp\/v2\/pages\/310\/revisions"}],"predecessor-version":[{"id":2248,"href":"https:\/\/www.idphoto.app\/lexikon\/wp-json\/wp\/v2\/pages\/310\/revisions\/2248"}],"up":[{"embeddable":true,"href":"https:\/\/www.idphoto.app\/lexikon\/wp-json\/wp\/v2\/pages\/142"}],"wp:attachment":[{"href":"https:\/\/www.idphoto.app\/lexikon\/wp-json\/wp\/v2\/media?parent=310"}],"curies":[{"name":"wp","href":"https:\/\/api.w.org\/{rel}","templated":true}]}}