{"id":289,"date":"2009-10-15T23:09:19","date_gmt":"2009-10-15T21:09:19","guid":{"rendered":"http:\/\/www.idphoto.ch\/?page_id=289"},"modified":"2017-01-15T17:41:01","modified_gmt":"2017-01-15T16:41:01","slug":"bewerbungsfotos","status":"publish","type":"page","link":"https:\/\/www.idphoto.app\/lexikon\/bewerbung\/bewerbungsfotos\/","title":{"rendered":"Bewerbungs&shy;fotos"},"content":{"rendered":"<h2>Format<\/h2>\n<p>Ein Bewerbungsfoto wird im Normalfall im Format 60 mm \u00d7\u00a045 mm erstellt, ist also etwas gr\u00f6sser als ein normales Passfoto. Das Bewerbungsfoto sollte ein Portrait-Foto sein, also nur Ihr\u00a0Kopf, die Schultern und eventuell noch einen Teil der Brust zeigen. Sie\u00a0haben die M\u00f6glichkeit sich\u00a0durch ein gutes Bewerbungsfoto entscheidend in Szene zu setzen und zu pr\u00e4sentieren\u00a0\u2013 der erste Eindruck z\u00e4hlt!<\/p>\n<h2>Blick und Kopfhaltung<\/h2>\n<p>Ein direkter Blick und ein freundliches, nat\u00fcrliches L\u00e4cheln machen Sie\u00a0sympathisch und authentisch. Der Kopf sollte auf dem Bewerbungsfoto mittig zentriert sein. Man kann das Bild auch leicht von der Seite aufnehmen. Eine leicht schr\u00e4ge Kopfhaltung ist auch m\u00f6glich. Aber bitte nicht \u00fcbertreiben. Hierf\u00fcr nutzen Sie am besten die eigens angepasste Schablone unseres\u00a0<a title=\"Passbild-Generator\" href=\"https:\/\/www.idphoto.ch\/upload\/bewerbungsfoto\">Bewerbungsfoto-Generators<\/a>.<\/p>\n<h2>Kleidung &amp; Frisur<\/h2>\n<p>Handelt es sich eher um ein konservatives Unternehmen oder sind die Kleidungsvorschriften eher liberal? Wenn Sie\u00a0sich bspw.\u00a0auf einen Streetworker Job bewerben, w\u00e4re ein Anzug wohl etwas zu hochtrabend. Je nach Branche gibt es ganz unterschiedliche M\u00f6glichkeiten. Mit gedeckten und eher dunkleren Farben &#8211; bei Frauen Bluse und Blazer, bei M\u00e4nnern Hemd, Krawatte und Jackett &#8211; sind Bewerber aber wohl bei den meisten Jobs auf der richtigen Seite. Grelle Farben und Muster sollten besser vermieden werden. Bei der Kleidung ist Fingerspitzengef\u00fchl gefragt, aber als Faustregel gilt. &#8222;Besser zu schick anziehen als andersherum&#8220;. Die Haare sollten definitiv ordentlich aussehen. Machen Sie das Bild also am besten ein paar Tage nachdem Coiffeur-Besuch\u00a0und lassen Sie\u00a0sich die n\u00f6tige Zeit. Zudem k\u00f6nnen Sie, dank digitaler Technik, viele Bilder aufnehmen und wirklich nur das Beste ausw\u00e4hlen.<\/p>\n<h2>Ort des Fotos<\/h2>\n<p>Wichtig ist, dass Sie\u00a0einen neutralen Hintergrund f\u00fcr Ihr\u00a0Foto w\u00e4hlen, der einen starken Kontrast zu Ihrer\u00a0Kleidung bildet. Eine\u00a0weisse Wand bietet sich im Normalfall an. W\u00e4hlen\u00a0Sie eine <a href=\"https:\/\/www.idphoto.ch\/lexikon\/fotoautomat\/\">Fotoautomat-Kabine<\/a>, sind die M\u00f6glichkeiten mehr als\u00a0beschr\u00e4nkt. Falls Sie sich\u00a0f\u00fcr einen Job an der frischen Luft bewerben m\u00f6chten z.B. als G\u00e4rtner, k\u00f6nnen\u00a0Sie auch ein Foto im Freien machen lassen. Zu experimentierfreudig sollte man jedoch nicht sein. Die f\u00fcr das Einstellungsverfahren verantwortliche Personen (bspw. gr\u00f6sserer Unternehmen) haben meist schon hunderte von Bildern gesehen oder\u00a0Raster entwickelt, durch welche\u00a0Ihr\u00a0Bewerbungsfoto schnell durchfallen k\u00f6nnte.<\/p>\n<p><strong>Wir w\u00fcnschen Ihnen viel Erfolg!<\/strong><\/p>\n","protected":false},"excerpt":{"rendered":"Format Ein Bewerbungsfoto wird im Normalfall im Format 60 mm \u00d7\u00a045 mm erstellt, ist also etwas gr\u00f6sser als ein normales Passfoto. Das Bewerbungsfoto sollte ein Portrait-Foto sein, also nur Ihr\u00a0Kopf, die Schultern und eventuell noch einen Teil der Brust zeigen. Sie\u00a0haben die M\u00f6glichkeit sich\u00a0durch ein gutes Bewerbungsfoto entscheidend in Szene zu setzen und zu pr\u00e4sentieren\u00a0\u2013&#8230; <a class=\"view-article\" href=\"https:\/\/www.idphoto.app\/lexikon\/bewerbung\/bewerbungsfotos\/\">Anzeigen<\/a>","protected":false},"author":1,"featured_media":0,"parent":285,"menu_order":0,"comment_status":"open","ping_status":"open","template":"","meta":[],"_links":{"self":[{"href":"https:\/\/www.idphoto.app\/lexikon\/wp-json\/wp\/v2\/pages\/289"}],"collection":[{"href":"https:\/\/www.idphoto.app\/lexikon\/wp-json\/wp\/v2\/pages"}],"about":[{"href":"https:\/\/www.idphoto.app\/lexikon\/wp-json\/wp\/v2\/types\/page"}],"author":[{"embeddable":true,"href":"https:\/\/www.idphoto.app\/lexikon\/wp-json\/wp\/v2\/users\/1"}],"replies":[{"embeddable":true,"href":"https:\/\/www.idphoto.app\/lexikon\/wp-json\/wp\/v2\/comments?post=289"}],"version-history":[{"count":12,"href":"https:\/\/www.idphoto.app\/lexikon\/wp-json\/wp\/v2\/pages\/289\/revisions"}],"predecessor-version":[{"id":2257,"href":"https:\/\/www.idphoto.app\/lexikon\/wp-json\/wp\/v2\/pages\/289\/revisions\/2257"}],"up":[{"embeddable":true,"href":"https:\/\/www.idphoto.app\/lexikon\/wp-json\/wp\/v2\/pages\/285"}],"wp:attachment":[{"href":"https:\/\/www.idphoto.app\/lexikon\/wp-json\/wp\/v2\/media?parent=289"}],"curies":[{"name":"wp","href":"https:\/\/api.w.org\/{rel}","templated":true}]}}