{"id":285,"date":"2009-10-15T23:08:05","date_gmt":"2009-10-15T21:08:05","guid":{"rendered":"http:\/\/www.idphoto.ch\/?page_id=285"},"modified":"2015-11-03T10:59:22","modified_gmt":"2015-11-03T09:59:22","slug":"bewerbung","status":"publish","type":"page","link":"https:\/\/www.idphoto.app\/lexikon\/bewerbung\/","title":{"rendered":"Bewerbung"},"content":{"rendered":"<p>Eine Bewerbung mit allem was dazu geh\u00f6rt zu erstellen, f\u00e4llt sicherlich nicht jedem leicht. Entscheidend nebst Kompetenzen und Qualifikationen ist zudem der erste Eindruck, denn der z\u00e4hlt bekanntlich. Wer vorhaben sollte sein Bewerbungsschreiben mit einem Konterfei\u00a0zu schm\u00fccken, der hat auf ein paar wesentliche Details zu achten. Selbstverst\u00e4ndlich ist es entscheidend, bei welcher Art Unternehmen man sich bewerben m\u00f6chte. Nicht immer ist es vorteilhaft einen Anzug und eine Krawatte zu tragen \u2013 ein gepflegtes Erscheinungsbild\u00a0hingegen schon.<\/p>\n<p>Schlussendlich ist es jedem selbst\u00a0\u00fcberlassen, was er anzieht. Das Foto sollte dennoch folgenden Kriterien erf\u00fcllen, die wir auf der <a href=\"https:\/\/www.idphoto.ch\/lexikon\/lexikon\/bewerbung\/bewerbungsfotos\/\">nachfolgenden Seite<\/a> zusammengestellt haben.<\/p>\n<p>&nbsp;<\/p>\n","protected":false},"excerpt":{"rendered":"Eine Bewerbung mit allem was dazu geh\u00f6rt zu erstellen, f\u00e4llt sicherlich nicht jedem leicht. Entscheidend nebst Kompetenzen und Qualifikationen ist zudem der erste Eindruck, denn der z\u00e4hlt bekanntlich. Wer vorhaben sollte sein Bewerbungsschreiben mit einem Konterfei\u00a0zu schm\u00fccken, der hat auf ein paar wesentliche Details zu achten. Selbstverst\u00e4ndlich ist es entscheidend, bei welcher Art Unternehmen man&#8230; <a class=\"view-article\" href=\"https:\/\/www.idphoto.app\/lexikon\/bewerbung\/\">Anzeigen<\/a>","protected":false},"author":1,"featured_media":0,"parent":0,"menu_order":0,"comment_status":"open","ping_status":"closed","template":"lexikonkategorie_template.php","meta":[],"_links":{"self":[{"href":"https:\/\/www.idphoto.app\/lexikon\/wp-json\/wp\/v2\/pages\/285"}],"collection":[{"href":"https:\/\/www.idphoto.app\/lexikon\/wp-json\/wp\/v2\/pages"}],"about":[{"href":"https:\/\/www.idphoto.app\/lexikon\/wp-json\/wp\/v2\/types\/page"}],"author":[{"embeddable":true,"href":"https:\/\/www.idphoto.app\/lexikon\/wp-json\/wp\/v2\/users\/1"}],"replies":[{"embeddable":true,"href":"https:\/\/www.idphoto.app\/lexikon\/wp-json\/wp\/v2\/comments?post=285"}],"version-history":[{"count":3,"href":"https:\/\/www.idphoto.app\/lexikon\/wp-json\/wp\/v2\/pages\/285\/revisions"}],"predecessor-version":[{"id":1872,"href":"https:\/\/www.idphoto.app\/lexikon\/wp-json\/wp\/v2\/pages\/285\/revisions\/1872"}],"wp:attachment":[{"href":"https:\/\/www.idphoto.app\/lexikon\/wp-json\/wp\/v2\/media?parent=285"}],"curies":[{"name":"wp","href":"https:\/\/api.w.org\/{rel}","templated":true}]}}