{"id":249,"date":"2009-10-15T00:00:21","date_gmt":"2009-10-14T22:00:21","guid":{"rendered":"http:\/\/www.idphoto.ch\/?page_id=249"},"modified":"2015-09-13T13:49:28","modified_gmt":"2015-09-13T11:49:28","slug":"passfoto-selber-ausdrucken","status":"publish","type":"page","link":"https:\/\/www.idphoto.app\/lexikon\/passfoto\/passfoto-selber-ausdrucken\/","title":{"rendered":"Passfoto selber ausdrucken"},"content":{"rendered":"<p>Sie\u00a0k\u00f6nnen Ihre\u00a0Passfotos\u00a0auch zuhause ausdrucken,\u00a0wenn das ausgedruckte Foto die folgenden Anforderungen erf\u00fcllt:<\/p>\n<ul class=\"anforderungen\">\n<li>Sie ben\u00f6tigen\u00a0einen <strong>guten Fotodrucker<\/strong>, mit einer hohen Aufl\u00f6sung und einer realit\u00e4tsnahen Farbdarstellung, wenn Sie Ihre\u00a0Passbilder selber drucken m\u00f6chten.<\/li>\n<li>Das Material des Lichtbildes f\u00fcr Identit\u00e4tskarte, Reisepass und F\u00fchrerschein, muss die Eigenschaften konventionellen <strong>Fotopapiers<\/strong> aufweisen. Es muss beispielsweise <strong>unempfindlich gegen\u00fcber Feuchtigkeit<\/strong> (z.B. Handschweiss) sein. Deshalb sollten\u00a0Sie f\u00fcr den Druck ausnahmslos glattes Fotopapier verwenden.<\/li>\n<li>Die mechanische <strong>Stabilit\u00e4t der Oberfl\u00e4che<\/strong> muss ebenfalls gew\u00e4hrleistet werden (z.B. d\u00fcrfen beim Abl\u00f6sen eines aufgeklebten Klebestreifens keine Reste an diesem haften bleiben).<\/li>\n<li>Das Lichtbild darf <strong>nicht auf zu d\u00fcnnem Papier<\/strong> vorliegen.<\/li>\n<li>Die <strong>Gr\u00f6sse des ausgedruckten Passbildes muss 35 mm \u00d7 45 mm<\/strong> betragen. In einigen Bildbearbeitungsprogrammen kannst du die Gr\u00f6sse einstellen. Wenn nicht, finden\u00a0Sie unter <a title=\"Passfoto Gr\u00f6sse &amp; Format\" href=\"http:\/\/www.idphoto.ch\/lexikon\/passfoto\/groesse\/\">&#8222;Passfoto &gt; Gr\u00f6sse &amp; Format&#8220;<\/a> eine Beispielrechnung, wie Sie\u00a0auf die korrekte Gr\u00f6sse kommen. Kontrollieren Sie bitte\u00a0nochmal, ob die tats\u00e4chliche Gr\u00f6sse des ausgedruckten Bildes das vorgeschriebene Format einh\u00e4lt.<\/li>\n<\/ul>\n<p><em>Die Beurteilung der Ausweis- bzw. Passfotos hinsichtlich der Verarbeitbarkeit obliegt laut\u00a0<\/em><em>Ausweisgesetz (AwG)<\/em><em> ausschliesslich der zust\u00e4ndigen Beh\u00f6rde.<\/em><\/p>\n<p>&nbsp;<\/p>\n","protected":false},"excerpt":{"rendered":"Sie\u00a0k\u00f6nnen Ihre\u00a0Passfotos\u00a0auch zuhause ausdrucken,\u00a0wenn das ausgedruckte Foto die folgenden Anforderungen erf\u00fcllt: Sie ben\u00f6tigen\u00a0einen guten Fotodrucker, mit einer hohen Aufl\u00f6sung und einer realit\u00e4tsnahen Farbdarstellung, wenn Sie Ihre\u00a0Passbilder selber drucken m\u00f6chten. Das Material des Lichtbildes f\u00fcr Identit\u00e4tskarte, Reisepass und F\u00fchrerschein, muss die Eigenschaften konventionellen Fotopapiers aufweisen. Es muss beispielsweise unempfindlich gegen\u00fcber Feuchtigkeit (z.B. Handschweiss) sein. Deshalb sollten\u00a0Sie&#8230; <a class=\"view-article\" href=\"https:\/\/www.idphoto.app\/lexikon\/passfoto\/passfoto-selber-ausdrucken\/\">Anzeigen<\/a>","protected":false},"author":1,"featured_media":0,"parent":142,"menu_order":0,"comment_status":"open","ping_status":"open","template":"","meta":[],"_links":{"self":[{"href":"https:\/\/www.idphoto.app\/lexikon\/wp-json\/wp\/v2\/pages\/249"}],"collection":[{"href":"https:\/\/www.idphoto.app\/lexikon\/wp-json\/wp\/v2\/pages"}],"about":[{"href":"https:\/\/www.idphoto.app\/lexikon\/wp-json\/wp\/v2\/types\/page"}],"author":[{"embeddable":true,"href":"https:\/\/www.idphoto.app\/lexikon\/wp-json\/wp\/v2\/users\/1"}],"replies":[{"embeddable":true,"href":"https:\/\/www.idphoto.app\/lexikon\/wp-json\/wp\/v2\/comments?post=249"}],"version-history":[{"count":3,"href":"https:\/\/www.idphoto.app\/lexikon\/wp-json\/wp\/v2\/pages\/249\/revisions"}],"predecessor-version":[{"id":1760,"href":"https:\/\/www.idphoto.app\/lexikon\/wp-json\/wp\/v2\/pages\/249\/revisions\/1760"}],"up":[{"embeddable":true,"href":"https:\/\/www.idphoto.app\/lexikon\/wp-json\/wp\/v2\/pages\/142"}],"wp:attachment":[{"href":"https:\/\/www.idphoto.app\/lexikon\/wp-json\/wp\/v2\/media?parent=249"}],"curies":[{"name":"wp","href":"https:\/\/api.w.org\/{rel}","templated":true}]}}