{"id":211,"date":"2009-10-13T23:09:24","date_gmt":"2009-10-13T21:09:24","guid":{"rendered":"http:\/\/www.idphoto.ch\/?page_id=211"},"modified":"2015-09-15T22:22:29","modified_gmt":"2015-09-15T20:22:29","slug":"provisorischer-reisepass","status":"publish","type":"page","link":"https:\/\/www.idphoto.app\/lexikon\/reisepass\/provisorischer-reisepass\/","title":{"rendered":"Provisorischer Reisepass"},"content":{"rendered":"<h2>Beantragung eines provisorischen Passes<\/h2>\n<p>Ein provisorischer Pass ist bei der zust\u00e4ndigen ausstellenden Beh\u00f6rde zu beantragen.\u00a0Er wird von der zust\u00e4ndigen ausstellenden Beh\u00f6rde ausgefertigt und der antragstellenden Person abgegeben.\u00a0Auf die R\u00fccksprache nach kann verzichtet werden, wenn Identit\u00e4t und Personendaten der antragstellenden Person einwandfrei feststehen.<\/p>\n<p>Allerdings ist zu erw\u00e4hnen, dass ein provisorischer Reisepass nur f\u00fcr die Dauer der anstehenden Reise g\u00fcltig ist und nicht jedes Land einen solchen akzeptiert. Die Einreise in die USA, ist beispielsweise nur mit einem provisorischen Ausweis in Kombination mit einem Visum erlaubt.<\/p>\n<p>&nbsp;<\/p>\n<p><img loading=\"lazy\" src=\"https:\/\/www.idphoto.ch\/lexikon\/wp-content\/uploads\/2010\/04\/provisorischer_pass.-ContentPar-0002-Image.ContentParimage.0.1.jpeg.jpg\" alt=\"Provisorischer Pass\" width=\"430\" height=\"200\" \/><\/p>\n<p>&nbsp;<\/p>\n<h2>Kosten eines provisorischen Passes<\/h2>\n<p>Ein provisorischer Pass kostet f\u00fcr Kinder, Jugendliche und Erwachsene einheitlich CHF 100.-. Alle Kosten finden Sie in der detaillierte \u00dcbersicht der <a title=\"Kosten aller Schweizer Ausweisdokumente.\" href=\"https:\/\/www.idphoto.ch\/lexikon\/reisepass\/kosten\/\">Kosten aller Schweizer Ausweisdokumente<\/a>.<\/p>\n<p>&nbsp;<\/p>\n","protected":false},"excerpt":{"rendered":"Beantragung eines provisorischen Passes Ein provisorischer Pass ist bei der zust\u00e4ndigen ausstellenden Beh\u00f6rde zu beantragen.\u00a0Er wird von der zust\u00e4ndigen ausstellenden Beh\u00f6rde ausgefertigt und der antragstellenden Person abgegeben.\u00a0Auf die R\u00fccksprache nach kann verzichtet werden, wenn Identit\u00e4t und Personendaten der antragstellenden Person einwandfrei feststehen. Allerdings ist zu erw\u00e4hnen, dass ein provisorischer Reisepass nur f\u00fcr die Dauer der&#8230; <a class=\"view-article\" href=\"https:\/\/www.idphoto.app\/lexikon\/reisepass\/provisorischer-reisepass\/\">Anzeigen<\/a>","protected":false},"author":1,"featured_media":0,"parent":37,"menu_order":0,"comment_status":"open","ping_status":"open","template":"","meta":[],"_links":{"self":[{"href":"https:\/\/www.idphoto.app\/lexikon\/wp-json\/wp\/v2\/pages\/211"}],"collection":[{"href":"https:\/\/www.idphoto.app\/lexikon\/wp-json\/wp\/v2\/pages"}],"about":[{"href":"https:\/\/www.idphoto.app\/lexikon\/wp-json\/wp\/v2\/types\/page"}],"author":[{"embeddable":true,"href":"https:\/\/www.idphoto.app\/lexikon\/wp-json\/wp\/v2\/users\/1"}],"replies":[{"embeddable":true,"href":"https:\/\/www.idphoto.app\/lexikon\/wp-json\/wp\/v2\/comments?post=211"}],"version-history":[{"count":6,"href":"https:\/\/www.idphoto.app\/lexikon\/wp-json\/wp\/v2\/pages\/211\/revisions"}],"predecessor-version":[{"id":1857,"href":"https:\/\/www.idphoto.app\/lexikon\/wp-json\/wp\/v2\/pages\/211\/revisions\/1857"}],"up":[{"embeddable":true,"href":"https:\/\/www.idphoto.app\/lexikon\/wp-json\/wp\/v2\/pages\/37"}],"wp:attachment":[{"href":"https:\/\/www.idphoto.app\/lexikon\/wp-json\/wp\/v2\/media?parent=211"}],"curies":[{"name":"wp","href":"https:\/\/api.w.org\/{rel}","templated":true}]}}