{"id":1965,"date":"2016-06-12T18:29:51","date_gmt":"2016-06-12T16:29:51","guid":{"rendered":"https:\/\/www.idphoto.ch\/lexikon\/?page_id=1965"},"modified":"2016-12-11T11:23:02","modified_gmt":"2016-12-11T10:23:02","slug":"thailand","status":"publish","type":"page","link":"https:\/\/www.idphoto.app\/lexikon\/visum\/thailand\/","title":{"rendered":"Thailand \ud83c\uddf9\ud83c\udded"},"content":{"rendered":"<p>F\u00fcr die Einreise in Thailand\u00a0ben\u00f6tigen Staatsangeh\u00f6rige der Schweiz und Liechtenstein f\u00fcr touristische Zwecke bis zu einer Aufenthaltsdauer von 30 Tagen (bei Einreise auf dem Landweg bis zu 15 Tagen) kein Visum.<\/p>\n<p>F\u00fcr l\u00e4ngere oder nicht-touristische Aufenthalte sowie f\u00fcr nicht-privilegierte Staatsangeh\u00f6rige ist ein Visum zwingend erforderlich. Hierf\u00fcr werden zwei\u00a0farbige Passfotos im Format 40 \u00d7 60 mm verlangt, die\u00a0nicht \u00e4lter als 6 Monate sein d\u00fcrfen.\u00a0Das Passfoto kann mit unserem <a href=\"https:\/\/www.idphoto.ch\/upload\/passbild\">Passfoto-Generator<\/a>\u00a0schnell und einfach an die richtige Gr\u00f6sse angepasst werden. Bis auf wenige Ausnahmen gelten die\u00a0<a href=\"http:\/\/www.idphoto.ch\/lexikon\/passfoto\/wie-mache-ich-selber-ein-passbild-kurzanleitung\/\">biometrischen Bestimmungen<\/a>, wie sie auch in der Schweiz f\u00fcr alle Ausweisdokumente gelten.<\/p>\n<p>Hier finden Sie die\u00a0Adressen der <a href=\"https:\/\/www.eda.admin.ch\/eda\/de\/home\/vertretungen-und-reisehinweise\/thailand\/thailand-vertretunginderschweiz.html\">thail\u00e4ndischen Botschaft in Bern<\/a> sowie der <a href=\"https:\/\/www.eda.admin.ch\/eda\/de\/home\/vertretungen-und-reisehinweise\/thailand\/thailand-vertretunginderschweiz.html\">Konsulate in Basel, Genf und Z\u00fcrich<\/a>.<\/p>\n<p>&nbsp;<\/p>\n<div id=\"attachment_1966\" style=\"width: 322px\" class=\"wp-caption aligncenter\"><a href=\"https:\/\/www.eda.admin.ch\/eda\/de\/home\/vertretungen-und-reisehinweise\/thailand\/reisehinweise-fuerthailand.html\"><img aria-describedby=\"caption-attachment-1966\" loading=\"lazy\" class=\"wp-image-1966\" title=\"https:\/\/www.eda.admin.ch\/eda\/de\/home\/vertretungen-und-reisehinweise\/thailand\/reisehinweise-fuerthailand.html\" src=\"https:\/\/www.idphoto.ch\/lexikon\/wp-content\/uploads\/2016\/06\/flagge-thailand-250x167.gif\" width=\"312\" height=\"209\" srcset=\"https:\/\/www.idphoto.app\/lexikon\/wp-content\/uploads\/2016\/06\/flagge-thailand-250x167.gif 250w, https:\/\/www.idphoto.app\/lexikon\/wp-content\/uploads\/2016\/06\/flagge-thailand-120x80.gif 120w\" sizes=\"(max-width: 312px) 100vw, 312px\" \/><\/a><p id=\"caption-attachment-1966\" class=\"wp-caption-text\">Reisehinweise des EDA<\/p><\/div>\n<p>&nbsp;<\/p>\n<p><a class=\"flat-button orange-flat-button\" title=\"Bild hochladen und Passbild f\u00fcr den F\u00fchrerschein zuschneiden\" href=\"https:\/\/www.idphoto.ch\/upload\/visumfoto\">Jetzt ein Visum-Foto erstellen \u00bb<\/a><\/p>\n<p>&nbsp;<\/p>\n","protected":false},"excerpt":{"rendered":"F\u00fcr die Einreise in Thailand\u00a0ben\u00f6tigen Staatsangeh\u00f6rige der Schweiz und Liechtenstein f\u00fcr touristische Zwecke bis zu einer Aufenthaltsdauer von 30 Tagen (bei Einreise auf dem Landweg bis zu 15 Tagen) kein Visum. F\u00fcr l\u00e4ngere oder nicht-touristische Aufenthalte sowie f\u00fcr nicht-privilegierte Staatsangeh\u00f6rige ist ein Visum zwingend erforderlich. Hierf\u00fcr werden zwei\u00a0farbige Passfotos im Format 40 \u00d7 60 mm&#8230; <a class=\"view-article\" href=\"https:\/\/www.idphoto.app\/lexikon\/visum\/thailand\/\">Anzeigen<\/a>","protected":false},"author":3,"featured_media":0,"parent":998,"menu_order":0,"comment_status":"closed","ping_status":"closed","template":"","meta":[],"_links":{"self":[{"href":"https:\/\/www.idphoto.app\/lexikon\/wp-json\/wp\/v2\/pages\/1965"}],"collection":[{"href":"https:\/\/www.idphoto.app\/lexikon\/wp-json\/wp\/v2\/pages"}],"about":[{"href":"https:\/\/www.idphoto.app\/lexikon\/wp-json\/wp\/v2\/types\/page"}],"author":[{"embeddable":true,"href":"https:\/\/www.idphoto.app\/lexikon\/wp-json\/wp\/v2\/users\/3"}],"replies":[{"embeddable":true,"href":"https:\/\/www.idphoto.app\/lexikon\/wp-json\/wp\/v2\/comments?post=1965"}],"version-history":[{"count":12,"href":"https:\/\/www.idphoto.app\/lexikon\/wp-json\/wp\/v2\/pages\/1965\/revisions"}],"predecessor-version":[{"id":2219,"href":"https:\/\/www.idphoto.app\/lexikon\/wp-json\/wp\/v2\/pages\/1965\/revisions\/2219"}],"up":[{"embeddable":true,"href":"https:\/\/www.idphoto.app\/lexikon\/wp-json\/wp\/v2\/pages\/998"}],"wp:attachment":[{"href":"https:\/\/www.idphoto.app\/lexikon\/wp-json\/wp\/v2\/media?parent=1965"}],"curies":[{"name":"wp","href":"https:\/\/api.w.org\/{rel}","templated":true}]}}