{"id":1945,"date":"2016-06-05T14:55:46","date_gmt":"2016-06-05T12:55:46","guid":{"rendered":"https:\/\/www.idphoto.ch\/lexikon\/?page_id=1945"},"modified":"2016-11-22T21:52:52","modified_gmt":"2016-11-22T20:52:52","slug":"hongkong","status":"publish","type":"page","link":"https:\/\/www.idphoto.app\/lexikon\/visum\/hongkong\/","title":{"rendered":"Hongkong \ud83c\udded\ud83c\uddf0"},"content":{"rendered":"<p>F\u00fcr die Einreise in Hongkong\u00a0ben\u00f6tigen Schweizer und Liechtensteiner Staatsangeh\u00f6rige sowie EU-B\u00fcrger &#8211; entgegen dem\u00a0<a href=\"https:\/\/www.idphoto.ch\/lexikon\/visum\/volksrepublik-china-vr\/\">chinesische Festland<\/a> &#8211; f\u00fcr touristische \u00a0Zwecke bis zu einer Aufenthaltsdauer von 90 Tagen kein Visum.<\/p>\n<p>F\u00fcr l\u00e4ngere Aufenthalte oder nicht-touristische Zwecke ist hingegen ein Visum zwingend erforderlich. Hierf\u00fcr werden\u00a0zwei farbige Passfotos im Format 50 x 50 mm verlangt, die nicht \u00e4lter als 6 Monate sein d\u00fcrfen. Das Passfoto kann mit unserem <a href=\"https:\/\/www.idphoto.ch\/upload\/visumfoto\">Visum-Foto-Generator<\/a>\u00a0schnell und einfach an die richtige Gr\u00f6sse angepasst werden. Bis auf wenige Ausnahmen gelten die\u00a0<a href=\"http:\/\/www.idphoto.ch\/lexikon\/passfoto\/wie-mache-ich-selber-ein-passbild-kurzanleitung\/\">biometrischen Bestimmungen<\/a>, wie sie auch in der Schweiz f\u00fcr alle\u00a0Ausweisdokumente gelten. Wichtig ist vor allem ein weisser Hintergrund<\/p>\n<p>Weitere Informationen zum Antragsprozess finden Sie auf der <a href=\"http:\/\/www.immd.gov.hk\/eng\/services\/visas\/visit-transit\/visit-visa-entry-permit.html\">Website der Einwanderungsbeh\u00f6rde von Hongkong<\/a>\u00a0sowie der Website der\u00a0<a title=\"Adresse Botschaft der VR China in Bern\" href=\"http:\/\/ch.china-embassy.org\/ger\/lsfw\/sbqz\/\">Botschaft der VR China in Bern<\/a>.<\/p>\n<p>&nbsp;<\/p>\n<div id=\"attachment_1946\" style=\"width: 304px\" class=\"wp-caption aligncenter\"><a href=\"https:\/\/www.eda.admin.ch\/eda\/de\/home\/vertretungen-und-reisehinweise\/china\/reisehinweise-fuer-china.html\" target=\"_blank\"><img aria-describedby=\"caption-attachment-1946\" loading=\"lazy\" class=\"wp-image-1946\" title=\"https:\/\/www.eda.admin.ch\/eda\/de\/home\/vertretungen-und-reisehinweise\/china\/reisehinweise-fuer-china.html\" src=\"https:\/\/www.idphoto.ch\/lexikon\/wp-content\/uploads\/2016\/06\/flagge-hong-kong-250x167.gif\" width=\"294\" height=\"197\" srcset=\"https:\/\/www.idphoto.app\/lexikon\/wp-content\/uploads\/2016\/06\/flagge-hong-kong-250x167.gif 250w, https:\/\/www.idphoto.app\/lexikon\/wp-content\/uploads\/2016\/06\/flagge-hong-kong-120x80.gif 120w\" sizes=\"(max-width: 294px) 100vw, 294px\" \/><\/a><p id=\"caption-attachment-1946\" class=\"wp-caption-text\">Reisehinweise des EDA<\/p><\/div>\n<p>&nbsp;<\/p>\n<p><a class=\"flat-button orange-flat-button\" title=\"Bild hochladen und Passbild f\u00fcr den F\u00fchrerschein zuschneiden\" href=\"https:\/\/www.idphoto.ch\/upload\/passbild\">Jetzt ein Passbild\u00a0erstellen \u00bb<\/a><\/p>\n","protected":false},"excerpt":{"rendered":"F\u00fcr die Einreise in Hongkong\u00a0ben\u00f6tigen Schweizer und Liechtensteiner Staatsangeh\u00f6rige sowie EU-B\u00fcrger &#8211; entgegen dem\u00a0chinesische Festland &#8211; f\u00fcr touristische \u00a0Zwecke bis zu einer Aufenthaltsdauer von 90 Tagen kein Visum. F\u00fcr l\u00e4ngere Aufenthalte oder nicht-touristische Zwecke ist hingegen ein Visum zwingend erforderlich. Hierf\u00fcr werden\u00a0zwei farbige Passfotos im Format 50 x 50 mm verlangt, die nicht \u00e4lter als&#8230; <a class=\"view-article\" href=\"https:\/\/www.idphoto.app\/lexikon\/visum\/hongkong\/\">Anzeigen<\/a>","protected":false},"author":3,"featured_media":0,"parent":998,"menu_order":0,"comment_status":"closed","ping_status":"closed","template":"","meta":[],"_links":{"self":[{"href":"https:\/\/www.idphoto.app\/lexikon\/wp-json\/wp\/v2\/pages\/1945"}],"collection":[{"href":"https:\/\/www.idphoto.app\/lexikon\/wp-json\/wp\/v2\/pages"}],"about":[{"href":"https:\/\/www.idphoto.app\/lexikon\/wp-json\/wp\/v2\/types\/page"}],"author":[{"embeddable":true,"href":"https:\/\/www.idphoto.app\/lexikon\/wp-json\/wp\/v2\/users\/3"}],"replies":[{"embeddable":true,"href":"https:\/\/www.idphoto.app\/lexikon\/wp-json\/wp\/v2\/comments?post=1945"}],"version-history":[{"count":8,"href":"https:\/\/www.idphoto.app\/lexikon\/wp-json\/wp\/v2\/pages\/1945\/revisions"}],"predecessor-version":[{"id":2138,"href":"https:\/\/www.idphoto.app\/lexikon\/wp-json\/wp\/v2\/pages\/1945\/revisions\/2138"}],"up":[{"embeddable":true,"href":"https:\/\/www.idphoto.app\/lexikon\/wp-json\/wp\/v2\/pages\/998"}],"wp:attachment":[{"href":"https:\/\/www.idphoto.app\/lexikon\/wp-json\/wp\/v2\/media?parent=1945"}],"curies":[{"name":"wp","href":"https:\/\/api.w.org\/{rel}","templated":true}]}}