{"id":1941,"date":"2016-06-05T14:22:40","date_gmt":"2016-06-05T12:22:40","guid":{"rendered":"https:\/\/www.idphoto.ch\/lexikon\/?page_id=1941"},"modified":"2016-12-11T11:11:18","modified_gmt":"2016-12-11T10:11:18","slug":"kuba","status":"publish","type":"page","link":"https:\/\/www.idphoto.app\/lexikon\/visum\/kuba\/","title":{"rendered":"Kuba \ud83c\udde8\ud83c\uddfa"},"content":{"rendered":"<p>F\u00fcr die Einreise in Kuba ben\u00f6tigen Staatsangeh\u00f6rige der Schweiz und Liechtenstein f\u00fcr touristische bis zu einer Aufenthaltsdauer von 30 Tage eine sog. Touristenkarte, die vor der Einreise bei der\u00a0<a href=\"http:\/\/www.cubadiplomatica.cu\/suiza\/FR\/ServicesConsulaires.aspx\">kubanischen Botschaft in Bern<\/a> oder bein machen Fluggesellschaften am Flughafen erh\u00e4ltlich ist. Ein Foto ist hierf\u00fcr nicht n\u00f6tig.<\/p>\n<p>F\u00fcr l\u00e4ngere Aufenthalte oder nicht-touristische Zwecke ist hingegen ein Visum zwingend erforderlich. Hierf\u00fcr werden\u00a0zwei farbige Passfotos im Format 35 x 45 mm verlangt, die nicht \u00e4lter als 6 Monate sein d\u00fcrfen. Das Passfoto kann mit unserem <a href=\"https:\/\/www.idphoto.ch\/upload\/passbild\">Passfoto-Generator <\/a>schnell und einfach an die richtige Gr\u00f6sse angepasst werden. Bis auf wenige Ausnahmen gelten die\u00a0<a href=\"http:\/\/www.idphoto.ch\/lexikon\/passfoto\/wie-mache-ich-selber-ein-passbild-kurzanleitung\/\">biometrischen Bestimmungen<\/a>, wie sie auch in der Schweiz f\u00fcr alle\u00a0Ausweisdokumente gelten.\u00a0Wichtig ist vor allem ein einfarbiger heller\u00a0Hintergrund.<\/p>\n<p>&nbsp;<\/p>\n<div id=\"attachment_1942\" style=\"width: 307px\" class=\"wp-caption aligncenter\"><a href=\"https:\/\/www.eda.admin.ch\/eda\/de\/home\/vertretungen-und-reisehinweise\/kuba\/reisehinweise-fuerkuba.html\" target=\"_blank\"><img aria-describedby=\"caption-attachment-1942\" loading=\"lazy\" class=\"wp-image-1942\" title=\"https:\/\/www.eda.admin.ch\/eda\/de\/home\/vertretungen-und-reisehinweise\/kuba\/reisehinweise-fuerkuba.html\" src=\"https:\/\/www.idphoto.ch\/lexikon\/wp-content\/uploads\/2016\/06\/flagge-kuba-250x167.gif\" width=\"297\" height=\"199\" srcset=\"https:\/\/www.idphoto.app\/lexikon\/wp-content\/uploads\/2016\/06\/flagge-kuba-250x167.gif 250w, https:\/\/www.idphoto.app\/lexikon\/wp-content\/uploads\/2016\/06\/flagge-kuba-120x80.gif 120w\" sizes=\"(max-width: 297px) 100vw, 297px\" \/><\/a><p id=\"caption-attachment-1942\" class=\"wp-caption-text\">Reisehinweise des EDA<\/p><\/div>\n<p>&nbsp;<\/p>\n<p><a class=\"flat-button orange-flat-button\" title=\"Bild hochladen und Passbild f\u00fcr den F\u00fchrerschein zuschneiden\" href=\"https:\/\/www.idphoto.ch\/upload\/passbild\">Jetzt ein Passbild\u00a0erstellen \u00bb<\/a><\/p>\n<p>.<\/p>\n","protected":false},"excerpt":{"rendered":"F\u00fcr die Einreise in Kuba ben\u00f6tigen Staatsangeh\u00f6rige der Schweiz und Liechtenstein f\u00fcr touristische bis zu einer Aufenthaltsdauer von 30 Tage eine sog. Touristenkarte, die vor der Einreise bei der\u00a0kubanischen Botschaft in Bern oder bein machen Fluggesellschaften am Flughafen erh\u00e4ltlich ist. Ein Foto ist hierf\u00fcr nicht n\u00f6tig. F\u00fcr l\u00e4ngere Aufenthalte oder nicht-touristische Zwecke ist hingegen ein&#8230; <a class=\"view-article\" href=\"https:\/\/www.idphoto.app\/lexikon\/visum\/kuba\/\">Anzeigen<\/a>","protected":false},"author":3,"featured_media":0,"parent":998,"menu_order":0,"comment_status":"closed","ping_status":"closed","template":"","meta":[],"_links":{"self":[{"href":"https:\/\/www.idphoto.app\/lexikon\/wp-json\/wp\/v2\/pages\/1941"}],"collection":[{"href":"https:\/\/www.idphoto.app\/lexikon\/wp-json\/wp\/v2\/pages"}],"about":[{"href":"https:\/\/www.idphoto.app\/lexikon\/wp-json\/wp\/v2\/types\/page"}],"author":[{"embeddable":true,"href":"https:\/\/www.idphoto.app\/lexikon\/wp-json\/wp\/v2\/users\/3"}],"replies":[{"embeddable":true,"href":"https:\/\/www.idphoto.app\/lexikon\/wp-json\/wp\/v2\/comments?post=1941"}],"version-history":[{"count":7,"href":"https:\/\/www.idphoto.app\/lexikon\/wp-json\/wp\/v2\/pages\/1941\/revisions"}],"predecessor-version":[{"id":2210,"href":"https:\/\/www.idphoto.app\/lexikon\/wp-json\/wp\/v2\/pages\/1941\/revisions\/2210"}],"up":[{"embeddable":true,"href":"https:\/\/www.idphoto.app\/lexikon\/wp-json\/wp\/v2\/pages\/998"}],"wp:attachment":[{"href":"https:\/\/www.idphoto.app\/lexikon\/wp-json\/wp\/v2\/media?parent=1941"}],"curies":[{"name":"wp","href":"https:\/\/api.w.org\/{rel}","templated":true}]}}