{"id":1931,"date":"2016-06-04T10:01:27","date_gmt":"2016-06-04T08:01:27","guid":{"rendered":"https:\/\/www.idphoto.ch\/lexikon\/?page_id=1931"},"modified":"2016-12-11T11:11:47","modified_gmt":"2016-12-11T10:11:47","slug":"neuseeland","status":"publish","type":"page","link":"https:\/\/www.idphoto.app\/lexikon\/visum\/neuseeland\/","title":{"rendered":"Neuseeland \ud83c\uddf3\ud83c\uddff"},"content":{"rendered":"<p>F\u00fcr die Einreise in Neuseeland\u00a0ben\u00f6tigen Staatsangeh\u00f6rige der Schweiz und Liechtenstein f\u00fcr touristische und gesch\u00e4ftliche Zwecke bis zu einer Aufenthaltsdauer von 3 Monaten\u00a0kein Visum.<\/p>\n<p>F\u00fcr l\u00e4ngere Aufenthalte ist ein Visum zwingend erforderlich. Hierf\u00fcr werden\u00a0zwei farbige Passfotos im Format 35 x 45 mm verlangt, die nicht \u00e4lter als 3 Monate sein d\u00fcrfen. Das Passfoto kann mit unserem <a href=\"https:\/\/www.idphoto.ch\/upload\/passbild\">Passfoto-Generator <\/a>schnell und einfach an die richtige Gr\u00f6sse angepasst werden. Bis auf wenige Ausnahmen gelten die\u00a0<a href=\"http:\/\/www.idphoto.ch\/lexikon\/passfoto\/wie-mache-ich-selber-ein-passbild-kurzanleitung\/\">biometrischen Bestimmungen<\/a>, wie sie auch in der Schweiz f\u00fcr alle Ausweisdokumente gelten.\u00a0Wichtig ist vor allem ein weisser Hintergrund.<\/p>\n<p>Weitere Informationen zum Antragsprozess finden sich auf der <a href=\"https:\/\/www.immigration.govt.nz\/new-zealand-visas\">Website der neuseel\u00e4ndischen Einwanderungsbeh\u00f6rde<\/a>.<\/p>\n<p>Hier finden Sie die\u00a0Kontaktdaten\u00a0des <a href=\"https:\/\/www.eda.admin.ch\/eda\/de\/home\/vertretungen-und-reisehinweise\/neuseeland\/neuseeland-vertretunginderschweiz.html\">neuseel\u00e4ndischen Konsulats in Genf<\/a> (\u00a0Le Grand-Saconnex), da keine eigene Website unterhalten wird.<\/p>\n<p>&nbsp;<\/p>\n<div id=\"attachment_1932\" style=\"width: 310px\" class=\"wp-caption aligncenter\"><a href=\"https:\/\/www.eda.admin.ch\/eda\/de\/home\/vertretungen-und-reisehinweise\/neuseeland\/reisehinweise-fuerneuseeland.html\" target=\"_blank\"><img aria-describedby=\"caption-attachment-1932\" loading=\"lazy\" class=\"wp-image-1932\" title=\"https:\/\/www.eda.admin.ch\/eda\/de\/home\/vertretungen-und-reisehinweise\/neuseeland\/reisehinweise-fuerneuseeland.html\" src=\"https:\/\/www.idphoto.ch\/lexikon\/wp-content\/uploads\/2016\/06\/flagge-neuseeland-250x167.gif\" width=\"300\" height=\"200\" srcset=\"https:\/\/www.idphoto.app\/lexikon\/wp-content\/uploads\/2016\/06\/flagge-neuseeland-250x167.gif 250w, https:\/\/www.idphoto.app\/lexikon\/wp-content\/uploads\/2016\/06\/flagge-neuseeland-120x80.gif 120w\" sizes=\"(max-width: 300px) 100vw, 300px\" \/><\/a><p id=\"caption-attachment-1932\" class=\"wp-caption-text\">Reisehinweise des EDA<\/p><\/div>\n<p>&nbsp;<\/p>\n<p><a class=\"flat-button orange-flat-button\" title=\"Bild hochladen und Passbild f\u00fcr den F\u00fchrerschein zuschneiden\" href=\"https:\/\/www.idphoto.ch\/upload\/passbild\">Jetzt ein Passbild\u00a0erstellen \u00bb<\/a><\/p>\n","protected":false},"excerpt":{"rendered":"F\u00fcr die Einreise in Neuseeland\u00a0ben\u00f6tigen Staatsangeh\u00f6rige der Schweiz und Liechtenstein f\u00fcr touristische und gesch\u00e4ftliche Zwecke bis zu einer Aufenthaltsdauer von 3 Monaten\u00a0kein Visum. F\u00fcr l\u00e4ngere Aufenthalte ist ein Visum zwingend erforderlich. Hierf\u00fcr werden\u00a0zwei farbige Passfotos im Format 35 x 45 mm verlangt, die nicht \u00e4lter als 3 Monate sein d\u00fcrfen. Das Passfoto kann mit unserem&#8230; <a class=\"view-article\" href=\"https:\/\/www.idphoto.app\/lexikon\/visum\/neuseeland\/\">Anzeigen<\/a>","protected":false},"author":3,"featured_media":0,"parent":998,"menu_order":0,"comment_status":"closed","ping_status":"closed","template":"","meta":[],"_links":{"self":[{"href":"https:\/\/www.idphoto.app\/lexikon\/wp-json\/wp\/v2\/pages\/1931"}],"collection":[{"href":"https:\/\/www.idphoto.app\/lexikon\/wp-json\/wp\/v2\/pages"}],"about":[{"href":"https:\/\/www.idphoto.app\/lexikon\/wp-json\/wp\/v2\/types\/page"}],"author":[{"embeddable":true,"href":"https:\/\/www.idphoto.app\/lexikon\/wp-json\/wp\/v2\/users\/3"}],"replies":[{"embeddable":true,"href":"https:\/\/www.idphoto.app\/lexikon\/wp-json\/wp\/v2\/comments?post=1931"}],"version-history":[{"count":9,"href":"https:\/\/www.idphoto.app\/lexikon\/wp-json\/wp\/v2\/pages\/1931\/revisions"}],"predecessor-version":[{"id":2212,"href":"https:\/\/www.idphoto.app\/lexikon\/wp-json\/wp\/v2\/pages\/1931\/revisions\/2212"}],"up":[{"embeddable":true,"href":"https:\/\/www.idphoto.app\/lexikon\/wp-json\/wp\/v2\/pages\/998"}],"wp:attachment":[{"href":"https:\/\/www.idphoto.app\/lexikon\/wp-json\/wp\/v2\/media?parent=1931"}],"curies":[{"name":"wp","href":"https:\/\/api.w.org\/{rel}","templated":true}]}}