{"id":1919,"date":"2016-06-03T22:55:09","date_gmt":"2016-06-03T20:55:09","guid":{"rendered":"https:\/\/www.idphoto.ch\/lexikon\/?page_id=1919"},"modified":"2016-12-11T11:20:52","modified_gmt":"2016-12-11T10:20:52","slug":"singapur","status":"publish","type":"page","link":"https:\/\/www.idphoto.app\/lexikon\/visum\/singapur\/","title":{"rendered":"Singapur \ud83c\uddf8\ud83c\uddec"},"content":{"rendered":"<p>F\u00fcr die Einreise in Singapur\u00a0ben\u00f6tigen Schweizer Staatsangeh\u00f6rige und EU-B\u00fcrger kein Visum. F\u00fcr \u00fcbrige Staatsangeh\u00f6rige ist f\u00fcr ein Visum\u00a0ein farbiges Passbild im Format 35 \u00d7 45 mm erforderlich. Das Passbild\u00a0sollte m\u00f6glichst neu sein \u2013 nicht \u00e4lter als 3 Monate. B<span style=\"line-height: 1.5;\">is auf wenige Ausnahmen gelten die\u00a0<\/span><a style=\"line-height: 1.5;\" href=\"http:\/\/www.idphoto.ch\/lexikon\/passfoto\/wie-mache-ich-selber-ein-passbild-kurzanleitung\/\">biometrischen Bestimmungen<\/a><span style=\"line-height: 1.5;\">, wie sie auch in der Schweiz f\u00fcr alle Ausweisdokumente gelten.\u00a0<\/span>Wichtig ist ein weisser\u00a0heller Hintergrund.<\/p>\n<p>Das ben\u00f6tigte Visum-Foto kann in unserem <a href=\"https:\/\/www.idphoto.ch\/upload\/passbild\">Visum-Foto Generator<\/a> kostenlos auf das korrekte Seitenverh\u00e4ltnis zugeschnitten und an die Schablone angepasst werden. Weitere Informationen zum Antragsprozess finden Sie auf der Website der <a href=\"http:\/\/www.mfa.gov.sg\/content\/mfa\/overseasmission\/geneva\/visa_information\/overview.html\">St\u00e4ndigen Mission der Republik Singapur in Genf<\/a>.<\/p>\n<p>&nbsp;<\/p>\n<div id=\"attachment_1922\" style=\"width: 297px\" class=\"wp-caption aligncenter\"><a href=\"https:\/\/www.eda.admin.ch\/eda\/de\/home\/vertretungen-und-reisehinweise\/singapur\/reisehinweise-fuersingapur.html\" target=\"_blank\"><img aria-describedby=\"caption-attachment-1922\" loading=\"lazy\" class=\"wp-image-1922\" title=\"https:\/\/www.eda.admin.ch\/eda\/de\/home\/vertretungen-und-reisehinweise\/singapur\/reisehinweise-fuersingapur.html\" src=\"https:\/\/www.idphoto.ch\/lexikon\/wp-content\/uploads\/2016\/06\/singapur-250x167.png\" width=\"287\" height=\"191\" srcset=\"https:\/\/www.idphoto.app\/lexikon\/wp-content\/uploads\/2016\/06\/singapur-250x167.png 250w, https:\/\/www.idphoto.app\/lexikon\/wp-content\/uploads\/2016\/06\/singapur-120x80.png 120w, https:\/\/www.idphoto.app\/lexikon\/wp-content\/uploads\/2016\/06\/singapur.png 645w\" sizes=\"(max-width: 287px) 100vw, 287px\" \/><\/a><p id=\"caption-attachment-1922\" class=\"wp-caption-text\">Reisehinweise des EDA<\/p><\/div>\n<p>&nbsp;<\/p>\n<p><a class=\"flat-button orange-flat-button\" title=\"Bild hochladen und Passbild f\u00fcr den F\u00fchrerschein zuschneiden\" href=\"https:\/\/www.idphoto.ch\/upload\/passbild\">Jetzt ein Passbild\u00a0erstellen \u00bb<\/a><\/p>\n","protected":false},"excerpt":{"rendered":"F\u00fcr die Einreise in Singapur\u00a0ben\u00f6tigen Schweizer Staatsangeh\u00f6rige und EU-B\u00fcrger kein Visum. F\u00fcr \u00fcbrige Staatsangeh\u00f6rige ist f\u00fcr ein Visum\u00a0ein farbiges Passbild im Format 35 \u00d7 45 mm erforderlich. Das Passbild\u00a0sollte m\u00f6glichst neu sein \u2013 nicht \u00e4lter als 3 Monate. Bis auf wenige Ausnahmen gelten die\u00a0biometrischen Bestimmungen, wie sie auch in der Schweiz f\u00fcr alle Ausweisdokumente gelten.\u00a0Wichtig&#8230; <a class=\"view-article\" href=\"https:\/\/www.idphoto.app\/lexikon\/visum\/singapur\/\">Anzeigen<\/a>","protected":false},"author":3,"featured_media":0,"parent":998,"menu_order":0,"comment_status":"closed","ping_status":"closed","template":"","meta":[],"_links":{"self":[{"href":"https:\/\/www.idphoto.app\/lexikon\/wp-json\/wp\/v2\/pages\/1919"}],"collection":[{"href":"https:\/\/www.idphoto.app\/lexikon\/wp-json\/wp\/v2\/pages"}],"about":[{"href":"https:\/\/www.idphoto.app\/lexikon\/wp-json\/wp\/v2\/types\/page"}],"author":[{"embeddable":true,"href":"https:\/\/www.idphoto.app\/lexikon\/wp-json\/wp\/v2\/users\/3"}],"replies":[{"embeddable":true,"href":"https:\/\/www.idphoto.app\/lexikon\/wp-json\/wp\/v2\/comments?post=1919"}],"version-history":[{"count":8,"href":"https:\/\/www.idphoto.app\/lexikon\/wp-json\/wp\/v2\/pages\/1919\/revisions"}],"predecessor-version":[{"id":2216,"href":"https:\/\/www.idphoto.app\/lexikon\/wp-json\/wp\/v2\/pages\/1919\/revisions\/2216"}],"up":[{"embeddable":true,"href":"https:\/\/www.idphoto.app\/lexikon\/wp-json\/wp\/v2\/pages\/998"}],"wp:attachment":[{"href":"https:\/\/www.idphoto.app\/lexikon\/wp-json\/wp\/v2\/media?parent=1919"}],"curies":[{"name":"wp","href":"https:\/\/api.w.org\/{rel}","templated":true}]}}