{"id":1835,"date":"2015-09-15T20:34:04","date_gmt":"2015-09-15T18:34:04","guid":{"rendered":"https:\/\/www.idphoto.ch\/lexikon\/?page_id=1835"},"modified":"2016-08-02T18:33:51","modified_gmt":"2016-08-02T16:33:51","slug":"swiss-pass","status":"publish","type":"page","link":"https:\/\/www.idphoto.app\/lexikon\/swiss-pass\/","title":{"rendered":"Swiss Pass (SBB)"},"content":{"rendered":"<p>Seit Anfang August 2015 erhalten Sie ein Halbtax oder ein GA nur noch auf dem sog. Swiss Pass, der mit einem Passfoto im Format 35 x 45 mm versehen ist. Neben den Abos der SBB kann\u00a0der Swiss Pass f\u00fcr weitere Dienstleistungen genutzt werden, wie zum Beispiel f\u00fcr das Mobility Carsharing oder f\u00fcr Skip\u00e4ssen.<\/p>\n<p>Die Anforderungen an das Foto haben wir Ihnen <a href=\"https:\/\/www.idphoto.ch\/lexikon\/lexikon\/halbtax-oder-ga-sbb\/\">hier<\/a> zusammengestellt, zur Seite der SBB und weitere Informationen zum Swiss Pass finden Sie unter diesem <a href=\"https:\/\/www.sbb.ch\/abos-billette\/abonnemente\/swisspass.html\">Link<\/a>. Zum Login auf der gleichnamigen Website geht es <a href=\"https:\/\/www.swisspass.ch\/auth\/login\">hier<\/a>.<\/p>\n","protected":false},"excerpt":{"rendered":"Seit Anfang August 2015 erhalten Sie ein Halbtax oder ein GA nur noch auf dem sog. Swiss Pass, der mit einem Passfoto im Format 35 x 45 mm versehen ist. Neben den Abos der SBB kann\u00a0der Swiss Pass f\u00fcr weitere Dienstleistungen genutzt werden, wie zum Beispiel f\u00fcr das Mobility Carsharing oder f\u00fcr Skip\u00e4ssen. Die Anforderungen&#8230; <a class=\"view-article\" href=\"https:\/\/www.idphoto.app\/lexikon\/swiss-pass\/\">Anzeigen<\/a>","protected":false},"author":3,"featured_media":0,"parent":0,"menu_order":0,"comment_status":"closed","ping_status":"closed","template":"","meta":[],"_links":{"self":[{"href":"https:\/\/www.idphoto.app\/lexikon\/wp-json\/wp\/v2\/pages\/1835"}],"collection":[{"href":"https:\/\/www.idphoto.app\/lexikon\/wp-json\/wp\/v2\/pages"}],"about":[{"href":"https:\/\/www.idphoto.app\/lexikon\/wp-json\/wp\/v2\/types\/page"}],"author":[{"embeddable":true,"href":"https:\/\/www.idphoto.app\/lexikon\/wp-json\/wp\/v2\/users\/3"}],"replies":[{"embeddable":true,"href":"https:\/\/www.idphoto.app\/lexikon\/wp-json\/wp\/v2\/comments?post=1835"}],"version-history":[{"count":5,"href":"https:\/\/www.idphoto.app\/lexikon\/wp-json\/wp\/v2\/pages\/1835\/revisions"}],"predecessor-version":[{"id":1989,"href":"https:\/\/www.idphoto.app\/lexikon\/wp-json\/wp\/v2\/pages\/1835\/revisions\/1989"}],"wp:attachment":[{"href":"https:\/\/www.idphoto.app\/lexikon\/wp-json\/wp\/v2\/media?parent=1835"}],"curies":[{"name":"wp","href":"https:\/\/api.w.org\/{rel}","templated":true}]}}