{"id":1711,"date":"2015-07-16T14:43:16","date_gmt":"2015-07-16T12:43:16","guid":{"rendered":"https:\/\/www.idphoto.ch\/lexikon\/?page_id=1711"},"modified":"2015-11-03T10:59:29","modified_gmt":"2015-11-03T09:59:29","slug":"fotoautomat","status":"publish","type":"page","link":"https:\/\/www.idphoto.app\/lexikon\/fotoautomat\/","title":{"rendered":"Fotoautomat oder Fotokabine"},"content":{"rendered":"<p style=\"text-align: justify;\">Ein <b>Fotoautomat<\/b>,\u00a0gelegentlich auch Fotokabine genannt, ist ein ca. 2 m \u00d7 2 m \u00d7 1 m grosses Konstrukt, welches eine automatische, mehrheitlich auf M\u00fcnzeinwurf basierende Kamera sowie eine Fotoschnellentwicklungsmaschine oder einen Fotodrucker enth\u00e4lt.\u00a0Fotoautomaten dienen\u00a0der Aufnahme von Passfotos oder spontanen Erinnerungsbildern, welche sich insbesondere f\u00fcrs Portemonnaie eignen. Man findet\u00a0Fotoautomaten h\u00e4ufig an zentralen Pl\u00e4tzen, in Bahnh\u00f6fen, H\u00e4fen oder Flugpl\u00e4tzen,\u00a0 in Freizeitparks\u00a0oder Einkaufszentren und auch in dem ein oder anderen Club. Die Anzahl Bilder pro Abzug und\u00a0die Preise variieren von Anbieter zu Anbieter.<\/p>\n<p style=\"text-align: justify;\">Bei Fotoautomaten gibt es allerdings regelm\u00e4ssig keine Garantie daf\u00fcr, dass man mit Ihnen auch biometrische Passfotos aufnehmen kann, die von den Beh\u00f6rden akzeptiert werden. Als Alternative bietet sich neben einem professionellen Fotografen eine Bestellung von sechs Passfotos mittels unseren Passfoto-Generator f\u00fcr nur 14.90 CHF an. Hierbei erh\u00e4lt man als Kunde die Garantie, dass die hochgeladenen Passfotos in jedem Fall von den Beh\u00f6rden akzeptiert werden.<\/p>\n","protected":false},"excerpt":{"rendered":"Ein Fotoautomat,\u00a0gelegentlich auch Fotokabine genannt, ist ein ca. 2 m \u00d7 2 m \u00d7 1 m grosses Konstrukt, welches eine automatische, mehrheitlich auf M\u00fcnzeinwurf basierende Kamera sowie eine Fotoschnellentwicklungsmaschine oder einen Fotodrucker enth\u00e4lt.\u00a0Fotoautomaten dienen\u00a0der Aufnahme von Passfotos oder spontanen Erinnerungsbildern, welche sich insbesondere f\u00fcrs Portemonnaie eignen. Man findet\u00a0Fotoautomaten h\u00e4ufig an zentralen Pl\u00e4tzen, in Bahnh\u00f6fen, H\u00e4fen&#8230; <a class=\"view-article\" href=\"https:\/\/www.idphoto.app\/lexikon\/fotoautomat\/\">Anzeigen<\/a>","protected":false},"author":3,"featured_media":0,"parent":0,"menu_order":0,"comment_status":"open","ping_status":"closed","template":"","meta":[],"_links":{"self":[{"href":"https:\/\/www.idphoto.app\/lexikon\/wp-json\/wp\/v2\/pages\/1711"}],"collection":[{"href":"https:\/\/www.idphoto.app\/lexikon\/wp-json\/wp\/v2\/pages"}],"about":[{"href":"https:\/\/www.idphoto.app\/lexikon\/wp-json\/wp\/v2\/types\/page"}],"author":[{"embeddable":true,"href":"https:\/\/www.idphoto.app\/lexikon\/wp-json\/wp\/v2\/users\/3"}],"replies":[{"embeddable":true,"href":"https:\/\/www.idphoto.app\/lexikon\/wp-json\/wp\/v2\/comments?post=1711"}],"version-history":[{"count":17,"href":"https:\/\/www.idphoto.app\/lexikon\/wp-json\/wp\/v2\/pages\/1711\/revisions"}],"predecessor-version":[{"id":1817,"href":"https:\/\/www.idphoto.app\/lexikon\/wp-json\/wp\/v2\/pages\/1711\/revisions\/1817"}],"wp:attachment":[{"href":"https:\/\/www.idphoto.app\/lexikon\/wp-json\/wp\/v2\/media?parent=1711"}],"curies":[{"name":"wp","href":"https:\/\/api.w.org\/{rel}","templated":true}]}}