{"id":1463,"date":"2015-05-23T18:23:12","date_gmt":"2015-05-23T16:23:12","guid":{"rendered":"http:\/\/www.biometrisch.ch\/lexikon\/?page_id=1463"},"modified":"2016-12-21T14:59:59","modified_gmt":"2016-12-21T13:59:59","slug":"passbild-bestimmungen","status":"publish","type":"page","link":"https:\/\/www.idphoto.app\/lexikon\/passfoto\/passbild-bestimmungen\/","title":{"rendered":"Passbild-Bestimmungen"},"content":{"rendered":"<p>Die Anforderungen an ein biometrisches Passbild unterscheiden sich von denen eines regul\u00e4ren. Biometrische Passbilder werden f\u00fcr Reisep\u00e4sse \u00a0und Identit\u00e4tskarten, nicht jedoch f\u00fcr\u00a0bspw. F\u00fchrerausweise verwendet.<\/p>\n<p>An das Format \u00a0des Passbildes werden folgende Anforderungen gestellt<\/p>\n<ol>\n<li>Die Gr\u00f6sse des Bildes muss\u00a01980 x 1440 Pixel (H\u00f6he x Breite) betragen;<\/li>\n<li>Der Augenabstand (Pupille zu Pupille) muss zwischen 15 und 20 Prozent der Bildbreite betragen;<\/li>\n<li>Die Augen m\u00fcssen im Bereich von 50\u201370 Prozent der Bildh\u00f6he, gemessen vom unteren Bildrand, liegen.<\/li>\n<\/ol>\n<p>Zur Fotomustertafel und den detaillierteren Beschreibungen gelangen Sie <a href=\"https:\/\/www.idphoto.ch\/lexikon\/lexikon\/passfoto\/anforderungen\">hier<\/a>.<\/p>\n<p>Mittels unseres Passfoto-Generators k\u00f6nnen Sie ihr Bild mit wenigen Handgriffen an die biometrische Schablone anpassen.<\/p>\n<p><a class=\"btn btn-lg btn-warning\" title=\"Bild hochladen und zuschneiden!\" href=\"https:\/\/www.idphoto.ch\/upload\/passbild\">Bild hochladen und zuschneiden!<\/a><\/p>\n","protected":false},"excerpt":{"rendered":"Die Anforderungen an ein biometrisches Passbild unterscheiden sich von denen eines regul\u00e4ren. Biometrische Passbilder werden f\u00fcr Reisep\u00e4sse \u00a0und Identit\u00e4tskarten, nicht jedoch f\u00fcr\u00a0bspw. F\u00fchrerausweise verwendet. An das Format \u00a0des Passbildes werden folgende Anforderungen gestellt Die Gr\u00f6sse des Bildes muss\u00a01980 x 1440 Pixel (H\u00f6he x Breite) betragen; Der Augenabstand (Pupille zu Pupille) muss zwischen 15 und 20&#8230; <a class=\"view-article\" href=\"https:\/\/www.idphoto.app\/lexikon\/passfoto\/passbild-bestimmungen\/\">Anzeigen<\/a>","protected":false},"author":1,"featured_media":0,"parent":142,"menu_order":0,"comment_status":"open","ping_status":"open","template":"","meta":[],"_links":{"self":[{"href":"https:\/\/www.idphoto.app\/lexikon\/wp-json\/wp\/v2\/pages\/1463"}],"collection":[{"href":"https:\/\/www.idphoto.app\/lexikon\/wp-json\/wp\/v2\/pages"}],"about":[{"href":"https:\/\/www.idphoto.app\/lexikon\/wp-json\/wp\/v2\/types\/page"}],"author":[{"embeddable":true,"href":"https:\/\/www.idphoto.app\/lexikon\/wp-json\/wp\/v2\/users\/1"}],"replies":[{"embeddable":true,"href":"https:\/\/www.idphoto.app\/lexikon\/wp-json\/wp\/v2\/comments?post=1463"}],"version-history":[{"count":6,"href":"https:\/\/www.idphoto.app\/lexikon\/wp-json\/wp\/v2\/pages\/1463\/revisions"}],"predecessor-version":[{"id":2232,"href":"https:\/\/www.idphoto.app\/lexikon\/wp-json\/wp\/v2\/pages\/1463\/revisions\/2232"}],"up":[{"embeddable":true,"href":"https:\/\/www.idphoto.app\/lexikon\/wp-json\/wp\/v2\/pages\/142"}],"wp:attachment":[{"href":"https:\/\/www.idphoto.app\/lexikon\/wp-json\/wp\/v2\/media?parent=1463"}],"curies":[{"name":"wp","href":"https:\/\/api.w.org\/{rel}","templated":true}]}}