{"id":1455,"date":"2015-05-23T18:18:57","date_gmt":"2015-05-23T16:18:57","guid":{"rendered":"http:\/\/www.biometrisch.ch\/lexikon\/?page_id=1455"},"modified":"2015-09-15T22:28:04","modified_gmt":"2015-09-15T20:28:04","slug":"gebuehren","status":"publish","type":"page","link":"https:\/\/www.idphoto.app\/lexikon\/auslanderausweis\/gebuehren\/","title":{"rendered":"Ausl\u00e4nderausweis (Geb\u00fchren)"},"content":{"rendered":"<nav class=\"chapter-toc\">\n<h2>Inhalt<\/h2>\n<ul>\n<li><a class=\"smooth\" href=\"#biometrischer-auslaenderausweis\">Biometrischer Ausl\u00e4nderausweis<\/a><\/li>\n<li><a class=\"smooth\" href=\"#nicht-biometrischer-auslaenderausweis\">Nicht biometrischer Ausl\u00e4nderausweis<\/a><\/li>\n<\/ul>\n<\/nav>\n<h2 id=\"biometrischer-auslaenderausweis\" title=\"biometrischer-auslaenderausweis\">Biometrischer Ausl\u00e4nderausweis<\/h2>\n<p>F\u00fcr die erstmalige Ausstellung eines biometrischen Ausl\u00e4nderausweises bezahlen Staatsangeh\u00f6rige von Drittstaaten\u00a0CHF 137.\u2013<\/p>\n<table class=\"orange\">\n<thead>\n<tr>\n<th>Bezeichnung<\/th>\n<th>Geb\u00fchr<\/th>\n<\/tr>\n<\/thead>\n<tbody>\n<tr>\n<td><strong>Bewilligungsgeb\u00fchr<\/strong><\/td>\n<td>CHF\u00a095.\u2013<\/td>\n<\/tr>\n<tr>\n<td><strong>Ausstellungsgeb\u00fchr<\/strong><\/td>\n<td>CHF 22.\u2013<\/td>\n<\/tr>\n<tr>\n<td><strong>Biometrieerfassungsgeb\u00fchr<\/strong><\/td>\n<td>CHF 20.\u2013<\/td>\n<\/tr>\n<\/tbody>\n<\/table>\n<p>F\u00fcr Kinder gelten die gleichen Anforderungen und Geb\u00fchrens\u00e4tze wie f\u00fcr Erwachsene.<\/p>\n<hr \/>\n<p>&nbsp;<\/p>\n<h2 id=\"nicht-biometrischer-auslaenderausweis\" title=\"nicht-biometrischer-auslaenderausweis\">Nicht\u00a0biometrischer Ausl\u00e4nderausweis<\/h2>\n<p>F\u00fcr die erstmalige Ausstellung eines nicht biometrischen Ausl\u00e4nderausweises bezahlen Staatsangeh\u00f6rige von Drittstaaten, die mit EU\/EFTA-Staatsangeh\u00f6rigen\u00a0verheiratet sind CHF 65.\u2013<\/p>\n<table class=\"orange\">\n<thead>\n<tr>\n<th>Bezeichnung<\/th>\n<th>Geb\u00fchr<\/th>\n<\/tr>\n<\/thead>\n<tbody>\n<tr>\n<td><strong>Bewilligungsgeb\u00fchr<\/strong><\/td>\n<td>CHF 55.\u2013<\/td>\n<\/tr>\n<tr>\n<td><strong>Ausstellungsgeb\u00fchr<\/strong><\/td>\n<td>CHF 10.\u2013<\/td>\n<\/tr>\n<\/tbody>\n<\/table>\n","protected":false},"excerpt":{"rendered":"Inhalt Biometrischer Ausl\u00e4nderausweis Nicht biometrischer Ausl\u00e4nderausweis Biometrischer Ausl\u00e4nderausweis F\u00fcr die erstmalige Ausstellung eines biometrischen Ausl\u00e4nderausweises bezahlen Staatsangeh\u00f6rige von Drittstaaten\u00a0CHF 137.\u2013 Bezeichnung Geb\u00fchr Bewilligungsgeb\u00fchr CHF\u00a095.\u2013 Ausstellungsgeb\u00fchr CHF 22.\u2013 Biometrieerfassungsgeb\u00fchr CHF 20.\u2013 F\u00fcr Kinder gelten die gleichen Anforderungen und Geb\u00fchrens\u00e4tze wie f\u00fcr Erwachsene. &nbsp; Nicht\u00a0biometrischer Ausl\u00e4nderausweis F\u00fcr die erstmalige Ausstellung eines nicht biometrischen Ausl\u00e4nderausweises bezahlen Staatsangeh\u00f6rige von&#8230; <a class=\"view-article\" href=\"https:\/\/www.idphoto.app\/lexikon\/auslanderausweis\/gebuehren\/\">Anzeigen<\/a>","protected":false},"author":1,"featured_media":0,"parent":1065,"menu_order":0,"comment_status":"open","ping_status":"open","template":"","meta":[],"_links":{"self":[{"href":"https:\/\/www.idphoto.app\/lexikon\/wp-json\/wp\/v2\/pages\/1455"}],"collection":[{"href":"https:\/\/www.idphoto.app\/lexikon\/wp-json\/wp\/v2\/pages"}],"about":[{"href":"https:\/\/www.idphoto.app\/lexikon\/wp-json\/wp\/v2\/types\/page"}],"author":[{"embeddable":true,"href":"https:\/\/www.idphoto.app\/lexikon\/wp-json\/wp\/v2\/users\/1"}],"replies":[{"embeddable":true,"href":"https:\/\/www.idphoto.app\/lexikon\/wp-json\/wp\/v2\/comments?post=1455"}],"version-history":[{"count":13,"href":"https:\/\/www.idphoto.app\/lexikon\/wp-json\/wp\/v2\/pages\/1455\/revisions"}],"predecessor-version":[{"id":1864,"href":"https:\/\/www.idphoto.app\/lexikon\/wp-json\/wp\/v2\/pages\/1455\/revisions\/1864"}],"up":[{"embeddable":true,"href":"https:\/\/www.idphoto.app\/lexikon\/wp-json\/wp\/v2\/pages\/1065"}],"wp:attachment":[{"href":"https:\/\/www.idphoto.app\/lexikon\/wp-json\/wp\/v2\/media?parent=1455"}],"curies":[{"name":"wp","href":"https:\/\/api.w.org\/{rel}","templated":true}]}}