{"id":1453,"date":"2015-05-23T18:17:45","date_gmt":"2015-05-23T16:17:45","guid":{"rendered":"http:\/\/www.biometrisch.ch\/lexikon\/?page_id=1453"},"modified":"2015-11-03T11:02:24","modified_gmt":"2015-11-03T10:02:24","slug":"lexikon-a-z","status":"publish","type":"page","link":"https:\/\/www.idphoto.app\/lexikon\/lexikon-a-z\/","title":{"rendered":"Lexikon A-Z"},"content":{"rendered":"<h1>Hinweise<\/h1>\n<p>Wir recherchieren alle Informationen mit gr\u00f6\u00dfter Sorgfalt. Dennoch k\u00f6nnen wir Dir nicht garantieren, dass alle Informationen immer aktuell sind. Daher sind alle Angaben ohne Gew\u00e4hr.<\/p>\n","protected":false},"excerpt":{"rendered":"Hinweise Wir recherchieren alle Informationen mit gr\u00f6\u00dfter Sorgfalt. Dennoch k\u00f6nnen wir Dir nicht garantieren, dass alle Informationen immer aktuell sind. Daher sind alle Angaben ohne Gew\u00e4hr.","protected":false},"author":1,"featured_media":0,"parent":0,"menu_order":99,"comment_status":"open","ping_status":"closed","template":"lexikon-a-z_template.php","meta":[],"_links":{"self":[{"href":"https:\/\/www.idphoto.app\/lexikon\/wp-json\/wp\/v2\/pages\/1453"}],"collection":[{"href":"https:\/\/www.idphoto.app\/lexikon\/wp-json\/wp\/v2\/pages"}],"about":[{"href":"https:\/\/www.idphoto.app\/lexikon\/wp-json\/wp\/v2\/types\/page"}],"author":[{"embeddable":true,"href":"https:\/\/www.idphoto.app\/lexikon\/wp-json\/wp\/v2\/users\/1"}],"replies":[{"embeddable":true,"href":"https:\/\/www.idphoto.app\/lexikon\/wp-json\/wp\/v2\/comments?post=1453"}],"version-history":[{"count":1,"href":"https:\/\/www.idphoto.app\/lexikon\/wp-json\/wp\/v2\/pages\/1453\/revisions"}],"predecessor-version":[{"id":1454,"href":"https:\/\/www.idphoto.app\/lexikon\/wp-json\/wp\/v2\/pages\/1453\/revisions\/1454"}],"wp:attachment":[{"href":"https:\/\/www.idphoto.app\/lexikon\/wp-json\/wp\/v2\/media?parent=1453"}],"curies":[{"name":"wp","href":"https:\/\/api.w.org\/{rel}","templated":true}]}}