{"id":1380,"date":"2014-03-05T02:44:33","date_gmt":"2014-03-05T01:44:33","guid":{"rendered":"http:\/\/www.idphoto.ch\/?page_id=1380"},"modified":"2015-11-03T11:00:05","modified_gmt":"2015-11-03T10:00:05","slug":"studentenausweis-legi","status":"publish","type":"page","link":"https:\/\/www.idphoto.app\/lexikon\/studentenausweis-legi\/","title":{"rendered":"Studenten&shy;ausweis \/ Legi"},"content":{"rendered":"<p>Der Studentenausweis oder auch Legitimationskarte bzw. UNICARD genannt, wird von der jeweiligen Hochschule bzw. Universit\u00e4t ausgegeben und ist sozusagen der Ausweis des studentischen Lebens. Die Geschichte der &#8222;Legi&#8220; findet sich <a title=\"Die Legitimationskarte\" href=\"http:\/\/www.ethistory.ethz.ch\/besichtigungen\/objekte\/legi\/\" target=\"_blank\">hier<\/a>.<\/p>\n<p>Wie auch bei\u00a0Identit\u00e4tskarte\u00a0und F\u00fchrerausweis,\u00a0ziert die\u00a0Legitimationskarte das Abbild der Besitzerin oder des Besitzers. Die Anforderungen an das Foto sind nicht mit denen eines biometrischen Passbildes zu vergleichen. Dennoch wird nicht allzu selten darauf hingewiesen, dass das Foto unter Umst\u00e4nden auch abgelehnt werden kann. Es empfiehlt sich daher,\u00a0der Einfachheit halber\u00a0auf die <a title=\"Anforderungen an ein Passfoto\" href=\"http:\/\/www.idphoto.ch\/lexikon\/reisepass\/wie-mache-ich-ein-biometrisches-passfoto\/\">Anforderungen an ein Passfoto<\/a> zur\u00fcckzugreifen, um nicht \u00e4rgerlicherweise ein zweites Mal ein Foto aufnehmen zu m\u00fcssen.<\/p>\n<p><a class=\"product_button right\" title=\"Zum Passbildgenerator!\" href=\"http:\/\/www.idphoto.ch\/upload\/\"> Zum Passbildgenerator \u00bb<\/a><\/p>\n","protected":false},"excerpt":{"rendered":"Der Studentenausweis oder auch Legitimationskarte bzw. UNICARD genannt, wird von der jeweiligen Hochschule bzw. Universit\u00e4t ausgegeben und ist sozusagen der Ausweis des studentischen Lebens. Die Geschichte der &#8222;Legi&#8220; findet sich hier. Wie auch bei\u00a0Identit\u00e4tskarte\u00a0und F\u00fchrerausweis,\u00a0ziert die\u00a0Legitimationskarte das Abbild der Besitzerin oder des Besitzers. Die Anforderungen an das Foto sind nicht mit denen eines biometrischen Passbildes&#8230; <a class=\"view-article\" href=\"https:\/\/www.idphoto.app\/lexikon\/studentenausweis-legi\/\">Anzeigen<\/a>","protected":false},"author":4,"featured_media":0,"parent":0,"menu_order":0,"comment_status":"open","ping_status":"closed","template":"","meta":[],"_links":{"self":[{"href":"https:\/\/www.idphoto.app\/lexikon\/wp-json\/wp\/v2\/pages\/1380"}],"collection":[{"href":"https:\/\/www.idphoto.app\/lexikon\/wp-json\/wp\/v2\/pages"}],"about":[{"href":"https:\/\/www.idphoto.app\/lexikon\/wp-json\/wp\/v2\/types\/page"}],"author":[{"embeddable":true,"href":"https:\/\/www.idphoto.app\/lexikon\/wp-json\/wp\/v2\/users\/4"}],"replies":[{"embeddable":true,"href":"https:\/\/www.idphoto.app\/lexikon\/wp-json\/wp\/v2\/comments?post=1380"}],"version-history":[{"count":4,"href":"https:\/\/www.idphoto.app\/lexikon\/wp-json\/wp\/v2\/pages\/1380\/revisions"}],"predecessor-version":[{"id":1847,"href":"https:\/\/www.idphoto.app\/lexikon\/wp-json\/wp\/v2\/pages\/1380\/revisions\/1847"}],"wp:attachment":[{"href":"https:\/\/www.idphoto.app\/lexikon\/wp-json\/wp\/v2\/media?parent=1380"}],"curies":[{"name":"wp","href":"https:\/\/api.w.org\/{rel}","templated":true}]}}