{"id":1368,"date":"2014-03-02T16:11:20","date_gmt":"2014-03-02T14:11:20","guid":{"rendered":"http:\/\/www.idphoto.ch\/?page_id=1368"},"modified":"2016-11-13T17:58:38","modified_gmt":"2016-11-13T16:58:38","slug":"vietnam","status":"publish","type":"page","link":"https:\/\/www.idphoto.app\/lexikon\/visum\/vietnam\/","title":{"rendered":"Vietnam \ud83c\uddfb\ud83c\uddf3"},"content":{"rendered":"<p>Wer als B\u00fcrger der Schweiz oder des F\u00fcrstentum Liechtensteins nach Vietnam reisen m\u00f6chte, ben\u00f6tigt grunds\u00e4tzlich ein Visum und einen 6 Monate (empfehlenswert nach Antritt der Reise) g\u00fcltigen Reisepass.\u00a0 Hierf\u00fcr wendet man sich am ehesten rechtzeitig an die <a title=\"Vietnamnesische Botschaft in Bern\" href=\"http:\/\/www.vietnam-embassy.ch\/\" target=\"_blank\">Vietnamnesische Botschaft in Bern<\/a>. Ein Passbild (Format 35mm x 45mm) ist obligatorisch. Dies gilt sowohl f\u00fcr den Luft, als auch den Landweg, wobei die Kriterien bei der Einreise \u00fcber den Landweg teilweise wesentlich lockerer sind. Somit ist ein nicht beantragtes Visum kein direkter Grund zum verzeifeln. In ausnahmslos allen grenznahen St\u00e4dten der Nachbarl\u00e4nder gibt es Agents und Agenturen, die einem dies liebend gerne (gegen ein Aufgeld) nachholen.<\/p>\n<p>&nbsp;<\/p>\n<div id=\"attachment_1371\" style=\"width: 300px\" class=\"wp-caption aligncenter\"><a href=\"https:\/\/www.eda.admin.ch\/eda\/de\/home\/vertretungen-und-reisehinweise\/vietnam.html\" target=\"_blank\"><img aria-describedby=\"caption-attachment-1371\" loading=\"lazy\" class=\"  wp-image-1371\" title=\"https:\/\/www.eda.admin.ch\/eda\/de\/home\/vertretungen-und-reisehinweise\/vietnam.html\" src=\"https:\/\/www.idphoto.ch\/lexikon\/wp-content\/uploads\/2014\/03\/Flag_of_Vietnam.svg_1.png\" width=\"290\" height=\"192\" srcset=\"https:\/\/www.idphoto.app\/lexikon\/wp-content\/uploads\/2014\/03\/Flag_of_Vietnam.svg_1.png 800w, https:\/\/www.idphoto.app\/lexikon\/wp-content\/uploads\/2014\/03\/Flag_of_Vietnam.svg_1-250x167.png 250w, https:\/\/www.idphoto.app\/lexikon\/wp-content\/uploads\/2014\/03\/Flag_of_Vietnam.svg_1-700x466.png 700w, https:\/\/www.idphoto.app\/lexikon\/wp-content\/uploads\/2014\/03\/Flag_of_Vietnam.svg_1-120x80.png 120w\" sizes=\"(max-width: 290px) 100vw, 290px\" \/><\/a><p id=\"caption-attachment-1371\" class=\"wp-caption-text\">Reisehinweise des EDA<\/p><\/div>\n","protected":false},"excerpt":{"rendered":"Wer als B\u00fcrger der Schweiz oder des F\u00fcrstentum Liechtensteins nach Vietnam reisen m\u00f6chte, ben\u00f6tigt grunds\u00e4tzlich ein Visum und einen 6 Monate (empfehlenswert nach Antritt der Reise) g\u00fcltigen Reisepass.\u00a0 Hierf\u00fcr wendet man sich am ehesten rechtzeitig an die Vietnamnesische Botschaft in Bern. Ein Passbild (Format 35mm x 45mm) ist obligatorisch. Dies gilt sowohl f\u00fcr den Luft,&#8230; <a class=\"view-article\" href=\"https:\/\/www.idphoto.app\/lexikon\/visum\/vietnam\/\">Anzeigen<\/a>","protected":false},"author":4,"featured_media":0,"parent":998,"menu_order":0,"comment_status":"open","ping_status":"open","template":"","meta":[],"_links":{"self":[{"href":"https:\/\/www.idphoto.app\/lexikon\/wp-json\/wp\/v2\/pages\/1368"}],"collection":[{"href":"https:\/\/www.idphoto.app\/lexikon\/wp-json\/wp\/v2\/pages"}],"about":[{"href":"https:\/\/www.idphoto.app\/lexikon\/wp-json\/wp\/v2\/types\/page"}],"author":[{"embeddable":true,"href":"https:\/\/www.idphoto.app\/lexikon\/wp-json\/wp\/v2\/users\/4"}],"replies":[{"embeddable":true,"href":"https:\/\/www.idphoto.app\/lexikon\/wp-json\/wp\/v2\/comments?post=1368"}],"version-history":[{"count":3,"href":"https:\/\/www.idphoto.app\/lexikon\/wp-json\/wp\/v2\/pages\/1368\/revisions"}],"predecessor-version":[{"id":2062,"href":"https:\/\/www.idphoto.app\/lexikon\/wp-json\/wp\/v2\/pages\/1368\/revisions\/2062"}],"up":[{"embeddable":true,"href":"https:\/\/www.idphoto.app\/lexikon\/wp-json\/wp\/v2\/pages\/998"}],"wp:attachment":[{"href":"https:\/\/www.idphoto.app\/lexikon\/wp-json\/wp\/v2\/media?parent=1368"}],"curies":[{"name":"wp","href":"https:\/\/api.w.org\/{rel}","templated":true}]}}