{"id":1350,"date":"2014-02-09T21:01:38","date_gmt":"2014-02-09T19:01:38","guid":{"rendered":"http:\/\/www.idphoto.ch\/?page_id=1350"},"modified":"2016-12-11T11:08:58","modified_gmt":"2016-12-11T10:08:58","slug":"venezuela","status":"publish","type":"page","link":"https:\/\/www.idphoto.app\/lexikon\/visum\/venezuela\/","title":{"rendered":"Venezuela \ud83c\uddfb\ud83c\uddea"},"content":{"rendered":"<p>F\u00fcr die Einreise in Venezuela ist f\u00fcr Staatsangeh\u00f6rige der Schweiz und Liechtenstein die Beantragung eines Visums nicht erforderlich, sofern die Aufenthaltsdauer maximal 90 Tage betr\u00e4gt. Im Flugzeug bzw. an der Grenze ist lediglich (kostenlos) eine \u201cTourist Entry Card&#8220; (TEC) auszuf\u00fcllen. Diese ist sorgsam aufzubewahren, da sie f\u00fcr die Ausreise ben\u00f6tigt wird. F\u00fcr l\u00e4ngere Aufenthalte und andere Zwecke (Gesch\u00e4ftsreisen, Arbeit, Studium, etc.) wird grunds\u00e4tzlich ein Visum ben\u00f6tigt. Ein solches ist vor der Einreise bei der <a href=\"http:\/\/www.embavenez-suiza.ch\/\">venezolanischen Botschaft in Bern<\/a> zu beantragen. Neben einem noch mindestens sechs Monate g\u00fcltigen Reisepass (samt einer freien Seite) und einem regul\u00e4ren <a href=\"https:\/\/www.idphoto.ch\/upload\/passbild\">Passfoto<\/a>, ist insbesondere der Nachweis des Besuchszwecks erforderlich.<\/p>\n<p>&nbsp;<\/p>\n<div id=\"attachment_1351\" style=\"width: 285px\" class=\"wp-caption aligncenter\"><a href=\"https:\/\/www.eda.admin.ch\/eda\/de\/home\/vertretungen-und-reisehinweise\/venezuela\/reisehinweise-fuervenezuela.html\"><img aria-describedby=\"caption-attachment-1351\" loading=\"lazy\" class=\" wp-image-1351\" title=\"https:\/\/www.eda.admin.ch\/eda\/de\/home\/vertretungen-und-reisehinweise\/venezuela\/reisehinweise-fuervenezuela.html\" src=\"https:\/\/www.idphoto.ch\/lexikon\/wp-content\/uploads\/2014\/02\/venezuela.jpg\" width=\"275\" height=\"183\" srcset=\"https:\/\/www.idphoto.app\/lexikon\/wp-content\/uploads\/2014\/02\/venezuela.jpg 275w, https:\/\/www.idphoto.app\/lexikon\/wp-content\/uploads\/2014\/02\/venezuela-250x166.jpg 250w, https:\/\/www.idphoto.app\/lexikon\/wp-content\/uploads\/2014\/02\/venezuela-120x80.jpg 120w\" sizes=\"(max-width: 275px) 100vw, 275px\" \/><\/a><p id=\"caption-attachment-1351\" class=\"wp-caption-text\">Reisehinweise des EDA<\/p><\/div>\n<p>&nbsp;<\/p>\n<p><a class=\"flat-button orange-flat-button\" title=\"Bild hochladen und Passbild f\u00fcr den F\u00fchrerschein zuschneiden\" href=\"https:\/\/www.idphoto.ch\/upload\/passbild\">Jetzt ein Passbild\u00a0erstellen \u00bb<\/a><\/p>\n","protected":false},"excerpt":{"rendered":"F\u00fcr die Einreise in Venezuela ist f\u00fcr Staatsangeh\u00f6rige der Schweiz und Liechtenstein die Beantragung eines Visums nicht erforderlich, sofern die Aufenthaltsdauer maximal 90 Tage betr\u00e4gt. Im Flugzeug bzw. an der Grenze ist lediglich (kostenlos) eine \u201cTourist Entry Card&#8220; (TEC) auszuf\u00fcllen. Diese ist sorgsam aufzubewahren, da sie f\u00fcr die Ausreise ben\u00f6tigt wird. F\u00fcr l\u00e4ngere Aufenthalte und&#8230; <a class=\"view-article\" href=\"https:\/\/www.idphoto.app\/lexikon\/visum\/venezuela\/\">Anzeigen<\/a>","protected":false},"author":3,"featured_media":0,"parent":998,"menu_order":0,"comment_status":"open","ping_status":"open","template":"","meta":[],"_links":{"self":[{"href":"https:\/\/www.idphoto.app\/lexikon\/wp-json\/wp\/v2\/pages\/1350"}],"collection":[{"href":"https:\/\/www.idphoto.app\/lexikon\/wp-json\/wp\/v2\/pages"}],"about":[{"href":"https:\/\/www.idphoto.app\/lexikon\/wp-json\/wp\/v2\/types\/page"}],"author":[{"embeddable":true,"href":"https:\/\/www.idphoto.app\/lexikon\/wp-json\/wp\/v2\/users\/3"}],"replies":[{"embeddable":true,"href":"https:\/\/www.idphoto.app\/lexikon\/wp-json\/wp\/v2\/comments?post=1350"}],"version-history":[{"count":6,"href":"https:\/\/www.idphoto.app\/lexikon\/wp-json\/wp\/v2\/pages\/1350\/revisions"}],"predecessor-version":[{"id":2206,"href":"https:\/\/www.idphoto.app\/lexikon\/wp-json\/wp\/v2\/pages\/1350\/revisions\/2206"}],"up":[{"embeddable":true,"href":"https:\/\/www.idphoto.app\/lexikon\/wp-json\/wp\/v2\/pages\/998"}],"wp:attachment":[{"href":"https:\/\/www.idphoto.app\/lexikon\/wp-json\/wp\/v2\/media?parent=1350"}],"curies":[{"name":"wp","href":"https:\/\/api.w.org\/{rel}","templated":true}]}}