{"id":1334,"date":"2014-02-08T17:03:36","date_gmt":"2014-02-08T15:03:36","guid":{"rendered":"http:\/\/www.idphoto.ch\/?page_id=1334"},"modified":"2016-12-11T11:11:05","modified_gmt":"2016-12-11T10:11:05","slug":"kolumbien","status":"publish","type":"page","link":"https:\/\/www.idphoto.app\/lexikon\/visum\/kolumbien\/","title":{"rendered":"Kolumbien \ud83c\udde8\ud83c\uddf4"},"content":{"rendered":"<p>F\u00fcr die Einreise in Kolumbien ist f\u00fcr Staatsangeh\u00f6rige der Schweiz und Liechtenstein die Beantragung eines Visum\u00a0 nicht erforderlich, sofern die Aufenthaltsdauer maximal 90 Tage betr\u00e4gt. Eine einmalige Verl\u00e4ngerung um weitere 90 Tage ist m\u00f6glich. Dies gilt sowohl f\u00fcr touristische wie auch f\u00fcr gesch\u00e4ftliche Reisen. F\u00fcr andere Zwecke (Studium, Arbeit) ist hingegen stets ein Visum erforderlich. Ein solches ist vor der Einreise bei der <a href=\"http:\/\/suiza.embajada.gov.co\">kolumbianischen Botschaft in Bern <\/a>zu beantragen.<\/p>\n<p>&nbsp;<\/p>\n<div id=\"attachment_1338\" style=\"width: 310px\" class=\"wp-caption aligncenter\"><a href=\"https:\/\/www.eda.admin.ch\/eda\/de\/home\/vertretungen-und-reisehinweise\/kolumbien\/reisehinweise-fuerkolumbien.html\"><img aria-describedby=\"caption-attachment-1338\" loading=\"lazy\" class=\" wp-image-1338\" title=\"https:\/\/www.eda.admin.ch\/eda\/de\/home\/vertretungen-und-reisehinweise\/kolumbien\/reisehinweise-fuerkolumbien.html\" src=\"https:\/\/www.idphoto.ch\/lexikon\/wp-content\/uploads\/2014\/02\/flagge-kolumbien1.gif\" width=\"300\" height=\"199\" \/><\/a><p id=\"caption-attachment-1338\" class=\"wp-caption-text\">Reisehinweise des EDA<\/p><\/div>\n<p>&nbsp;<\/p>\n<p><a class=\"flat-button orange-flat-button\" title=\"Bild hochladen und Passbild f\u00fcr den F\u00fchrerschein zuschneiden\" href=\"https:\/\/www.idphoto.ch\/upload\/passbild\">Jetzt ein Passbild\u00a0erstellen \u00bb<\/a><\/p>\n<p>&nbsp;<\/p>\n","protected":false},"excerpt":{"rendered":"F\u00fcr die Einreise in Kolumbien ist f\u00fcr Staatsangeh\u00f6rige der Schweiz und Liechtenstein die Beantragung eines Visum\u00a0 nicht erforderlich, sofern die Aufenthaltsdauer maximal 90 Tage betr\u00e4gt. Eine einmalige Verl\u00e4ngerung um weitere 90 Tage ist m\u00f6glich. Dies gilt sowohl f\u00fcr touristische wie auch f\u00fcr gesch\u00e4ftliche Reisen. F\u00fcr andere Zwecke (Studium, Arbeit) ist hingegen stets ein Visum erforderlich&#8230;. <a class=\"view-article\" href=\"https:\/\/www.idphoto.app\/lexikon\/visum\/kolumbien\/\">Anzeigen<\/a>","protected":false},"author":3,"featured_media":0,"parent":998,"menu_order":0,"comment_status":"open","ping_status":"open","template":"","meta":[],"_links":{"self":[{"href":"https:\/\/www.idphoto.app\/lexikon\/wp-json\/wp\/v2\/pages\/1334"}],"collection":[{"href":"https:\/\/www.idphoto.app\/lexikon\/wp-json\/wp\/v2\/pages"}],"about":[{"href":"https:\/\/www.idphoto.app\/lexikon\/wp-json\/wp\/v2\/types\/page"}],"author":[{"embeddable":true,"href":"https:\/\/www.idphoto.app\/lexikon\/wp-json\/wp\/v2\/users\/3"}],"replies":[{"embeddable":true,"href":"https:\/\/www.idphoto.app\/lexikon\/wp-json\/wp\/v2\/comments?post=1334"}],"version-history":[{"count":7,"href":"https:\/\/www.idphoto.app\/lexikon\/wp-json\/wp\/v2\/pages\/1334\/revisions"}],"predecessor-version":[{"id":2209,"href":"https:\/\/www.idphoto.app\/lexikon\/wp-json\/wp\/v2\/pages\/1334\/revisions\/2209"}],"up":[{"embeddable":true,"href":"https:\/\/www.idphoto.app\/lexikon\/wp-json\/wp\/v2\/pages\/998"}],"wp:attachment":[{"href":"https:\/\/www.idphoto.app\/lexikon\/wp-json\/wp\/v2\/media?parent=1334"}],"curies":[{"name":"wp","href":"https:\/\/api.w.org\/{rel}","templated":true}]}}