{"id":1232,"date":"2014-01-19T13:47:13","date_gmt":"2014-01-19T11:47:13","guid":{"rendered":"http:\/\/www.idphoto.ch\/?page_id=1232"},"modified":"2016-12-11T11:11:31","modified_gmt":"2016-12-11T10:11:31","slug":"laos","status":"publish","type":"page","link":"https:\/\/www.idphoto.app\/lexikon\/visum\/laos\/","title":{"rendered":"Laos \ud83c\uddf1\ud83c\udde6"},"content":{"rendered":"<p align=\"left\">F\u00fcr die Einreise in Laos ben\u00f6tigen Staatsangeh\u00f6rige der Schweiz und Liechtenstein bis zu einer Aufenthaltsdauer von 15 Tagen kein Visum. F\u00fcr einen Aufenthalt von bis zu 30 Tagen ist die Beantragung eines Touristenvisums erfoderlich, welches vor Ort verl\u00e4ngert werden kann. Eine Beantragung ist entweder beim Grenz\u00fcbertritt oder vorab beim <a href=\"http:\/\/www.laos-swiss.ch\/\">laotischen Konsulat in Schwyz<\/a> pers\u00f6nlich oder aber auch postalisch m\u00f6glich. Ben\u00f6tigt wird neben einem noch mindestens sechs Monate g\u00fcltigen Reisepass ein regul\u00e4res <a href=\"http:\/\/www.idphoto.ch\/upload\/\">Passbild<\/a>. Die Kosten f\u00fcr ein Touristenvisum betragen bei Grenz\u00fcbertritt ca. 35\u00a0CHF (je nach Wechselkurs), wobei an Wochenenden ein Zuschlag von ca. 125\u00a0CHF verlangt wird. Eine Beantragung vor Abreise ist mit Kosten von 70\u00a0CHF pro Person verbunden.<\/p>\n<div id=\"attachment_1261\" style=\"width: 302px\" class=\"wp-caption aligncenter\"><a href=\"https:\/\/www.eda.admin.ch\/eda\/de\/home\/vertretungen-und-reisehinweise\/laos\/reisehinweise-fuerlaos.html\" target=\"_blank\"><img aria-describedby=\"caption-attachment-1261\" loading=\"lazy\" class=\" wp-image-1261\" title=\"https:\/\/www.eda.admin.ch\/eda\/de\/home\/vertretungen-und-reisehinweise\/laos\/reisehinweise-fuerlaos.html\" src=\"https:\/\/www.idphoto.ch\/lexikon\/wp-content\/uploads\/2014\/01\/600px-Flag_of_Laos.svg_.png\" width=\"292\" height=\"190\" \/><\/a><p id=\"caption-attachment-1261\" class=\"wp-caption-text\">Reisehinweise des EDA<\/p><\/div>\n<p>&nbsp;<\/p>\n<p><a class=\"flat-button orange-flat-button\" title=\"Bild hochladen und Passbild f\u00fcr den F\u00fchrerschein zuschneiden\" href=\"https:\/\/www.idphoto.ch\/upload\/passbild\">Jetzt ein Passbild\u00a0erstellen \u00bb<\/a><\/p>\n<p>&nbsp;<\/p>\n","protected":false},"excerpt":{"rendered":"F\u00fcr die Einreise in Laos ben\u00f6tigen Staatsangeh\u00f6rige der Schweiz und Liechtenstein bis zu einer Aufenthaltsdauer von 15 Tagen kein Visum. F\u00fcr einen Aufenthalt von bis zu 30 Tagen ist die Beantragung eines Touristenvisums erfoderlich, welches vor Ort verl\u00e4ngert werden kann. Eine Beantragung ist entweder beim Grenz\u00fcbertritt oder vorab beim laotischen Konsulat in Schwyz pers\u00f6nlich oder&#8230; <a class=\"view-article\" href=\"https:\/\/www.idphoto.app\/lexikon\/visum\/laos\/\">Anzeigen<\/a>","protected":false},"author":3,"featured_media":0,"parent":998,"menu_order":0,"comment_status":"open","ping_status":"open","template":"","meta":[],"_links":{"self":[{"href":"https:\/\/www.idphoto.app\/lexikon\/wp-json\/wp\/v2\/pages\/1232"}],"collection":[{"href":"https:\/\/www.idphoto.app\/lexikon\/wp-json\/wp\/v2\/pages"}],"about":[{"href":"https:\/\/www.idphoto.app\/lexikon\/wp-json\/wp\/v2\/types\/page"}],"author":[{"embeddable":true,"href":"https:\/\/www.idphoto.app\/lexikon\/wp-json\/wp\/v2\/users\/3"}],"replies":[{"embeddable":true,"href":"https:\/\/www.idphoto.app\/lexikon\/wp-json\/wp\/v2\/comments?post=1232"}],"version-history":[{"count":7,"href":"https:\/\/www.idphoto.app\/lexikon\/wp-json\/wp\/v2\/pages\/1232\/revisions"}],"predecessor-version":[{"id":2211,"href":"https:\/\/www.idphoto.app\/lexikon\/wp-json\/wp\/v2\/pages\/1232\/revisions\/2211"}],"up":[{"embeddable":true,"href":"https:\/\/www.idphoto.app\/lexikon\/wp-json\/wp\/v2\/pages\/998"}],"wp:attachment":[{"href":"https:\/\/www.idphoto.app\/lexikon\/wp-json\/wp\/v2\/media?parent=1232"}],"curies":[{"name":"wp","href":"https:\/\/api.w.org\/{rel}","templated":true}]}}