{"id":1100,"date":"2013-10-12T13:09:48","date_gmt":"2013-10-12T11:09:48","guid":{"rendered":"http:\/\/www.idphoto.ch\/?page_id=1100"},"modified":"2016-12-22T14:30:46","modified_gmt":"2016-12-22T13:30:46","slug":"australien","status":"publish","type":"page","link":"https:\/\/www.idphoto.app\/lexikon\/visum\/australien\/","title":{"rendered":"Australien \ud83c\udde6\ud83c\uddfa"},"content":{"rendered":"<p>In Australien gilt eine generelle Visumspflicht f\u00fcr alle Ausl\u00e4nder. Es wird unterschieden zwischen dem Typ &#8222;<a title=\"ETA Visa subclass 976\" href=\"http:\/\/www.immi.gov.au\/visitors\/tourist\/976\/\" target=\"_blank\">ETA Visa subclass 976<\/a>&#8222;, welches wiederum eine 1 j\u00e4hrige G\u00fcltigkeit besitzt und das mehrfach Ein- bzw. Ausreisen und somit auch\u00a0eine Verl\u00e4ngerung des\u00a0Aufenthalts erm\u00f6glicht\u00a0und dem Typ &#8222;<a title=\"eVisitor subclass 676\" href=\"http:\/\/www.immi.gov.au\/visitors\/tourist\/676\/\" target=\"_blank\">eVisitor subclass 676<\/a>&#8222;.<\/p>\n<p>Das &#8222;eVisitor&#8220; Visum kann \u00fcber folgende Seite selbst beantragt werden:<\/p>\n<p><a href=\"https:\/\/www.ecom.immi.gov.au\/\">https:\/\/www.ecom.immi.gov.au\/<\/a><\/p>\n<p>Vor\u00a0Buchung der Reise muss zwingend zuerst der Antrag ausgef\u00fcllt und mit einer Kopie des mindestens sechs Monate g\u00fcltigen Reisepasses, eines Standard Passfotos (35 \u00d7 45 mm) und diversen Nachweisen eingereicht werden. Nat\u00fcrlich empfiehlt es sich, die Best\u00e4tigung des Antrags auf ein Visum abzuwarten. Alle relevanten Informationen werden einem dann ausschliesslich per E-Mail zugesendet, man erh\u00e4lt\u00a0diese <strong>nicht<\/strong> in Papierform!<\/p>\n<p>&nbsp;<\/p>\n<div id=\"attachment_1240\" style=\"width: 302px\" class=\"wp-caption aligncenter\"><a href=\"https:\/\/www.eda.admin.ch\/eda\/de\/home\/vertretungen-und-reisehinweise\/australien\/reisehinweise-fueraustralien.html\" target=\"_blank\"><img aria-describedby=\"caption-attachment-1240\" loading=\"lazy\" class=\" wp-image-1240\" title=\"https:\/\/www.eda.admin.ch\/eda\/de\/home\/vertretungen-und-reisehinweise\/australien\/reisehinweise-fueraustralien.html\" src=\"https:\/\/www.idphoto.ch\/lexikon\/wp-content\/uploads\/2014\/01\/800px-Flag_of_Australia_svg-e1390239977200.png\" width=\"292\" height=\"190\" \/><\/a><p id=\"caption-attachment-1240\" class=\"wp-caption-text\">Reisehinweise des EDA<\/p><\/div>\n<p>&nbsp;<\/p>\n<p><a class=\"flat-button orange-flat-button\" title=\"Bild hochladen und Passbild f\u00fcr den F\u00fchrerschein zuschneiden\" href=\"https:\/\/www.idphoto.ch\/upload\/passbild\">Jetzt ein Passbild\u00a0erstellen \u00bb<\/a><\/p>\n","protected":false},"excerpt":{"rendered":"In Australien gilt eine generelle Visumspflicht f\u00fcr alle Ausl\u00e4nder. Es wird unterschieden zwischen dem Typ &#8222;ETA Visa subclass 976&#8222;, welches wiederum eine 1 j\u00e4hrige G\u00fcltigkeit besitzt und das mehrfach Ein- bzw. Ausreisen und somit auch\u00a0eine Verl\u00e4ngerung des\u00a0Aufenthalts erm\u00f6glicht\u00a0und dem Typ &#8222;eVisitor subclass 676&#8222;. Das &#8222;eVisitor&#8220; Visum kann \u00fcber folgende Seite selbst beantragt werden: https:\/\/www.ecom.immi.gov.au\/ Vor\u00a0Buchung&#8230; <a class=\"view-article\" href=\"https:\/\/www.idphoto.app\/lexikon\/visum\/australien\/\">Anzeigen<\/a>","protected":false},"author":4,"featured_media":0,"parent":998,"menu_order":0,"comment_status":"open","ping_status":"open","template":"","meta":[],"_links":{"self":[{"href":"https:\/\/www.idphoto.app\/lexikon\/wp-json\/wp\/v2\/pages\/1100"}],"collection":[{"href":"https:\/\/www.idphoto.app\/lexikon\/wp-json\/wp\/v2\/pages"}],"about":[{"href":"https:\/\/www.idphoto.app\/lexikon\/wp-json\/wp\/v2\/types\/page"}],"author":[{"embeddable":true,"href":"https:\/\/www.idphoto.app\/lexikon\/wp-json\/wp\/v2\/users\/4"}],"replies":[{"embeddable":true,"href":"https:\/\/www.idphoto.app\/lexikon\/wp-json\/wp\/v2\/comments?post=1100"}],"version-history":[{"count":7,"href":"https:\/\/www.idphoto.app\/lexikon\/wp-json\/wp\/v2\/pages\/1100\/revisions"}],"predecessor-version":[{"id":2129,"href":"https:\/\/www.idphoto.app\/lexikon\/wp-json\/wp\/v2\/pages\/1100\/revisions\/2129"}],"up":[{"embeddable":true,"href":"https:\/\/www.idphoto.app\/lexikon\/wp-json\/wp\/v2\/pages\/998"}],"wp:attachment":[{"href":"https:\/\/www.idphoto.app\/lexikon\/wp-json\/wp\/v2\/media?parent=1100"}],"curies":[{"name":"wp","href":"https:\/\/api.w.org\/{rel}","templated":true}]}}