{"id":1088,"date":"2013-10-12T13:12:21","date_gmt":"2013-10-12T11:12:21","guid":{"rendered":"http:\/\/www.idphoto.ch\/?page_id=1088"},"modified":"2016-12-11T11:20:38","modified_gmt":"2016-12-11T10:20:38","slug":"russland","status":"publish","type":"page","link":"https:\/\/www.idphoto.app\/lexikon\/visum\/russland\/","title":{"rendered":"Russland \ud83c\uddf7\ud83c\uddfa"},"content":{"rendered":"<p>F\u00fcr eine Einreise in Russland\u00a0wird unter allen Umst\u00e4nden\u00a0ein Visum ben\u00f6tigt.\u00a0Hierf\u00fcr werden\u00a0zwei farbige Passfotos im Format 35 x 45 mm verlangt, die nicht \u00e4lter als 6 Monate sein d\u00fcrfen. Das Passfoto kann mit unserem <a href=\"https:\/\/www.idphoto.ch\/upload\/passbild\">Passfoto-Generator <\/a>schnell und einfach an die richtige Gr\u00f6sse angepasst werden. Bis auf wenige Ausnahmen gelten die\u00a0<a href=\"http:\/\/www.idphoto.ch\/lexikon\/passfoto\/wie-mache-ich-selber-ein-passbild-kurzanleitung\/\">biometrischen Bestimmungen<\/a>, wie sie auch in der Schweiz f\u00fcr alle Ausweisdokumente gelten.<\/p>\n<p>Da an der Grenze keine Visa ausgestellt werden, muss man sich bereits\u00a0vor Reiseantritt\u00a0um eines bem\u00fchen. Hierf\u00fcr wendet man sich an die Russischen <a href=\"http:\/\/www.vhs-swiss.com\/main.php\">Visazentren\u00a0\u00a0in Bern<\/a> oder\u00a0<a title=\"Russisches Visazentrum - Genf\" href=\"http:\/\/geneve.kdmid.ru\/\" target=\"_blank\">Genf<\/a>.\u00a0 Die Unterlagen m\u00fcssen zwingend pers\u00f6nlich eingereicht werden, in Ausnahmef\u00e4llen jedoch auch mittels Vollmacht und Vollmachtvertreter m\u00f6glich. Zudem\u00a0m\u00fcssen Staatsangeh\u00f6rige von Drittl\u00e4ndern eine Kopie der Aufenthaltsbewilligung der Schweiz\u00a0den Unterlagen beilegen.<\/p>\n<p>Das Visum wird generell terminiert (Einladung, Reisebest\u00e4tigung etc.) und berechtigt lediglich zur einmaligen Ein- bzw. Ausreise. Kombinierte ggf. touristische Reisen in die umliegenden L\u00e4nder erfordern ein zweifaches Visum.<\/p>\n<p>Der Visumantrag kann \u00fcber die Website des <a title=\"Visumantrag - Russisches Aussenministerium\" href=\"https:\/\/visa.kdmid.ru\/PetitionChoice.aspx?AspxAutoDetectCookieSupport=1\" target=\"_blank\">Russischen Aussenministeriums<\/a> ausgef\u00fcllt werden. Antr\u00e4ge werden nicht per Post bearbeitet!<\/p>\n<p>Weitere Details und Anforderungen finden sich ebenfalls auf der Homepage des <a href=\"http:\/\/www.vhs-swiss.com\/main.php?id=visa-requirements&amp;lang=de\">Russischen Visazentrums<\/a>.<\/p>\n<p>&nbsp;<\/p>\n<div id=\"attachment_1263\" style=\"width: 302px\" class=\"wp-caption aligncenter\"><a href=\"https:\/\/www.eda.admin.ch\/eda\/de\/home\/vertretungen-und-reisehinweise\/russland\/reisehinweise-fuerrussland.html\" target=\"_blank\"><img aria-describedby=\"caption-attachment-1263\" loading=\"lazy\" class=\" wp-image-1263\" style=\"border: 0.5px solid black;\" title=\"https:\/\/www.eda.admin.ch\/eda\/de\/home\/vertretungen-und-reisehinweise\/russland\/reisehinweise-fuerrussland.html\" src=\"https:\/\/www.idphoto.ch\/lexikon\/wp-content\/uploads\/2014\/01\/Flag_of_Russia.svg_.png\" width=\"292\" height=\"190\" \/><\/a><p id=\"caption-attachment-1263\" class=\"wp-caption-text\">Reisehinweise des EDA<\/p><\/div>\n<p>&nbsp;<\/p>\n<p><a class=\"flat-button orange-flat-button\" title=\"Bild hochladen und Passbild f\u00fcr den F\u00fchrerschein zuschneiden\" href=\"https:\/\/www.idphoto.ch\/upload\/passbild\">Jetzt ein Passbild\u00a0erstellen \u00bb<\/a><\/p>\n","protected":false},"excerpt":{"rendered":"F\u00fcr eine Einreise in Russland\u00a0wird unter allen Umst\u00e4nden\u00a0ein Visum ben\u00f6tigt.\u00a0Hierf\u00fcr werden\u00a0zwei farbige Passfotos im Format 35 x 45 mm verlangt, die nicht \u00e4lter als 6 Monate sein d\u00fcrfen. Das Passfoto kann mit unserem Passfoto-Generator schnell und einfach an die richtige Gr\u00f6sse angepasst werden. Bis auf wenige Ausnahmen gelten die\u00a0biometrischen Bestimmungen, wie sie auch in der&#8230; <a class=\"view-article\" href=\"https:\/\/www.idphoto.app\/lexikon\/visum\/russland\/\">Anzeigen<\/a>","protected":false},"author":4,"featured_media":0,"parent":998,"menu_order":0,"comment_status":"open","ping_status":"open","template":"","meta":[],"_links":{"self":[{"href":"https:\/\/www.idphoto.app\/lexikon\/wp-json\/wp\/v2\/pages\/1088"}],"collection":[{"href":"https:\/\/www.idphoto.app\/lexikon\/wp-json\/wp\/v2\/pages"}],"about":[{"href":"https:\/\/www.idphoto.app\/lexikon\/wp-json\/wp\/v2\/types\/page"}],"author":[{"embeddable":true,"href":"https:\/\/www.idphoto.app\/lexikon\/wp-json\/wp\/v2\/users\/4"}],"replies":[{"embeddable":true,"href":"https:\/\/www.idphoto.app\/lexikon\/wp-json\/wp\/v2\/comments?post=1088"}],"version-history":[{"count":9,"href":"https:\/\/www.idphoto.app\/lexikon\/wp-json\/wp\/v2\/pages\/1088\/revisions"}],"predecessor-version":[{"id":2215,"href":"https:\/\/www.idphoto.app\/lexikon\/wp-json\/wp\/v2\/pages\/1088\/revisions\/2215"}],"up":[{"embeddable":true,"href":"https:\/\/www.idphoto.app\/lexikon\/wp-json\/wp\/v2\/pages\/998"}],"wp:attachment":[{"href":"https:\/\/www.idphoto.app\/lexikon\/wp-json\/wp\/v2\/media?parent=1088"}],"curies":[{"name":"wp","href":"https:\/\/api.w.org\/{rel}","templated":true}]}}