{"id":1067,"date":"2013-10-09T15:12:04","date_gmt":"2013-10-09T13:12:04","guid":{"rendered":"http:\/\/www.idphoto.ch\/?page_id=1067"},"modified":"2015-09-16T08:33:51","modified_gmt":"2015-09-16T06:33:51","slug":"beantragen","status":"publish","type":"page","link":"https:\/\/www.idphoto.app\/lexikon\/auslanderausweis\/beantragen\/","title":{"rendered":"Beantragen"},"content":{"rendered":"<p>Das Beantragen eines solchen Ausweises ist relativ einfach und sollte kein Hindernis darstellen. Man ben\u00f6tigt die geforderten Dokumente, ein Passbild und ein wenig Geduld auf dem kantonalen Migrations- bzw. dem Personenmeldeamt der jeweiligen Gemeinde.<\/p>\n<p>Seit den Schengener Abkommen gibt es zus\u00e4tzlich eine \u00c4nderung betreffend der Art des Ausl\u00e4nderausweises f\u00fcr Personen die nicht der Europ\u00e4ischen Union (EU) oder der Europ\u00e4ischen Freihandelsassoziation (EFTA) angeh\u00f6ren, n\u00e4mlich den biometrischen Ausl\u00e4nderausweis.<\/p>\n<p>Alle Antworten hierzu und rund um das Thema Ausl\u00e4nderausweis finden sich auf der Homepages des jeweiligen <a title=\"Liste kantonale Migrations\u00e4mter\" href=\"http:\/\/www.bfm.admin.ch\/bfm\/de\/home\/die_oe\/kontakt\/kantonale_behoerden\/adressen_kantone_und.html\" target=\"_blank\">kantonalen Migrationsamtes<\/a> und <a title=\"Infoflyer\" href=\"https:\/\/www.bfm.admin.ch\/bfm\/de\/home\/themen\/aufenthalt\/eu_efta.html\" target=\"_blank\">hier<\/a>.<\/p>\n<p>&nbsp;<\/p>\n<p><img loading=\"lazy\" class=\"img-responsive aligncenter wp-image-1121 size-full\" title=\"Biometrischer Ausl\u00e4nderausweis\" src=\"https:\/\/www.idphoto.ch\/lexikon\/wp-content\/uploads\/2013\/10\/1294418036752.jpg\" alt=\"Ausl\u00e4nderausweis\" width=\"276\" height=\"176\" srcset=\"https:\/\/www.idphoto.app\/lexikon\/wp-content\/uploads\/2013\/10\/1294418036752.jpg 276w, https:\/\/www.idphoto.app\/lexikon\/wp-content\/uploads\/2013\/10\/1294418036752-250x159.jpg 250w, https:\/\/www.idphoto.app\/lexikon\/wp-content\/uploads\/2013\/10\/1294418036752-120x77.jpg 120w\" sizes=\"(max-width: 276px) 100vw, 276px\" \/><\/p>\n","protected":false},"excerpt":{"rendered":"Das Beantragen eines solchen Ausweises ist relativ einfach und sollte kein Hindernis darstellen. Man ben\u00f6tigt die geforderten Dokumente, ein Passbild und ein wenig Geduld auf dem kantonalen Migrations- bzw. dem Personenmeldeamt der jeweiligen Gemeinde. Seit den Schengener Abkommen gibt es zus\u00e4tzlich eine \u00c4nderung betreffend der Art des Ausl\u00e4nderausweises f\u00fcr Personen die nicht der Europ\u00e4ischen Union&#8230; <a class=\"view-article\" href=\"https:\/\/www.idphoto.app\/lexikon\/auslanderausweis\/beantragen\/\">Anzeigen<\/a>","protected":false},"author":1,"featured_media":0,"parent":1065,"menu_order":0,"comment_status":"open","ping_status":"open","template":"","meta":[],"_links":{"self":[{"href":"https:\/\/www.idphoto.app\/lexikon\/wp-json\/wp\/v2\/pages\/1067"}],"collection":[{"href":"https:\/\/www.idphoto.app\/lexikon\/wp-json\/wp\/v2\/pages"}],"about":[{"href":"https:\/\/www.idphoto.app\/lexikon\/wp-json\/wp\/v2\/types\/page"}],"author":[{"embeddable":true,"href":"https:\/\/www.idphoto.app\/lexikon\/wp-json\/wp\/v2\/users\/1"}],"replies":[{"embeddable":true,"href":"https:\/\/www.idphoto.app\/lexikon\/wp-json\/wp\/v2\/comments?post=1067"}],"version-history":[{"count":4,"href":"https:\/\/www.idphoto.app\/lexikon\/wp-json\/wp\/v2\/pages\/1067\/revisions"}],"predecessor-version":[{"id":1873,"href":"https:\/\/www.idphoto.app\/lexikon\/wp-json\/wp\/v2\/pages\/1067\/revisions\/1873"}],"up":[{"embeddable":true,"href":"https:\/\/www.idphoto.app\/lexikon\/wp-json\/wp\/v2\/pages\/1065"}],"wp:attachment":[{"href":"https:\/\/www.idphoto.app\/lexikon\/wp-json\/wp\/v2\/media?parent=1067"}],"curies":[{"name":"wp","href":"https:\/\/api.w.org\/{rel}","templated":true}]}}