{"id":1065,"date":"2013-10-09T15:11:33","date_gmt":"2013-10-09T13:11:33","guid":{"rendered":"http:\/\/www.idphoto.ch\/?page_id=1065"},"modified":"2015-11-03T10:59:18","modified_gmt":"2015-11-03T09:59:18","slug":"auslanderausweis","status":"publish","type":"page","link":"https:\/\/www.idphoto.app\/lexikon\/auslanderausweis\/","title":{"rendered":"Ausl\u00e4nder&shy;ausweis"},"content":{"rendered":"<p>Wer in der Schweiz leben und arbeiten m\u00f6chte, ben\u00f6tigt einen Ausl\u00e4nderausweis. Kurzaufenthalte bis zu 3 Monaten und ebenso Aufenthalte von Nichterwerbst\u00e4tigen bis zu 3 Monaten, gelten als bewilligungsfrei. Unter bestimmten Umst\u00e4nden, meist abh\u00e4ngig vom Herkunftsland der betreffenden Person, ist eine\u00a0Anmeldung bei der <a href=\"https:\/\/www.bfm.admin.ch\/bfm\/de\/home\/ueberuns\/kontakt\/kantonale_behoerden\/adressen_kantone_und.html\" target=\"_blank\">kantonalen Arbeitsmarktbeh\u00f6rde<\/a> von N\u00f6ten.<\/p>\n<p>Im Wesentlichen unterscheidet man zwischen den\u00a0Aufenthaltsbewilligungen\u00a0L (kurz, &lt; 1 Jahr), B (bis 5 Jahre, verl\u00e4ngerbar) und der\u00a0Niederlassungsbewilligung C (unbeschr\u00e4nkt).<\/p>\n<p>Die Kriterien f\u00fcr das Foto im Ausweis h\u00e4ngt von der Art des Ausl\u00e4nderausweisses ab. F\u00fcr einen biometrischen Ausl\u00e4nderausweis ben\u00f6tigt man ein biometrisches Passfoto, f\u00fcr einen nicht biometrischen Ausl\u00e4nderausweis ist ein herk\u00f6mmlichen Schweizer <a href=\"https:\/\/www.idphoto.ch\/lexikon\/lexikon\/passfoto\/\" target=\"_blank\">Passfotos<\/a> (35 mm \u00d7 45 mm) ausreichend, welches nicht \u00e4lter als ein Jahr sein darf. Hierzu orientiert man sich am besten aber auch an der aktuellen <a href=\"https:\/\/www.idphoto.ch\/lexikon\/lexikon\/reisepass\/wie-mache-ich-ein-biometrisches-passfoto\/\">Eidgen\u00e4ssischen Fotomustertafel f\u00fcr biometrische Passbilder<\/a> &#8211;\u00a0so ist man in jedem Fall auf der sicheren Seite.<\/p>\n<p>&nbsp;<\/p>\n<p>&nbsp;<\/p>\n","protected":false},"excerpt":{"rendered":"Wer in der Schweiz leben und arbeiten m\u00f6chte, ben\u00f6tigt einen Ausl\u00e4nderausweis. Kurzaufenthalte bis zu 3 Monaten und ebenso Aufenthalte von Nichterwerbst\u00e4tigen bis zu 3 Monaten, gelten als bewilligungsfrei. Unter bestimmten Umst\u00e4nden, meist abh\u00e4ngig vom Herkunftsland der betreffenden Person, ist eine\u00a0Anmeldung bei der kantonalen Arbeitsmarktbeh\u00f6rde von N\u00f6ten. Im Wesentlichen unterscheidet man zwischen den\u00a0Aufenthaltsbewilligungen\u00a0L (kurz, &lt; 1&#8230; <a class=\"view-article\" href=\"https:\/\/www.idphoto.app\/lexikon\/auslanderausweis\/\">Anzeigen<\/a>","protected":false},"author":1,"featured_media":0,"parent":0,"menu_order":0,"comment_status":"open","ping_status":"closed","template":"lexikonkategorie_template.php","meta":[],"_links":{"self":[{"href":"https:\/\/www.idphoto.app\/lexikon\/wp-json\/wp\/v2\/pages\/1065"}],"collection":[{"href":"https:\/\/www.idphoto.app\/lexikon\/wp-json\/wp\/v2\/pages"}],"about":[{"href":"https:\/\/www.idphoto.app\/lexikon\/wp-json\/wp\/v2\/types\/page"}],"author":[{"embeddable":true,"href":"https:\/\/www.idphoto.app\/lexikon\/wp-json\/wp\/v2\/users\/1"}],"replies":[{"embeddable":true,"href":"https:\/\/www.idphoto.app\/lexikon\/wp-json\/wp\/v2\/comments?post=1065"}],"version-history":[{"count":12,"href":"https:\/\/www.idphoto.app\/lexikon\/wp-json\/wp\/v2\/pages\/1065\/revisions"}],"predecessor-version":[{"id":1801,"href":"https:\/\/www.idphoto.app\/lexikon\/wp-json\/wp\/v2\/pages\/1065\/revisions\/1801"}],"wp:attachment":[{"href":"https:\/\/www.idphoto.app\/lexikon\/wp-json\/wp\/v2\/media?parent=1065"}],"curies":[{"name":"wp","href":"https:\/\/api.w.org\/{rel}","templated":true}]}}