{"id":1034,"date":"2013-10-06T21:41:43","date_gmt":"2013-10-06T19:41:43","guid":{"rendered":"http:\/\/www.idphoto.ch\/?page_id=1034"},"modified":"2017-01-15T17:13:26","modified_gmt":"2017-01-15T16:13:26","slug":"groesse-und-format","status":"publish","type":"page","link":"https:\/\/www.idphoto.app\/lexikon\/visumsfotos\/groesse-und-format\/","title":{"rendered":"Gr\u00f6sse &#038; Format"},"content":{"rendered":"<nav class=\"chapter-toc\">\n<h2>Inhalt<\/h2>\n<ul>\n<li><a class=\"smooth\" href=\"#gangigste-passbildgroessen\">G\u00e4ngigste Passbildgr\u00f6ssen bei Visa<\/a><\/li>\n<li><a class=\"smooth\" href=\"#passbildgroesse-nach-land\">Passbildgr\u00f6ssen nach L\u00e4ndern<\/a><\/li>\n<\/ul>\n<\/nav>\n<h2 id=\"gangigste-passbildgroessen\">G\u00e4ngigste Passbildgr\u00f6ssen bei Visa<\/h2>\n<p>Steht eine Reise in ein weiter entferntes Land an, ben\u00f6tigen Schweizer B\u00fcrger h\u00e4ufig ein <a href=\"http:\/\/www.idphoto.ch\/lexikon\/visum\/\">Visum<\/a>. Bei fast allen L\u00e4ndern ausserhalb der EU werden diese Visa sowohl f\u00fcr Touristen als auch f\u00fcr Gesch\u00e4ftsreisende ben\u00f6tigt. F\u00fcr die Beantragung eines Visums ben\u00f6tigt man immer mindestens ein, h\u00e4ufig zwei Visum-Fotos. Je nach Zielland unterscheiden sich die Anforderungen und Gr\u00f6ssen dieser Fotos. Die beiden g\u00e4ngigsten Gr\u00f6ssen f\u00fcr Visum-Fotos sind:<\/p>\n<ul>\n<li>die<strong> europ\u00e4ische Standard-Gr\u00f6sse von 35 mm \u00d7 45 mm<br \/>\n(oder 3,5 cm \u00d7 4,5 cm)<\/strong>\u00a0und<\/li>\n<li>das <strong>US-amerikanische Format<\/strong> von <strong>2 \u00d7\u00a02 Zoll bzw. 50 \u00d7\u00a050 mm<br \/>\n(5 \u00d7\u00a05 cm)<\/strong>.<\/li>\n<\/ul>\n<p>Nachfolgend eine Gegen\u00fcberstellung\u00a0der beiden Standard-Gr\u00f6\u00dfen:<\/p>\n<div class=\"table-responsive\">\n<table class=\"orange\">\n<thead>\n<tr>\n<th><\/th>\n<th>EU-Standard Passbild-Gr\u00f6sse<\/th>\n<th>US-Standard Passbild-Gr\u00f6sse<\/th>\n<\/tr>\n<\/thead>\n<tbody>\n<tr>\n<td>Beispiel-Foto<\/td>\n<td><img loading=\"lazy\" title=\"Biometrisches Passfoto\" src=\"https:\/\/www.idphoto.ch\/lexikon\/wp-content\/uploads\/2015\/09\/passbild-groesse.jpg\" alt=\"Gr\u00f6\u00dfe eines biometrischen Passfotos\" width=\"160\" height=\"200\" \/><\/td>\n<td><img loading=\"lazy\" title=\"Biometrisches Passfoto f\u00fcr ein Visum\" src=\"https:\/\/www.idphoto.ch\/lexikon\/wp-content\/uploads\/2015\/09\/visum-foto-groesse.jpg\" alt=\"Gr\u00f6\u00dfe eines biometrischen Visum-Fotos\" width=\"210\" height=\"210\" \/><\/td>\n<\/tr>\n<tr>\n<td>Zentimeter<\/td>\n<td>3,5 \u00d7 4,5 cm<\/td>\n<td>5,0\u00a0\u00d7 5,0 cm<\/td>\n<\/tr>\n<tr>\n<td>Millimeter<\/td>\n<td>35 \u00d7 45 mm<\/td>\n<td>50\u00a0\u00d7 50\u00a0mm<\/td>\n<\/tr>\n<tr>\n<td>Zoll \/ Inch<\/td>\n<td>1,38\u00a0\u00d7 1,77\u00a0Zoll \/ inches<\/td>\n<td>2\u00a0\u00d7 2\u00a0Zoll \/ inches<\/td>\n<\/tr>\n<tr>\n<td>Passbild zuschneiden<\/td>\n<td><a class=\"hollow-button orange\" title=\"Jetzt ein Passbild erstellen\" href=\"http:\/\/www.idphoto.ch\/upload\/passfoto\">Jetzt ein Passbild erstellen<\/a><\/td>\n<td><a class=\"hollow-button orange\" title=\"Jetzt ein Visum-Foto erstellen\" href=\"http:\/\/www.idphoto.ch\/upload\/visumfoto\">Jetzt ein Visum-Foto erstellen<\/a><\/td>\n<\/tr>\n<\/tbody>\n<\/table>\n<\/div>\n<p>Beide Foto-Gr\u00f6ssen k\u00f6nnen in unserem\u00a0<a href=\"https:\/\/www.idphoto.ch\/upload\/passfoto\">Passfoto-Generator<\/a>\u00a0bzw. <a href=\"https:\/\/www.idphoto.ch\/upload\/visumfoto\">Visum-Foto-Generator<\/a>\u00a0<strong>kostenlos auf das richtige Seitenverh\u00e4ltnis zugeschnitten<\/strong>\u00a0und an die biometrische Schablone angepasst werden.<\/p>\n<hr \/>\n<h2 id=\"passbildgroesse-nach-land\">Passbildgr\u00f6ssen nach L\u00e4ndern<\/h2>\n<p>Nachfolgend ein kleiner \u00dcberblick der\u00a0Visum-Foto Gr\u00f6ssen\u00a0g\u00e4ngiger Reiseziele:<\/p>\n<div class=\"table-responsive\">\n<table class=\"orange\">\n<thead>\n<tr>\n<th>Land<\/th>\n<th>Gr\u00f6sse in Zentimetern<\/th>\n<th>Gr\u00f6sse in Millimetern<\/th>\n<th>Gr\u00f6sse in Zoll \/ Inch<\/th>\n<\/tr>\n<\/thead>\n<tbody>\n<tr>\n<td><strong>Argentinien<\/strong><\/td>\n<td>3,5 \u00d7 4,5 cm<\/td>\n<td>35 \u00d7 45 mm<\/td>\n<td>1,38 \u00d7 1,77 Zoll<\/td>\n<\/tr>\n<tr>\n<td><strong>Deutschland<\/strong><\/td>\n<td>3,5 \u00d7 4,5 cm<\/td>\n<td>35 \u00d7 45 mm<\/td>\n<td>1,38 \u00d7 1,77 Zoll<\/td>\n<\/tr>\n<tr>\n<td><strong>Frankreich<\/strong><\/td>\n<td>3,5 \u00d7 4,5 cm<\/td>\n<td>35 \u00d7 45 mm<\/td>\n<td>1,38 \u00d7 1,77 Zoll<\/td>\n<\/tr>\n<tr>\n<td><strong>Italien<\/strong><\/td>\n<td>3,0 \u00d7 4,0 cm<\/td>\n<td>30 \u00d7 40 mm<\/td>\n<td>1,18 \u00d7 1,57 Zoll<\/td>\n<\/tr>\n<tr>\n<td><strong>Norwegen<\/strong><\/td>\n<td>3,5 \u00d7 4,0 cm<\/td>\n<td>35 \u00d7 40 mm<\/td>\n<td>1,38 \u00d7 1,57 Zoll<\/td>\n<\/tr>\n<tr>\n<td><strong>Russland<\/strong><\/td>\n<td>3,5 \u00d7 4,5 cm<\/td>\n<td>35 \u00d7 45 mm<\/td>\n<td>1,38 \u00d7 1,77 Zoll<\/td>\n<\/tr>\n<tr>\n<td><strong>Spanien<\/strong><\/td>\n<td>3,0 \u00d7 4,0 cm<\/td>\n<td>30 \u00d7 40 mm<\/td>\n<td>1,18 \u00d7 1,57 Zoll<\/td>\n<\/tr>\n<tr>\n<td><strong>Vereinigte Staaten<\/strong><\/td>\n<td>5 \u00d7 5 cm<\/td>\n<td>50 \u00d7 50 mm<\/td>\n<td>2 \u00d7 2 Zoll<\/td>\n<\/tr>\n<tr>\n<td><strong>Vereinigtes K\u00f6nigreich<\/strong><\/td>\n<td>3,5 \u00d7 4,5 cm<\/td>\n<td>35 \u00d7 45\u00a0mm<\/td>\n<td>1,38 \u00d7 1,77 Zoll<\/td>\n<\/tr>\n<tr>\n<td><strong>Vietnam<\/strong><\/td>\n<td>4\u00a0\u00d7 6\u00a0cm<\/td>\n<td>40\u00a0\u00d7 60\u00a0mm<\/td>\n<td>1,57\u00a0\u00d7 2,36 Zoll<\/td>\n<\/tr>\n<\/tbody>\n<\/table>\n<\/div>\n<p>Die genauen Angaben der einzelnen L\u00e4nder und eine <a href=\"https:\/\/www.idphoto.ch\/lexikon\/lexikon\/visum\/\">komplette \u00dcbersicht aller L\u00e4nder<\/a> haben wir auf den entsprechenden Unterseiten der Kategorie &#8222;<a href=\"https:\/\/www.idphoto.ch\/lexikon\/lexikon\/visum\/\">Visum<\/a>&#8220; zusammengefasst. Die korrekte Visum-Foto Gr\u00f6sse aller L\u00e4nder l\u00e4sst sich auch \u00fcber folgendes Tool bestimmen:<\/p>\n<p><a class=\"btn btn-lg btn-warning\" title=\"Passbildgr\u00f6ssen aller L\u00e4nder bestimmen\" href=\"\/passbildgroesse\">Passbildgr\u00f6sse bestimmen \u00bb<\/a><\/p>\n","protected":false},"excerpt":{"rendered":"Inhalt G\u00e4ngigste Passbildgr\u00f6ssen bei Visa Passbildgr\u00f6ssen nach L\u00e4ndern G\u00e4ngigste Passbildgr\u00f6ssen bei Visa Steht eine Reise in ein weiter entferntes Land an, ben\u00f6tigen Schweizer B\u00fcrger h\u00e4ufig ein Visum. Bei fast allen L\u00e4ndern ausserhalb der EU werden diese Visa sowohl f\u00fcr Touristen als auch f\u00fcr Gesch\u00e4ftsreisende ben\u00f6tigt. F\u00fcr die Beantragung eines Visums ben\u00f6tigt man immer mindestens ein,&#8230; <a class=\"view-article\" href=\"https:\/\/www.idphoto.app\/lexikon\/visumsfotos\/groesse-und-format\/\">Anzeigen<\/a>","protected":false},"author":3,"featured_media":0,"parent":1003,"menu_order":0,"comment_status":"open","ping_status":"open","template":"","meta":[],"_links":{"self":[{"href":"https:\/\/www.idphoto.app\/lexikon\/wp-json\/wp\/v2\/pages\/1034"}],"collection":[{"href":"https:\/\/www.idphoto.app\/lexikon\/wp-json\/wp\/v2\/pages"}],"about":[{"href":"https:\/\/www.idphoto.app\/lexikon\/wp-json\/wp\/v2\/types\/page"}],"author":[{"embeddable":true,"href":"https:\/\/www.idphoto.app\/lexikon\/wp-json\/wp\/v2\/users\/3"}],"replies":[{"embeddable":true,"href":"https:\/\/www.idphoto.app\/lexikon\/wp-json\/wp\/v2\/comments?post=1034"}],"version-history":[{"count":29,"href":"https:\/\/www.idphoto.app\/lexikon\/wp-json\/wp\/v2\/pages\/1034\/revisions"}],"predecessor-version":[{"id":1824,"href":"https:\/\/www.idphoto.app\/lexikon\/wp-json\/wp\/v2\/pages\/1034\/revisions\/1824"}],"up":[{"embeddable":true,"href":"https:\/\/www.idphoto.app\/lexikon\/wp-json\/wp\/v2\/pages\/1003"}],"wp:attachment":[{"href":"https:\/\/www.idphoto.app\/lexikon\/wp-json\/wp\/v2\/media?parent=1034"}],"curies":[{"name":"wp","href":"https:\/\/api.w.org\/{rel}","templated":true}]}}