{"id":1029,"date":"2013-10-06T21:13:52","date_gmt":"2013-10-06T19:13:52","guid":{"rendered":"http:\/\/www.idphoto.ch\/?page_id=1029"},"modified":"2017-01-15T17:12:16","modified_gmt":"2017-01-15T16:12:16","slug":"foto-fur-ein-visum-erstellen","status":"publish","type":"page","link":"https:\/\/www.idphoto.app\/lexikon\/visumsfotos\/foto-fur-ein-visum-erstellen\/","title":{"rendered":"Foto f\u00fcr ein Visum erstellen"},"content":{"rendered":"<p>Ob als Gesch\u00e4ftsreisende oder TouristIn, Schweizer Staatsb\u00fcrgerInnen reisen mit ihrem Schweizer <a href=\"https:\/\/www.idphoto.ch\/lexikon\/reisepass\/\">Reisepass<\/a> sehr flexibel. Im weltweiten Ranking auf Platz 2 liegend (<a href=\"https:\/\/www.passportindex.org\/comparebyPassport.php?p1=ch\">https:\/\/www.passportindex.org\/comparebyPassport.php?p1=ch<\/a>), ist die Einreise in 157 L\u00e4nder \u2013 zumindest f\u00fcr touristische Zwecke \u2013 rund um den Globus ohne <a href=\"https:\/\/www.idphoto.ch\/lexikon\/visum\/\">Visum<\/a> m\u00f6glich. F\u00fcr alle nicht visumfreie L\u00e4nder bzw. h\u00e4ufig f\u00fcr andere als touristische Zwecke, ist die Beantragung eines solchen obligatorisch und \u00fcber die jeweilige Botschaft, ein Generalkonsulat oder einen sog. Visaservice abzuwickeln.<\/p>\n<p>F\u00fcr ein Visum werden regelm\u00e4ssig zwei aktuelle, farbige Passbilder im US-amerikanischen Format 2 \u00d7 2 Zoll bzw. 5 x 5cm verlangt. Manche L\u00e4nder verlangen aber auch andere Formate. An diese speziellen\u00a0<a href=\"http:\/\/www.idphoto.ch\/lexikon\/visumsfotos\/grosse-und-format\/\">Visum-Foto Format<\/a>e\u00a0zu gelangen kann mitunter schwierig und teuer sein. Dabei ist es ganz leicht, mit der Digitalkamera oder dem Smartphone kurz selbst ein Visum-Foto zu erstellen. Hierf\u00fcr steht Ihnen unser praktischer Visum-Foto-Generator zur Verf\u00fcgung.<\/p>\n<h2>Visum-Foto Anforderungen<\/h2>\n<p>Fast \u00fcberall auf der Welt gelten mittlerweile <a href=\"http:\/\/www.idphoto.ch\/lexikon\/passfoto\/wie-mache-ich-selber-ein-passbild-kurzanleitung\/\">die biometrischen Passbild-Bestimmungen<\/a> in leicht abgewandelter Form. Kurz zusammengefasst bedeutet dies, dass:<\/p>\n<ul>\n<li>man\u00a0nicht l\u00e4cheln darf,<\/li>\n<\/ul>\n<ul>\n<li>absolut frontal in die Kamera schauen muss und<\/li>\n<\/ul>\n<ul>\n<li>vor einem einfarbig hellen Hintergrund (grau oder weiss)\u00a0stehen muss.<\/li>\n<\/ul>\n<p>Wegen dem etwas gr\u00f6sserem Bildausschnitt, als auf normalen in der Schweiz \u00fcblichen Passfotos, muss man auf dem Ausgangsfoto auch einen Teil des Oberk\u00f6rpers und regelm\u00e4ssig beide Schultern vollst\u00e4ndig sehen k\u00f6nnen. Sonst merkt man beim Anpassen des Visum-Fotos, dass unten etwas fehlt.<\/p>\n<h2>Visum-Foto erstellen<\/h2>\n<p>Das Foto nimmt man daher am besten aus 2 Meter Entfernung auf. Die Kamera sollte dazu auf Augenh\u00f6he der fotografierten Person gehalten werden. Bei Kindern also etwas in die Hocke gehen!<\/p>\n<p>Schatten im Hintergrund lassen sich vermeiden, wenn man ein paar Schritte von der Wand entfernt steht und auf den Blitz der Kamera verzichtet. Dazu sollte der Raum hell erleuchtet sein \u2013 am besten tags\u00fcber\u00a0mit ge\u00f6ffneten Storen.<\/p>\n<p>Das Ausgangsfoto kann dann in unserem <a href=\"http:\/\/www.idphoto.ch\/upload\/visum.php\">Visum-Foto Generator<\/a> kostenlos zugeschnitten und an die entsprechende Schablone angepasst werden.<\/p>\n","protected":false},"excerpt":{"rendered":"Ob als Gesch\u00e4ftsreisende oder TouristIn, Schweizer Staatsb\u00fcrgerInnen reisen mit ihrem Schweizer Reisepass sehr flexibel. Im weltweiten Ranking auf Platz 2 liegend (https:\/\/www.passportindex.org\/comparebyPassport.php?p1=ch), ist die Einreise in 157 L\u00e4nder \u2013 zumindest f\u00fcr touristische Zwecke \u2013 rund um den Globus ohne Visum m\u00f6glich. F\u00fcr alle nicht visumfreie L\u00e4nder bzw. h\u00e4ufig f\u00fcr andere als touristische Zwecke, ist die&#8230; <a class=\"view-article\" href=\"https:\/\/www.idphoto.app\/lexikon\/visumsfotos\/foto-fur-ein-visum-erstellen\/\">Anzeigen<\/a>","protected":false},"author":3,"featured_media":0,"parent":1003,"menu_order":0,"comment_status":"open","ping_status":"open","template":"","meta":[],"_links":{"self":[{"href":"https:\/\/www.idphoto.app\/lexikon\/wp-json\/wp\/v2\/pages\/1029"}],"collection":[{"href":"https:\/\/www.idphoto.app\/lexikon\/wp-json\/wp\/v2\/pages"}],"about":[{"href":"https:\/\/www.idphoto.app\/lexikon\/wp-json\/wp\/v2\/types\/page"}],"author":[{"embeddable":true,"href":"https:\/\/www.idphoto.app\/lexikon\/wp-json\/wp\/v2\/users\/3"}],"replies":[{"embeddable":true,"href":"https:\/\/www.idphoto.app\/lexikon\/wp-json\/wp\/v2\/comments?post=1029"}],"version-history":[{"count":5,"href":"https:\/\/www.idphoto.app\/lexikon\/wp-json\/wp\/v2\/pages\/1029\/revisions"}],"predecessor-version":[{"id":1984,"href":"https:\/\/www.idphoto.app\/lexikon\/wp-json\/wp\/v2\/pages\/1029\/revisions\/1984"}],"up":[{"embeddable":true,"href":"https:\/\/www.idphoto.app\/lexikon\/wp-json\/wp\/v2\/pages\/1003"}],"wp:attachment":[{"href":"https:\/\/www.idphoto.app\/lexikon\/wp-json\/wp\/v2\/media?parent=1029"}],"curies":[{"name":"wp","href":"https:\/\/api.w.org\/{rel}","templated":true}]}}