{"id":1025,"date":"2013-10-06T21:12:12","date_gmt":"2013-10-06T19:12:12","guid":{"rendered":"http:\/\/www.idphoto.ch\/?page_id=1025"},"modified":"2017-01-15T17:11:37","modified_gmt":"2017-01-15T16:11:37","slug":"anforderungen","status":"publish","type":"page","link":"https:\/\/www.idphoto.app\/lexikon\/visumsfotos\/anforderungen\/","title":{"rendered":"Anforderungen"},"content":{"rendered":"<div>\n<h2>Passfoto = Visum-Foto? Leider nicht immer!<\/h2>\n<p>Je nach Zielland unterscheiden sich die Anforderungen an ein Visum-Foto leicht. Bis auf wenige Ausnahmen gelten die <a href=\"http:\/\/www.idphoto.ch\/lexikon\/passfoto\/wie-mache-ich-selber-ein-passbild-kurzanleitung\/\">biometrischen Bestimmungen<\/a>, wie sie auch in der Schweiz f\u00fcr alle Ausweisdokumente gelten.<\/p>\n<p>Einige L\u00e4nder verlangen Fotos, die minimal von den Schweizer Passbildbestimmungen abweichen und bspw. einen blauen oder gr\u00fcnen Hintergrund haben m\u00fcssen. In den EU-Mitgliedsstaaten wird generell ein hellgrauer bis wei\u00dfer Hintergrund verlangt.<\/p>\n<h2>Das Format f\u00fcr Visum-Fotos<\/h2>\n<p>Dar\u00fcber hinaus sind zwei Formate f\u00fcr das <a href=\"http:\/\/www.idphoto.ch\/lexikon\/visumsfotos\/\">Passfoto f\u00fcrs Visum <\/a>verbreitet:<\/p>\n<ul>\n<li>das europ\u00e4ische Standardformat mit den Ma\u00dfen 3,5 cm x 4,5 cm und<\/li>\n<li>das US-amerikanische Standardformat 5 cm x 5 cm (bzw. 2 x 2 Zoll).<\/li>\n<\/ul>\n<h2>Fragen? Wir helfen gerne!<\/h2>\n<p>Falls wir in unserem Lexikon keine genauen Informationen zu Ihrem Zielland aufgef\u00fchrt haben, k\u00f6nnen Sie uns gerne <a href=\"http:\/\/www.idphoto.ch\/kontakt\/\">eine Nachricht schreiben<\/a>. Wir helfen gerne und beantworten Ihre Fragen jederzeit!<\/p>\n<\/div>\n","protected":false},"excerpt":{"rendered":"Passfoto = Visum-Foto? Leider nicht immer! Je nach Zielland unterscheiden sich die Anforderungen an ein Visum-Foto leicht. Bis auf wenige Ausnahmen gelten die biometrischen Bestimmungen, wie sie auch in der Schweiz f\u00fcr alle Ausweisdokumente gelten. Einige L\u00e4nder verlangen Fotos, die minimal von den Schweizer Passbildbestimmungen abweichen und bspw. einen blauen oder gr\u00fcnen Hintergrund haben m\u00fcssen&#8230;. <a class=\"view-article\" href=\"https:\/\/www.idphoto.app\/lexikon\/visumsfotos\/anforderungen\/\">Anzeigen<\/a>","protected":false},"author":3,"featured_media":0,"parent":1003,"menu_order":0,"comment_status":"open","ping_status":"open","template":"","meta":[],"_links":{"self":[{"href":"https:\/\/www.idphoto.app\/lexikon\/wp-json\/wp\/v2\/pages\/1025"}],"collection":[{"href":"https:\/\/www.idphoto.app\/lexikon\/wp-json\/wp\/v2\/pages"}],"about":[{"href":"https:\/\/www.idphoto.app\/lexikon\/wp-json\/wp\/v2\/types\/page"}],"author":[{"embeddable":true,"href":"https:\/\/www.idphoto.app\/lexikon\/wp-json\/wp\/v2\/users\/3"}],"replies":[{"embeddable":true,"href":"https:\/\/www.idphoto.app\/lexikon\/wp-json\/wp\/v2\/comments?post=1025"}],"version-history":[{"count":2,"href":"https:\/\/www.idphoto.app\/lexikon\/wp-json\/wp\/v2\/pages\/1025\/revisions"}],"predecessor-version":[{"id":1807,"href":"https:\/\/www.idphoto.app\/lexikon\/wp-json\/wp\/v2\/pages\/1025\/revisions\/1807"}],"up":[{"embeddable":true,"href":"https:\/\/www.idphoto.app\/lexikon\/wp-json\/wp\/v2\/pages\/1003"}],"wp:attachment":[{"href":"https:\/\/www.idphoto.app\/lexikon\/wp-json\/wp\/v2\/media?parent=1025"}],"curies":[{"name":"wp","href":"https:\/\/api.w.org\/{rel}","templated":true}]}}