{"id":926,"date":"2012-11-08T17:15:35","date_gmt":"2012-11-08T15:15:35","guid":{"rendered":"http:\/\/www.idphoto.ch\/?page_id=926"},"modified":"2012-11-08T17:15:35","modified_gmt":"2012-11-08T15:15:35","slug":"chip","status":"publish","type":"page","link":"https:\/\/www.idphoto.app\/help\/identity-card\/chip\/","title":{"rendered":"Chip"},"content":{"rendered":"<p>Die Identit\u00e4tskarte (IDK) bleibt nach dem letzten Stand der Diskussion weiterhin ohne Chip. Es war jedoch\u00a0im Gespr\u00e4ch, sie ebenfalls wie den <a href=\"http:\/\/www.idphoto.ch\/lexikon\/reisepass\/\">Reisepass (Pass 10)<\/a>, mit einem auszustatten.<\/p>\n<p>Der Bundesrat entschied jedoch\u00a0am 16.12.2011, dass die Identit\u00e4tskarte auch weiterhin wahlweise ohne Chip ausgestellt werden kann. Bis Ende 2016 soll die Identit\u00e4tskarte erneuert werden. Dann haben B\u00fcrgerinnen und B\u00fcrger neben dem Modell ohne Chip die M\u00f6glichkeit sich f\u00fcr weitere Modelle mit Chip zu entscheiden. Dieser speichern dann weitere Daten (wie der <a title=\"Reisepass\" href=\"http:\/\/www.idphoto.ch\/lexikon\/reisepass\/\">Pass 10<\/a>) f\u00fcr E-Government- und E-Business-Anwendungen oder sogar zus\u00e4tzlich eine elektronische Identit\u00e4t.<\/p>\n","protected":false},"excerpt":{"rendered":"Die Identit\u00e4tskarte (IDK) bleibt nach dem letzten Stand der Diskussion weiterhin ohne Chip. Es war jedoch\u00a0im Gespr\u00e4ch, sie ebenfalls wie den Reisepass (Pass 10), mit einem auszustatten. Der Bundesrat entschied jedoch\u00a0am 16.12.2011, dass die Identit\u00e4tskarte auch weiterhin wahlweise ohne Chip ausgestellt werden kann. Bis Ende 2016 soll die Identit\u00e4tskarte erneuert werden. Dann haben B\u00fcrgerinnen und&#8230; <a class=\"view-article\" href=\"https:\/\/www.idphoto.app\/help\/identity-card\/chip\/\">View Article<\/a>","protected":false},"author":1,"featured_media":0,"parent":33,"menu_order":0,"comment_status":"open","ping_status":"open","template":"","meta":[],"_links":{"self":[{"href":"https:\/\/www.idphoto.app\/help\/wp-json\/wp\/v2\/pages\/926"}],"collection":[{"href":"https:\/\/www.idphoto.app\/help\/wp-json\/wp\/v2\/pages"}],"about":[{"href":"https:\/\/www.idphoto.app\/help\/wp-json\/wp\/v2\/types\/page"}],"author":[{"embeddable":true,"href":"https:\/\/www.idphoto.app\/help\/wp-json\/wp\/v2\/users\/1"}],"replies":[{"embeddable":true,"href":"https:\/\/www.idphoto.app\/help\/wp-json\/wp\/v2\/comments?post=926"}],"version-history":[{"count":0,"href":"https:\/\/www.idphoto.app\/help\/wp-json\/wp\/v2\/pages\/926\/revisions"}],"up":[{"embeddable":true,"href":"https:\/\/www.idphoto.app\/help\/wp-json\/wp\/v2\/pages\/33"}],"wp:attachment":[{"href":"https:\/\/www.idphoto.app\/help\/wp-json\/wp\/v2\/media?parent=926"}],"curies":[{"name":"wp","href":"https:\/\/api.w.org\/{rel}","templated":true}]}}