{"id":674,"date":"2010-02-12T12:41:48","date_gmt":"2010-02-12T11:41:48","guid":{"rendered":"http:\/\/www.idphoto.ch\/?page_id=674"},"modified":"2017-01-26T16:21:19","modified_gmt":"2017-01-26T15:21:19","slug":"biometric-or-not","status":"publish","type":"page","link":"https:\/\/www.idphoto.app\/help\/passport-photo\/biometric-or-not\/","title":{"rendered":"Biometric or not?"},"content":{"rendered":"<p>One distinguishes passport photos whether or not they are biometric. A <strong>&#8220;regular&#8221; passport photo<\/strong> is a small picture that represents a person&#8217;s face. Earlier, the person was\u00a0photographed mostly in the so-called half-profile.<\/p>\n<p>Nowadays, <strong>biometric passport photos<\/strong> are required for almost all official identification documents. For biometric passport photos, there are <a href=\"http:\/\/www.idphoto.ch\/help\/passport\/how-do-i-make-a-biometric-passport-photo\">strict specifications<\/a> for head posture and facial expression. Also the size of the face on the photo is imposed. Moreover, the face is adapted to a <a href=\"http:\/\/www.idphoto.ch\/help\/passport-photo\/biometric-template\/\">template<\/a> in order to uniformly and correctly read out the biometric characteristics of the face.<\/p>\n<h2>Overview of Swiss Identification Documents<\/h2>\n<p>For which Swiss identification documents currently <strong>biometric passport photos<\/strong> are required, can be found in following table:<br \/>\nForeigner&#8217;s identity card no image adjust\u00bb residence permit (biometric) Yes image adjust\u00bb badge no image adjust\u00bb driver&#8217;s license no image adjust\u00bb half-fare card no image adjust\u00bb identity card Yes image adjust\u00bb Passport customize Yes image\u00bb student ID no image adjust\u00bb visa Yes size determine\u00bb.<\/p>\n<div class=\"table-responsive\">\n<table class=\"list\">\n<tbody>\n<tr>\n<th>Document<\/th>\n<th>Biometric Passport Photo required?<\/th>\n<th>Action<\/th>\n<\/tr>\n<tr class=\"odge\">\n<td>Foreigner&#8217;s identity card<\/td>\n<td>no<\/td>\n<td><a class=\"hollow-button orange\" title=\"Jetzt ein Passbild f\u00fcr ein Badge anpassen\" href=\"\/upload\/passport-photo\/html5\/1175\" target=\"_blank\">Adjust image \u00bb<\/a><\/td>\n<\/tr>\n<tr>\n<td>Foreigner&#8217;s identity card (biometric)<\/td>\n<td>yes<\/td>\n<td><a class=\"hollow-button orange\" title=\"Jetzt ein Passbild f\u00fcr ein Badge anpassen\" href=\"https:\/\/www.idphoto.ch\/upload\/passport-photo\/html5\/1176\" target=\"_blank\">Adjust image \u00bb<\/a><\/td>\n<\/tr>\n<tr class=\"odge\">\n<td>Badge<\/td>\n<td>no<\/td>\n<td><a class=\"hollow-button orange\" title=\"Jetzt ein Passbild f\u00fcr ein Badge anpassen\" href=\"https:\/\/www.idphoto.ch\/upload\/passport-photo\/html5\/1177\" target=\"_blank\">Adjust image \u00bb<\/a><\/td>\n<\/tr>\n<tr>\n<td>Driving license<\/td>\n<td>no<\/td>\n<td><a class=\"hollow-button orange\" title=\"Jetzt ein Passbild f\u00fcr ein Badge anpassen\" href=\"https:\/\/www.idphoto.ch\/upload\/passport-photo\/html5\/1178\" target=\"_blank\">Adjust image \u00bb<\/a><\/td>\n<\/tr>\n<tr class=\"odge\">\n<td>Half-fare<\/td>\n<td>no<\/td>\n<td><a class=\"hollow-button orange\" title=\"Jetzt ein Passbild f\u00fcr ein Badge anpassen\" href=\"https:\/\/www.idphoto.ch\/upload\/passport-photo\/html5\/1179\" target=\"_blank\">Adjust image \u00bb<\/a><\/td>\n<\/tr>\n<tr>\n<td>ID-card<\/td>\n<td>yes<\/td>\n<td><a class=\"hollow-button orange\" title=\"Jetzt ein Passbild f\u00fcr ein Badge anpassen\" href=\"https:\/\/www.idphoto.ch\/upload\/passport-photo\/html5\/1180\" target=\"_blank\">Adjust image \u00bb<\/a><\/td>\n<\/tr>\n<tr class=\"odge\">\n<td>Passport<\/td>\n<td>yes<\/td>\n<td><a class=\"hollow-button orange\" title=\"Jetzt ein Passbild f\u00fcr ein Badge anpassen\" href=\"https:\/\/www.idphoto.ch\/upload\/passport-photo\/html5\/1181\" target=\"_blank\">Adjust image \u00bb<\/a><\/td>\n<\/tr>\n<tr>\n<td>Student Card<\/td>\n<td>no<\/td>\n<td><a class=\"hollow-button orange\" title=\"Jetzt ein Passbild f\u00fcr ein Badge anpassen\" href=\"https:\/\/www.idphoto.ch\/upload\/passport-photo\/html5\/1182\" target=\"_blank\">Adjust image \u00bb<\/a><\/td>\n<\/tr>\n<tr class=\"odge\">\n<td>Visa<\/td>\n<td>yes<\/td>\n<td><a class=\"hollow-button orange\" title=\"Jetzt ben\u00f6tigte Passbildgr\u00f6sse f\u00fcr ein Visum bestimmen\" href=\"\/passport-photo-size\" target=\"_blank\">Determine size \u00bb<\/a><\/td>\n<\/tr>\n<\/tbody>\n<\/table>\n<\/div>\n","protected":false},"excerpt":{"rendered":"One distinguishes passport photos whether or not they are biometric. A &#8220;regular&#8221; passport photo is a small picture that represents a person&#8217;s face. Earlier, the person was\u00a0photographed mostly in the so-called half-profile. Nowadays, biometric passport photos are required for almost all official identification documents. For biometric passport photos, there are strict specifications for head posture&#8230; <a class=\"view-article\" href=\"https:\/\/www.idphoto.app\/help\/passport-photo\/biometric-or-not\/\">View Article<\/a>","protected":false},"author":1,"featured_media":0,"parent":142,"menu_order":0,"comment_status":"open","ping_status":"closed","template":"","meta":[],"_links":{"self":[{"href":"https:\/\/www.idphoto.app\/help\/wp-json\/wp\/v2\/pages\/674"}],"collection":[{"href":"https:\/\/www.idphoto.app\/help\/wp-json\/wp\/v2\/pages"}],"about":[{"href":"https:\/\/www.idphoto.app\/help\/wp-json\/wp\/v2\/types\/page"}],"author":[{"embeddable":true,"href":"https:\/\/www.idphoto.app\/help\/wp-json\/wp\/v2\/users\/1"}],"replies":[{"embeddable":true,"href":"https:\/\/www.idphoto.app\/help\/wp-json\/wp\/v2\/comments?post=674"}],"version-history":[{"count":3,"href":"https:\/\/www.idphoto.app\/help\/wp-json\/wp\/v2\/pages\/674\/revisions"}],"predecessor-version":[{"id":2191,"href":"https:\/\/www.idphoto.app\/help\/wp-json\/wp\/v2\/pages\/674\/revisions\/2191"}],"up":[{"embeddable":true,"href":"https:\/\/www.idphoto.app\/help\/wp-json\/wp\/v2\/pages\/142"}],"wp:attachment":[{"href":"https:\/\/www.idphoto.app\/help\/wp-json\/wp\/v2\/media?parent=674"}],"curies":[{"name":"wp","href":"https:\/\/api.w.org\/{rel}","templated":true}]}}