{"id":932,"date":"2012-11-08T17:20:13","date_gmt":"2012-11-08T16:20:13","guid":{"rendered":"http:\/\/www.idphoto.app\/?page_id=932"},"modified":"2017-01-27T09:44:19","modified_gmt":"2017-01-27T08:44:19","slug":"photos-biometriques-par-soi-meme","status":"publish","type":"page","link":"https:\/\/www.idphoto.app\/aide\/photo-de-passeport\/photos-biometriques-par-soi-meme\/","title":{"rendered":"Photos biom\u00e9triques par soi-m\u00eame"},"content":{"rendered":"<p>Il n&rsquo;est pas difficile de cr\u00e9er une photo d&rsquo;identit\u00e9 biom\u00e9trique par soi-m\u00eame et aussi l&rsquo;alternative parfaite aux c\u00e9l\u00e8bre photomatons. Tout dont vous avez besoin est seulement un appareil photo num\u00e9rique, un smartphone ou une tablette tactile et \u00e9ventuellement une personne aidant (des selfies peuvent aussi r\u00e9ussir, mais pour la plupart ils ne conviennent pas).<\/p>\n<p>On se met quelques pas devant un mur lumineux et on prend la photo \u00e0 la hauteur du visage et absolument frontal. Malheureusement, sourire n&rsquo;est plus autoris\u00e9 sur les photos biom\u00e9triques de passeports. Ici nous avons rassembl\u00e9 les <a href=\"https:\/\/www.idphoto.app\/aide\/passeport\/comment-faire-une-photo-biometrique-de-passeport\/\">r\u00e8glements biom\u00e9triques<\/a>.<\/p>\n<p>La photo prise peut \u00eatre adapt\u00e9e gratuitement dans notre <a href=\"https:\/\/www.idphoto.app\/fr\/upload\/photo-passeport\">g\u00e9n\u00e9rateur de photo d&rsquo;identit\u00e9<\/a> au <a href=\"https:\/\/www.idphoto.app\/aide\/photo-de-passeport\/modele-biometrique\/\">mod\u00e8le biom\u00e9trique<\/a> et peut \u00eatre couper au rapport largeur\/hauteur correct.<\/p>\n<p><a class=\"product_button right\" title=\"Jetzt ein Passbild erstellen!\" href=\"https:\/\/www.idphoto.app\/fr\/upload\/photo-passeport\"> Cr\u00e9ez votre photo d&rsquo;idetntit\u00e9 maintenant \u00bb<\/a><\/p>\n","protected":false},"excerpt":{"rendered":"Il n&rsquo;est pas difficile de cr\u00e9er une photo d&rsquo;identit\u00e9 biom\u00e9trique par soi-m\u00eame et aussi l&rsquo;alternative parfaite aux c\u00e9l\u00e8bre photomatons. Tout dont vous avez besoin est seulement un appareil photo num\u00e9rique, un smartphone ou une tablette tactile et \u00e9ventuellement une personne aidant (des selfies peuvent aussi r\u00e9ussir, mais pour la plupart ils ne conviennent pas). On&#8230; <a class=\"view-article\" href=\"https:\/\/www.idphoto.app\/aide\/photo-de-passeport\/photos-biometriques-par-soi-meme\/\">Lire l\u2019article<\/a>","protected":false},"author":1,"featured_media":0,"parent":142,"menu_order":0,"comment_status":"open","ping_status":"closed","template":"","meta":[],"_links":{"self":[{"href":"https:\/\/www.idphoto.app\/aide\/wp-json\/wp\/v2\/pages\/932"}],"collection":[{"href":"https:\/\/www.idphoto.app\/aide\/wp-json\/wp\/v2\/pages"}],"about":[{"href":"https:\/\/www.idphoto.app\/aide\/wp-json\/wp\/v2\/types\/page"}],"author":[{"embeddable":true,"href":"https:\/\/www.idphoto.app\/aide\/wp-json\/wp\/v2\/users\/1"}],"replies":[{"embeddable":true,"href":"https:\/\/www.idphoto.app\/aide\/wp-json\/wp\/v2\/comments?post=932"}],"version-history":[{"count":3,"href":"https:\/\/www.idphoto.app\/aide\/wp-json\/wp\/v2\/pages\/932\/revisions"}],"predecessor-version":[{"id":1944,"href":"https:\/\/www.idphoto.app\/aide\/wp-json\/wp\/v2\/pages\/932\/revisions\/1944"}],"up":[{"embeddable":true,"href":"https:\/\/www.idphoto.app\/aide\/wp-json\/wp\/v2\/pages\/142"}],"wp:attachment":[{"href":"https:\/\/www.idphoto.app\/aide\/wp-json\/wp\/v2\/media?parent=932"}],"curies":[{"name":"wp","href":"https:\/\/api.w.org\/{rel}","templated":true}]}}