{"id":930,"date":"2012-11-08T17:19:49","date_gmt":"2012-11-08T16:19:49","guid":{"rendered":"http:\/\/www.idphoto.app\/?page_id=930"},"modified":"2016-07-15T09:10:45","modified_gmt":"2016-07-15T07:10:45","slug":"exigences-pour-une-photo-biometrique-de-passeport","status":"publish","type":"page","link":"https:\/\/www.idphoto.app\/aide\/photo-de-passeport\/exigences-pour-une-photo-biometrique-de-passeport\/","title":{"rendered":"Exigences pour une photo biom\u00e9trique de passeport"},"content":{"rendered":"<h2>Nettet\u00e9 &amp; Constraste<\/h2>\n<p><span id=\"result_box\" class=\"\" lang=\"fr\">Le visage doit \u00eatre repr\u00e9senter pr\u00e9cis <\/span><span id=\"result_box\" class=\"\" lang=\"fr\">dans toute la zone d&rsquo;image, \u00eatre riche en contraste et clair. Vous pouvez charger votre photo dans le <a href=\"https:\/\/www.idphoto.app\/fr\/upload\/photo-passeport\">g\u00e9n\u00e9rateur pour photo de passeport<\/a> <span class=\"\">afin<\/span> <span class=\"\">d&rsquo;examiner si<\/span> la r\u00e9solution est suffisamment \u00e9lev\u00e9e. Si on le souhaite nous examinons aussi <span class=\"\">les photos<\/span> de passeport command\u00e9s si elles correspondent aux exigences biom\u00e9triques<span class=\"\">.<\/span><\/span><\/p>\n<p><img class=\"img-responsive alignnone wp-image-1770 size-full\" src=\"http:\/\/cloudgroup.de\/wordpress\/wp-content\/uploads\/2015\/09\/Sch\u00e4rfe-Kontrast.jpg\" alt=\"Sch\u00e4rfe &amp; Kontrast\" width=\"750\" height=\"200\" srcset=\"https:\/\/www.idphoto.app\/aide\/wp-content\/uploads\/2015\/09\/Sch\u00e4rfe-Kontrast.jpg 750w, https:\/\/www.idphoto.app\/aide\/wp-content\/uploads\/2015\/09\/Sch\u00e4rfe-Kontrast-250x67.jpg 250w, https:\/\/www.idphoto.app\/aide\/wp-content\/uploads\/2015\/09\/Sch\u00e4rfe-Kontrast-700x187.jpg 700w, https:\/\/www.idphoto.app\/aide\/wp-content\/uploads\/2015\/09\/Sch\u00e4rfe-Kontrast-120x32.jpg 120w\" sizes=\"(max-width: 750px) 100vw, 750px\" \/><\/p>\n<h2>Illumination<\/h2>\n<p>Le visage doit \u00eatre illumin\u00e9 d\u2019une fa\u00e7on r\u00e9guli\u00e8re. A \u00e9viter sont les r\u00e9flexions ou des ombres dans le visage, ainsi que les yeux rouge. Pour cela, le mieux c\u2019est de prendre la photo avec le dos contre le mur et pr\u00e9f\u00e9rentiellement vis-\u00e0-vis d\u2019une fen\u00eatre. D\u2019ici peu, nous allons pr\u00e9parer un vid\u00e9o expliquant comment prendre au mieux une photo biom\u00e9trique.<\/p>\n<p><img class=\"img-responsive alignnone wp-image-1778 size-full\" src=\"http:\/\/cloudgroup.de\/wordpress\/wp-content\/uploads\/2012\/11\/Ausleuchtung.jpg\" alt=\"Ausleuchtung\" width=\"750\" height=\"200\" srcset=\"https:\/\/www.idphoto.app\/aide\/wp-content\/uploads\/2012\/11\/Ausleuchtung.jpg 750w, https:\/\/www.idphoto.app\/aide\/wp-content\/uploads\/2012\/11\/Ausleuchtung-250x67.jpg 250w, https:\/\/www.idphoto.app\/aide\/wp-content\/uploads\/2012\/11\/Ausleuchtung-700x187.jpg 700w, https:\/\/www.idphoto.app\/aide\/wp-content\/uploads\/2012\/11\/Ausleuchtung-120x32.jpg 120w\" sizes=\"(max-width: 750px) 100vw, 750px\" \/><\/p>\n<h2>Arri\u00e8re-Plan<\/h2>\n<p>L\u2019arri\u00e8re-plan doit \u00eatre unicolore et clair (id\u00e9alement gris neutre ou blanc) et pr\u00e9senter un contraste avec le visage et les cheveux. Pour des cheveux clairs un fond gris vif est le plus adapt\u00e9, alors que pour des cheveux fonc\u00e9s un arri\u00e8re-plan plus clair est pr\u00e9f\u00e9rable. Le fond ne doit pas contenir des motifs. Sur la photo on ne doit voir uniquement la personne photographi\u00e9e (aucune autre personne ou obstacle visible sur l\u2019image). Des ombres sur le fond sont \u00e0 \u00e9viter compl\u00e8tement.<\/p>\n<p><img class=\"img-responsive alignnone wp-image-1776 size-full\" src=\"http:\/\/cloudgroup.de\/wordpress\/wp-content\/uploads\/2012\/11\/HIntergrund.jpg\" alt=\"HIntergrund\" width=\"750\" height=\"200\" srcset=\"https:\/\/www.idphoto.app\/aide\/wp-content\/uploads\/2012\/11\/HIntergrund.jpg 750w, https:\/\/www.idphoto.app\/aide\/wp-content\/uploads\/2012\/11\/HIntergrund-250x67.jpg 250w, https:\/\/www.idphoto.app\/aide\/wp-content\/uploads\/2012\/11\/HIntergrund-700x187.jpg 700w, https:\/\/www.idphoto.app\/aide\/wp-content\/uploads\/2012\/11\/HIntergrund-120x32.jpg 120w\" sizes=\"(max-width: 750px) 100vw, 750px\" \/><\/p>\n<h2>Qualit\u00e9 de photo<\/h2>\n<p>La photo doit \u00eatre pr\u00e9sente sur un papier de grande qualit\u00e9 et avec une r\u00e9solution minimale d\u2019au moins 600 dpi. Ceci est surtout important si la photo se fait avec un appareil photo num\u00e9rique, un smartphone ou un tablet. Elle doit \u00eatre neutre en couleur et reproduire le teint de la peau d\u2019une fa\u00e7on naturelle. Les pliages et salissures sont \u00e0 \u00e9viter. La photo peut \u00eatre pr\u00e9sente en couleur ou noir et blanc.<\/p>\n<h2>Position de la t\u00eate et expression du visage<\/h2>\n<p>Une repr\u00e9sentation de la personne ayant la t\u00eate inclin\u00e9e ou tourn\u00e9e (p. ex. de trois quarts) n\u2019est pas autoris\u00e9e. La personne doit fixer la cam\u00e9ra gardant la bouche ferm\u00e9e et avec un regard neutre.<\/p>\n<p><img class=\"img-responsive alignnone wp-image-1777 size-full\" src=\"http:\/\/cloudgroup.de\/wordpress\/wp-content\/uploads\/2012\/11\/Kopfposititon-Gesichtsausdruck.jpg\" alt=\"Kopfposititon &amp; Gesichtsausdruck\" width=\"750\" height=\"200\" srcset=\"https:\/\/www.idphoto.app\/aide\/wp-content\/uploads\/2012\/11\/Kopfposititon-Gesichtsausdruck.jpg 750w, https:\/\/www.idphoto.app\/aide\/wp-content\/uploads\/2012\/11\/Kopfposititon-Gesichtsausdruck-250x67.jpg 250w, https:\/\/www.idphoto.app\/aide\/wp-content\/uploads\/2012\/11\/Kopfposititon-Gesichtsausdruck-700x187.jpg 700w, https:\/\/www.idphoto.app\/aide\/wp-content\/uploads\/2012\/11\/Kopfposititon-Gesichtsausdruck-120x32.jpg 120w\" sizes=\"(max-width: 750px) 100vw, 750px\" \/><\/p>\n<h2>Yeux et la direction du regard<\/h2>\n<p>La personne sur la photo doit imp\u00e9rativement fixer la cam\u00e9ra. Les yeux doivent \u00eatre ouverts clairement visibles et ne doivent pas \u00eatre couverts par des cheveux ou des montures de lunettes.<\/p>\n<p><img class=\"img-responsive alignnone wp-image-1786 size-full\" src=\"http:\/\/cloudgroup.de\/wordpress\/wp-content\/uploads\/2012\/11\/Augen-Blickrichtung.jpg\" alt=\"Augen &amp; Blickrichtung\" width=\"750\" height=\"200\" srcset=\"https:\/\/www.idphoto.app\/aide\/wp-content\/uploads\/2012\/11\/Augen-Blickrichtung.jpg 750w, https:\/\/www.idphoto.app\/aide\/wp-content\/uploads\/2012\/11\/Augen-Blickrichtung-250x67.jpg 250w, https:\/\/www.idphoto.app\/aide\/wp-content\/uploads\/2012\/11\/Augen-Blickrichtung-700x187.jpg 700w, https:\/\/www.idphoto.app\/aide\/wp-content\/uploads\/2012\/11\/Augen-Blickrichtung-120x32.jpg 120w\" sizes=\"(max-width: 750px) 100vw, 750px\" \/><\/p>\n<h2>Porteurs de lunettes<\/h2>\n<p>Il faut que les yeux soient clairement visibles (des r\u00e9flexions sur lunettes, lunettes teint\u00e9es ou lunettes de soleil sont interdites). Le bord des lunettes ou la monture ne doivent pas couvrir les yeux.<\/p>\n<p><img class=\"img-responsive alignnone wp-image-1787 size-full\" src=\"http:\/\/cloudgroup.de\/wordpress\/wp-content\/uploads\/2012\/11\/Brillentr\u00e4ger.jpg\" alt=\"Brillentr\u00e4ger\" width=\"750\" height=\"200\" srcset=\"https:\/\/www.idphoto.app\/aide\/wp-content\/uploads\/2012\/11\/Brillentr\u00e4ger.jpg 750w, https:\/\/www.idphoto.app\/aide\/wp-content\/uploads\/2012\/11\/Brillentr\u00e4ger-250x67.jpg 250w, https:\/\/www.idphoto.app\/aide\/wp-content\/uploads\/2012\/11\/Brillentr\u00e4ger-700x187.jpg 700w, https:\/\/www.idphoto.app\/aide\/wp-content\/uploads\/2012\/11\/Brillentr\u00e4ger-120x32.jpg 120w\" sizes=\"(max-width: 750px) 100vw, 750px\" \/><\/p>\n<h2>Couvre-chef<\/h2>\n<p>Des couvre-chefs sont fondamentalement interdits, sauf pour des raisons religieuses. Dans ce cas-l\u00e0, le visage doit \u00eatre visible, commencent au menton jusqu\u00b4au front. Des ombres dans le visage sont interdites.<\/p>\n<p><img class=\"img-responsive alignnone wp-image-1789 size-full\" src=\"http:\/\/cloudgroup.de\/wordpress\/wp-content\/uploads\/2012\/11\/Kopfbedeckung.jpg\" alt=\"Kopfbedeckung\" width=\"750\" height=\"200\" srcset=\"https:\/\/www.idphoto.app\/aide\/wp-content\/uploads\/2012\/11\/Kopfbedeckung.jpg 750w, https:\/\/www.idphoto.app\/aide\/wp-content\/uploads\/2012\/11\/Kopfbedeckung-250x67.jpg 250w, https:\/\/www.idphoto.app\/aide\/wp-content\/uploads\/2012\/11\/Kopfbedeckung-700x187.jpg 700w, https:\/\/www.idphoto.app\/aide\/wp-content\/uploads\/2012\/11\/Kopfbedeckung-120x32.jpg 120w\" sizes=\"(max-width: 750px) 100vw, 750px\" \/><\/p>\n<h2>Nourrisson et enfants en bas \u00e2ge<\/h2>\n<p>Pour les nourrissons et enfants en bas \u00e2ge jusqu\u2019\u00e0 l\u2019\u00e2ge de 6 ans accomplis, des exceptions suppl\u00e9mentaires de celles dans la rubrique \u00ab\u00a0enfants\u00a0\u00bb sont permises\u00a0: diff\u00e9rences dans le port de t\u00eate (ne pas vis-\u00e0-vis la prise de face), dans la mine, au niveau des yeux et la direction du regard, ainsi qu\u2019au niveau du centrage de la photo.<\/p>\n<p><img class=\"img-responsive alignnone wp-image-1788 size-full\" src=\"http:\/\/cloudgroup.de\/wordpress\/wp-content\/uploads\/2012\/11\/Kleinkinder.jpg\" alt=\"Kleinkinder\" width=\"750\" height=\"200\" srcset=\"https:\/\/www.idphoto.app\/aide\/wp-content\/uploads\/2012\/11\/Kleinkinder.jpg 750w, https:\/\/www.idphoto.app\/aide\/wp-content\/uploads\/2012\/11\/Kleinkinder-250x67.jpg 250w, https:\/\/www.idphoto.app\/aide\/wp-content\/uploads\/2012\/11\/Kleinkinder-700x187.jpg 700w, https:\/\/www.idphoto.app\/aide\/wp-content\/uploads\/2012\/11\/Kleinkinder-120x32.jpg 120w\" sizes=\"(max-width: 750px) 100vw, 750px\" \/><\/p>\n<h2>Taille et format<\/h2>\n<p>Le format d\u2019une photo biom\u00e9trique doit comporter une taille de 35 mm x 45 mm. Sachant que 65 &#8211; 75 % de la hauteur de la photo doivent contenir la partie du visage, ceci correspond \u00e0 une valeur de 29 &#8211; 34 mm. Pour les enfants jusqu\u00b4\u00e0 l\u2019\u00e2ge de 11 ans accomplis les divergences suivantes sont autoris\u00e9es\u00a0: la hauteur du visage doit couvrir au moins 50 % de la photo. Ceci correspond \u00e0 une hauteur d&rsquo;au moins 23 mm \u00e0 partir de la pointe du menton jusqu\u2019au bout de la t\u00eate.<\/p>\n<p>En outre, le visage doit \u00eatre centr\u00e9 sur la photo. Vous pouvez d\u00e9couper votre photo dans notre <a href=\"https:\/\/www.idphoto.app\/fr\/upload\/photo-passeport\">g\u00e9n\u00e9rateur de photo de passeport<\/a> et adapter votre visage par l\u2019aide d\u2019un mod\u00e8le.<\/p>\n<p><a href=\"http:\/\/cloudgroup.de\/wordpress\/wp-content\/uploads\/2012\/11\/Schablone.jpg\"><img class=\"alignnone wp-image-1761\" src=\"http:\/\/cloudgroup.de\/wordpress\/wp-content\/uploads\/2012\/11\/Schablone-250x188.jpg\" alt=\"Mod\u00e8le\" width=\"299\" height=\"225\" srcset=\"https:\/\/www.idphoto.app\/aide\/wp-content\/uploads\/2012\/11\/Schablone-250x188.jpg 250w, https:\/\/www.idphoto.app\/aide\/wp-content\/uploads\/2012\/11\/Schablone-768x576.jpg 768w, https:\/\/www.idphoto.app\/aide\/wp-content\/uploads\/2012\/11\/Schablone-700x525.jpg 700w, https:\/\/www.idphoto.app\/aide\/wp-content\/uploads\/2012\/11\/Schablone-120x90.jpg 120w, https:\/\/www.idphoto.app\/aide\/wp-content\/uploads\/2012\/11\/Schablone.jpg 1030w\" sizes=\"(max-width: 299px) 100vw, 299px\" \/><\/a><\/p>\n<p style=\"text-align: right;\"><em>Source: Office f\u00e9d\u00e9ral de la police<\/em><\/p>\n<p><a class=\"btn btn-lg btn-warning\" title=\"Bild hochladen und zuschneiden!\" href=\"https:\/\/www.idphoto.app\/upload\/passbild\">Charger photo et d\u00e9couper!<\/a><\/p>\n","protected":false},"excerpt":{"rendered":"Nettet\u00e9 &amp; Constraste Le visage doit \u00eatre repr\u00e9senter pr\u00e9cis dans toute la zone d&rsquo;image, \u00eatre riche en contraste et clair. Vous pouvez charger votre photo dans le g\u00e9n\u00e9rateur pour photo de passeport afin d&rsquo;examiner si la r\u00e9solution est suffisamment \u00e9lev\u00e9e. Si on le souhaite nous examinons aussi les photos de passeport command\u00e9s si elles correspondent&#8230; <a class=\"view-article\" href=\"https:\/\/www.idphoto.app\/aide\/photo-de-passeport\/exigences-pour-une-photo-biometrique-de-passeport\/\">Lire l\u2019article<\/a>","protected":false},"author":1,"featured_media":0,"parent":142,"menu_order":0,"comment_status":"open","ping_status":"closed","template":"","meta":[],"_links":{"self":[{"href":"https:\/\/www.idphoto.app\/aide\/wp-json\/wp\/v2\/pages\/930"}],"collection":[{"href":"https:\/\/www.idphoto.app\/aide\/wp-json\/wp\/v2\/pages"}],"about":[{"href":"https:\/\/www.idphoto.app\/aide\/wp-json\/wp\/v2\/types\/page"}],"author":[{"embeddable":true,"href":"https:\/\/www.idphoto.app\/aide\/wp-json\/wp\/v2\/users\/1"}],"replies":[{"embeddable":true,"href":"https:\/\/www.idphoto.app\/aide\/wp-json\/wp\/v2\/comments?post=930"}],"version-history":[{"count":4,"href":"https:\/\/www.idphoto.app\/aide\/wp-json\/wp\/v2\/pages\/930\/revisions"}],"predecessor-version":[{"id":1938,"href":"https:\/\/www.idphoto.app\/aide\/wp-json\/wp\/v2\/pages\/930\/revisions\/1938"}],"up":[{"embeddable":true,"href":"https:\/\/www.idphoto.app\/aide\/wp-json\/wp\/v2\/pages\/142"}],"wp:attachment":[{"href":"https:\/\/www.idphoto.app\/aide\/wp-json\/wp\/v2\/media?parent=930"}],"curies":[{"name":"wp","href":"https:\/\/api.w.org\/{rel}","templated":true}]}}