{"id":926,"date":"2012-11-08T17:15:35","date_gmt":"2012-11-08T16:15:35","guid":{"rendered":"http:\/\/www.idphoto.app\/?page_id=926"},"modified":"2016-07-15T10:31:00","modified_gmt":"2016-07-15T08:31:00","slug":"puce","status":"publish","type":"page","link":"https:\/\/www.idphoto.app\/aide\/carte-d-identite\/puce\/","title":{"rendered":"Puce"},"content":{"rendered":"<p>D&rsquo;apr\u00e8s l&rsquo;\u00e9tat actuel de la discussion la carte d&rsquo;identit\u00e9 reste sans puce. C&rsquo;\u00e9tait toutefois dans la discussion de l&rsquo;\u00e9quiper d&rsquo;une, similaire au <a href=\"https:\/\/www.idphoto.app\/aide\/passeport\/\">passeport 10<\/a>.<\/p>\n<p>Toutefois, le Conseil f\u00e9d\u00e9rale a d\u00e9cid\u00e9, le 16 d\u00e9cembre 2011, que la carte d&rsquo;identit\u00e9 peut \u00eatre expos\u00e9e aussi \u00e0 l&rsquo;avenir facultativement sans puce. Jusqu&rsquo;\u00e0 la fin 2016, la carte d&rsquo;identit\u00e9 doit \u00eatre renouvel\u00e9e. Alors des citoyennes et citoyens peuvent d\u00e9cider sur la possibilit\u00e9 pour les autres mod\u00e8les avec puce \u00e0 c\u00f4t\u00e9 du mod\u00e8le sans puce. Celles contenant une puce sauvgardent alors des autres donn\u00e9es (comme le <a href=\"https:\/\/www.idphoto.app\/aide\/passeport\/\">passeport 10<\/a>) pour des applications de e-business et d&rsquo;e-gouvernement ou m\u00eame de plus une identit\u00e9 \u00e9lectronique.<\/p>\n","protected":false},"excerpt":{"rendered":"D&rsquo;apr\u00e8s l&rsquo;\u00e9tat actuel de la discussion la carte d&rsquo;identit\u00e9 reste sans puce. C&rsquo;\u00e9tait toutefois dans la discussion de l&rsquo;\u00e9quiper d&rsquo;une, similaire au passeport 10. Toutefois, le Conseil f\u00e9d\u00e9rale a d\u00e9cid\u00e9, le 16 d\u00e9cembre 2011, que la carte d&rsquo;identit\u00e9 peut \u00eatre expos\u00e9e aussi \u00e0 l&rsquo;avenir facultativement sans puce. Jusqu&rsquo;\u00e0 la fin 2016, la carte d&rsquo;identit\u00e9 doit&#8230; <a class=\"view-article\" href=\"https:\/\/www.idphoto.app\/aide\/carte-d-identite\/puce\/\">Lire l\u2019article<\/a>","protected":false},"author":1,"featured_media":0,"parent":33,"menu_order":0,"comment_status":"open","ping_status":"closed","template":"","meta":[],"_links":{"self":[{"href":"https:\/\/www.idphoto.app\/aide\/wp-json\/wp\/v2\/pages\/926"}],"collection":[{"href":"https:\/\/www.idphoto.app\/aide\/wp-json\/wp\/v2\/pages"}],"about":[{"href":"https:\/\/www.idphoto.app\/aide\/wp-json\/wp\/v2\/types\/page"}],"author":[{"embeddable":true,"href":"https:\/\/www.idphoto.app\/aide\/wp-json\/wp\/v2\/users\/1"}],"replies":[{"embeddable":true,"href":"https:\/\/www.idphoto.app\/aide\/wp-json\/wp\/v2\/comments?post=926"}],"version-history":[{"count":2,"href":"https:\/\/www.idphoto.app\/aide\/wp-json\/wp\/v2\/pages\/926\/revisions"}],"predecessor-version":[{"id":1960,"href":"https:\/\/www.idphoto.app\/aide\/wp-json\/wp\/v2\/pages\/926\/revisions\/1960"}],"up":[{"embeddable":true,"href":"https:\/\/www.idphoto.app\/aide\/wp-json\/wp\/v2\/pages\/33"}],"wp:attachment":[{"href":"https:\/\/www.idphoto.app\/aide\/wp-json\/wp\/v2\/media?parent=926"}],"curies":[{"name":"wp","href":"https:\/\/api.w.org\/{rel}","templated":true}]}}