{"id":922,"date":"2012-11-08T17:05:13","date_gmt":"2012-11-08T16:05:13","guid":{"rendered":"http:\/\/www.idphoto.app\/?page_id=922"},"modified":"2017-01-27T09:57:45","modified_gmt":"2017-01-27T08:57:45","slug":"demande-en-ligne","status":"publish","type":"page","link":"https:\/\/www.idphoto.app\/aide\/passeport\/demande-en-ligne\/","title":{"rendered":"Demande en ligne"},"content":{"rendered":"<p>Ainsi comme <a href=\"https:\/\/www.idphoto.app\/aide\/carte-d-identite\/\">la carte d\u2019identit\u00e9<\/a> aussi le passeport (passeport 10) peut \u00eatre <a href=\"http:\/\/www.schweizerpass.admin.ch\/pass\/fr\/home\/ausweise\/antrag\/verfahren.html\" target=\"_blank\">demand\u00e9<\/a> en ligne aupr\u00e8s les autorit\u00e9s cantonales comp\u00e9tentes. Bien entendu, l&rsquo;application peut se faire aussi par t\u00e9l\u00e9phone et dans certains cas directement sur place dans le bureau des passeports cantonaux. Les proc\u00e9dures varient dans les diff\u00e9rents cantons.<\/p>\n<p><a href=\"http:\/\/www.schweizerpass.admin.ch\/pass\/fr\/home\/ausweise\/antrag\/passstellen.html\" target=\"_blank\">Un aper\u00e7u des bureaux des passeports cantonaux<\/a> se trouvent sur les pages de la Conf\u00e9d\u00e9ration Suisse.<\/p>\n<p><a href=\"http:\/\/www.schweizerpass.admin.ch\/pass\/fr\/home\/ausweise\/antrag\/verfahren.html\">Demandez votre passeport maintenant \u00bb<\/a><\/p>\n<p>&nbsp;<\/p>\n","protected":false},"excerpt":{"rendered":"Ainsi comme la carte d\u2019identit\u00e9 aussi le passeport (passeport 10) peut \u00eatre demand\u00e9 en ligne aupr\u00e8s les autorit\u00e9s cantonales comp\u00e9tentes. Bien entendu, l&rsquo;application peut se faire aussi par t\u00e9l\u00e9phone et dans certains cas directement sur place dans le bureau des passeports cantonaux. Les proc\u00e9dures varient dans les diff\u00e9rents cantons. Un aper\u00e7u des bureaux des passeports&#8230; <a class=\"view-article\" href=\"https:\/\/www.idphoto.app\/aide\/passeport\/demande-en-ligne\/\">Lire l\u2019article<\/a>","protected":false},"author":1,"featured_media":0,"parent":37,"menu_order":0,"comment_status":"open","ping_status":"closed","template":"","meta":[],"_links":{"self":[{"href":"https:\/\/www.idphoto.app\/aide\/wp-json\/wp\/v2\/pages\/922"}],"collection":[{"href":"https:\/\/www.idphoto.app\/aide\/wp-json\/wp\/v2\/pages"}],"about":[{"href":"https:\/\/www.idphoto.app\/aide\/wp-json\/wp\/v2\/types\/page"}],"author":[{"embeddable":true,"href":"https:\/\/www.idphoto.app\/aide\/wp-json\/wp\/v2\/users\/1"}],"replies":[{"embeddable":true,"href":"https:\/\/www.idphoto.app\/aide\/wp-json\/wp\/v2\/comments?post=922"}],"version-history":[{"count":4,"href":"https:\/\/www.idphoto.app\/aide\/wp-json\/wp\/v2\/pages\/922\/revisions"}],"predecessor-version":[{"id":1955,"href":"https:\/\/www.idphoto.app\/aide\/wp-json\/wp\/v2\/pages\/922\/revisions\/1955"}],"up":[{"embeddable":true,"href":"https:\/\/www.idphoto.app\/aide\/wp-json\/wp\/v2\/pages\/37"}],"wp:attachment":[{"href":"https:\/\/www.idphoto.app\/aide\/wp-json\/wp\/v2\/media?parent=922"}],"curies":[{"name":"wp","href":"https:\/\/api.w.org\/{rel}","templated":true}]}}