{"id":63,"date":"2009-09-10T17:16:56","date_gmt":"2009-09-10T15:16:56","guid":{"rendered":"http:\/\/www.idphoto.app\/\/?page_id=63"},"modified":"2016-07-06T21:55:11","modified_gmt":"2016-07-06T19:55:11","slug":"permis-de-conduire-perdu","status":"publish","type":"page","link":"https:\/\/www.idphoto.app\/aide\/permis-de-conduire\/permis-de-conduire-perdu\/","title":{"rendered":"Permis de conduire perdu"},"content":{"rendered":"<p>Le nouveau permis de conduire peut \u00eatre sollicit\u00e9 aupr\u00e8s l&rsquo;office de circulation routi\u00e8re cantonale comp\u00e9tente pour vous. Pour ceci vous devez tout simplement pr\u00e9senter un annonce de perte d&rsquo;un lieu de police suisse. Dans la plupart des cas elle ne doit pas dater de plus de 3 mois. Si vous n&rsquo;avez pas poss\u00e9d\u00e9 un permis de conduire sous la forme d&rsquo;une carte de cr\u00e9dit auparavant, vous devez en outre remplir un formulaire de demande et selon le canton de pr\u00e9senter jusqu&rsquo;\u00e0 trois photos de passeport en couleur.<\/p>\n<p>Vous trouvez les autres informations, par exemple, pour le canton Z\u00fcrich sous <a href=\"http:\/\/www.stva.zh.ch\">www.stva.zh.ch<\/a>.<\/p>\n<p>Pour les autres offices de circulation routi\u00e8re, vous devez simplement changer le sigle de canton!<\/p>\n<p>&nbsp;<\/p>\n<div id=\"attachment_1729\" style=\"width: 260px\" class=\"wp-caption aligncenter\"><img aria-describedby=\"caption-attachment-1729\" class=\"img-responsive wp-image-1729 size-medium\" src=\"https:\/\/www.idphoto.app\/aide\/wp-content\/uploads\/2009\/09\/130515_Angela_Sample_Vorderseite-250x158.jpg\" alt=\"130515_Angela_Sample_Vorderseite\" width=\"250\" height=\"158\" srcset=\"https:\/\/www.idphoto.app\/aide\/wp-content\/uploads\/2009\/09\/130515_Angela_Sample_Vorderseite-250x158.jpg 250w, https:\/\/www.idphoto.app\/aide\/wp-content\/uploads\/2009\/09\/130515_Angela_Sample_Vorderseite-120x76.jpg 120w, https:\/\/www.idphoto.app\/aide\/wp-content\/uploads\/2009\/09\/130515_Angela_Sample_Vorderseite.jpg 640w\" sizes=\"(max-width: 250px) 100vw, 250px\" \/><p id=\"caption-attachment-1729\" class=\"wp-caption-text\">Figure du permis de conduire actuel<\/p><\/div>\n","protected":false},"excerpt":{"rendered":"Le nouveau permis de conduire peut \u00eatre sollicit\u00e9 aupr\u00e8s l&rsquo;office de circulation routi\u00e8re cantonale comp\u00e9tente pour vous. Pour ceci vous devez tout simplement pr\u00e9senter un annonce de perte d&rsquo;un lieu de police suisse. Dans la plupart des cas elle ne doit pas dater de plus de 3 mois. Si vous n&rsquo;avez pas poss\u00e9d\u00e9 un permis&#8230; <a class=\"view-article\" href=\"https:\/\/www.idphoto.app\/aide\/permis-de-conduire\/permis-de-conduire-perdu\/\">Lire l\u2019article<\/a>","protected":false},"author":1,"featured_media":0,"parent":36,"menu_order":0,"comment_status":"open","ping_status":"closed","template":"","meta":[],"_links":{"self":[{"href":"https:\/\/www.idphoto.app\/aide\/wp-json\/wp\/v2\/pages\/63"}],"collection":[{"href":"https:\/\/www.idphoto.app\/aide\/wp-json\/wp\/v2\/pages"}],"about":[{"href":"https:\/\/www.idphoto.app\/aide\/wp-json\/wp\/v2\/types\/page"}],"author":[{"embeddable":true,"href":"https:\/\/www.idphoto.app\/aide\/wp-json\/wp\/v2\/users\/1"}],"replies":[{"embeddable":true,"href":"https:\/\/www.idphoto.app\/aide\/wp-json\/wp\/v2\/comments?post=63"}],"version-history":[{"count":1,"href":"https:\/\/www.idphoto.app\/aide\/wp-json\/wp\/v2\/pages\/63\/revisions"}],"predecessor-version":[{"id":1906,"href":"https:\/\/www.idphoto.app\/aide\/wp-json\/wp\/v2\/pages\/63\/revisions\/1906"}],"up":[{"embeddable":true,"href":"https:\/\/www.idphoto.app\/aide\/wp-json\/wp\/v2\/pages\/36"}],"wp:attachment":[{"href":"https:\/\/www.idphoto.app\/aide\/wp-json\/wp\/v2\/media?parent=63"}],"curies":[{"name":"wp","href":"https:\/\/api.w.org\/{rel}","templated":true}]}}