{"id":595,"date":"2009-11-22T16:09:37","date_gmt":"2009-11-22T15:09:37","guid":{"rendered":"http:\/\/www.idphoto.app\/?page_id=595"},"modified":"2017-01-27T09:59:29","modified_gmt":"2017-01-27T08:59:29","slug":"comment-fais-je-une-photo-biometrique-pour-bebe","status":"publish","type":"page","link":"https:\/\/www.idphoto.app\/aide\/passeport\/comment-fais-je-une-photo-biometrique-pour-bebe\/","title":{"rendered":"Comment fais-je une photo biom\u00e9trique pour b\u00e9b\u00e9?"},"content":{"rendered":"<nav class=\"chapter-toc\">\n<h2>Contenu<\/h2>\n<ul>\n<li><a class=\"smooth\" href=\"#biometrisch-auch-bei-babys\">Biom\u00e9trique aussi pour b\u00e9b\u00e9s?<\/a><\/li>\n<li><a class=\"smooth\" href=\"#tipps-fuer-die-aufnahme\">Le meilleur chemin &#8211; Conseils pour la prise de photo<\/a><\/li>\n<\/ul>\n<\/nav>\n<p><img class=\"img-responsive wp-image-1561 alignright\" src=\"https:\/\/www.idphoto.app\/aide\/wp-content\/uploads\/2009\/10\/babyfoto-angepasst-an-biometrische-schablone.png\" alt=\"Babyfoto in biometrischer Schablone.\" width=\"197\" height=\"250\" srcset=\"https:\/\/www.idphoto.app\/aide\/wp-content\/uploads\/2009\/10\/babyfoto-angepasst-an-biometrische-schablone.png 296w, https:\/\/www.idphoto.app\/aide\/wp-content\/uploads\/2009\/10\/babyfoto-angepasst-an-biometrische-schablone-250x318.png 250w, https:\/\/www.idphoto.app\/aide\/wp-content\/uploads\/2009\/10\/babyfoto-angepasst-an-biometrische-schablone-120x152.png 120w\" sizes=\"(max-width: 197px) 100vw, 197px\" \/><\/p>\n<h2 id=\"biometrisch-auch-bei-babys\">Biom\u00e9trique aussi pour b\u00e9b\u00e9?<\/h2>\n<p><strong>Oui <\/strong>&#8211; il semble fou, mais aussi pour les jeunes enfants et m\u00eame pour des b\u00e9b\u00e9s de quelques semaines on ne peut pas eviter des photos biom\u00e9triques pour passeport.<\/p>\n<p>Toutefois, des <strong>\u00e9carts<\/strong> par rapport \u00e0 la position de la t\u00eate (pas de la prise frontale!), dans l&rsquo;expression du visage, les yeux et la direction du regard sont <strong>autoris\u00e9s<\/strong> chez les nourrisons et les jeunes enfants jusqu&rsquo;\u00e0 la fin de la sixi\u00e8me ann\u00e9e. N\u00e9anmoins, le visage et la t\u00eate doivent \u00eatre photographi\u00e9s de mani\u00e8re fronale.<\/p>\n<p>Plus important que l&rsquo;expression du visage du b\u00e9b\u00e9 est alors la <strong>prise frontale du visage<\/strong> ainsi qu&rsquo;un <strong>arri\u00e8re-plan clair<\/strong> qui se d\u00e9limite bien des v\u00eatements du b\u00e9b\u00e9.<\/p>\n<p>&nbsp;<\/p>\n<h2 id=\"tipps-fuer-die-aufnahme\">Le meilleur chemin &#8211; Conseils pour la prise de photo<\/h2>\n<p>Souvent la r\u00e9uissite n&rsquo;est pas du premier essai et la photo prise ou m\u00eame command\u00e9e ne convient pas comme une photo biom\u00e9trique pour passeport. Si nous l&rsquo;avons verifi\u00e9e, ce n&rsquo;est heureusement pas tragique. Contrairement \u00e0 un photomaton nous vous conseillons toujours de prendre la photo du b\u00e9b\u00e9 <strong>en couchant sur une couverture claire<\/strong>. Tr\u00e8s souvent nous recevons des commentaires que cela a fonctionn\u00e9 rapidement et facilement \u00e0 la deuxi\u00e8me tentative. Par cons\u00e9quent nous partageons cette astuce aussi ici..<\/p>\n<blockquote>\n<p style=\"text-align: right;\">Nous v\u00e9rifions les photos sur l&rsquo;aptitude. <a title=\"Alle Infos zu unserer Tauglichkeits-Pr\u00fcfung vorab\" href=\"https:\/\/www.idphoto.app\/fr\/#examen-d-aptitude\">Plus d&rsquo;information \u00bb<\/a><\/p>\n<\/blockquote>\n<p>En outre, aucune ombre dans le visage du b\u00e9b\u00e9\/nourrisson ou sur l&rsquo;arri\u00e8re-plan doit \u00eatre visible, c&rsquo;est pourquoi la photo est mieux prise \u00e0 la lumi\u00e8re du jour et dans une pi\u00e8ce claire. Des conditions d&rsquo;\u00e9clairage difficile surviennent lorsque la lumi\u00e8re du jour et des lampes se rencontre. Dans ce cas-l\u00e0 souvent un c\u00f4t\u00e9 du visage est bleu, l&rsquo;autre jaune. Par cons\u00e9quent, le mieux c&rsquo;est d&rsquo;<strong>\u00e9viter la lumi\u00e8re artificielle.<\/strong><\/p>\n<blockquote><p>Aussi le flash de la cam\u00e9ra peut \u00eatre utilis\u00e9.<\/p><\/blockquote>\n<p>L&rsquo;image peut \u00eatre adapt\u00e9 normalement au mod\u00e8le biom\u00e9trique dans notre <a title=\"Passfoto Generator\" href=\"https:\/\/www.idphoto.app\/fr\/upload\/photo-passeport\">g\u00e9n\u00e9rateur de photo.<\/a><\/p>\n<p>Pour des visages larges des \u00e9carts par rapport \u00e0 l&rsquo;hauteur du visage sont possibles afin que la t\u00eate ne s&rsquo;\u00e9tend pas de l&rsquo;image ou est coup\u00e9.<\/p>\n","protected":false},"excerpt":{"rendered":"Contenu Biom\u00e9trique aussi pour b\u00e9b\u00e9s? Le meilleur chemin &#8211; Conseils pour la prise de photo Biom\u00e9trique aussi pour b\u00e9b\u00e9? Oui &#8211; il semble fou, mais aussi pour les jeunes enfants et m\u00eame pour des b\u00e9b\u00e9s de quelques semaines on ne peut pas eviter des photos biom\u00e9triques pour passeport. Toutefois, des \u00e9carts par rapport \u00e0 la&#8230; <a class=\"view-article\" href=\"https:\/\/www.idphoto.app\/aide\/passeport\/comment-fais-je-une-photo-biometrique-pour-bebe\/\">Lire l\u2019article<\/a>","protected":false},"author":1,"featured_media":0,"parent":37,"menu_order":0,"comment_status":"open","ping_status":"closed","template":"","meta":[],"_links":{"self":[{"href":"https:\/\/www.idphoto.app\/aide\/wp-json\/wp\/v2\/pages\/595"}],"collection":[{"href":"https:\/\/www.idphoto.app\/aide\/wp-json\/wp\/v2\/pages"}],"about":[{"href":"https:\/\/www.idphoto.app\/aide\/wp-json\/wp\/v2\/types\/page"}],"author":[{"embeddable":true,"href":"https:\/\/www.idphoto.app\/aide\/wp-json\/wp\/v2\/users\/1"}],"replies":[{"embeddable":true,"href":"https:\/\/www.idphoto.app\/aide\/wp-json\/wp\/v2\/comments?post=595"}],"version-history":[{"count":3,"href":"https:\/\/www.idphoto.app\/aide\/wp-json\/wp\/v2\/pages\/595\/revisions"}],"predecessor-version":[{"id":1952,"href":"https:\/\/www.idphoto.app\/aide\/wp-json\/wp\/v2\/pages\/595\/revisions\/1952"}],"up":[{"embeddable":true,"href":"https:\/\/www.idphoto.app\/aide\/wp-json\/wp\/v2\/pages\/37"}],"wp:attachment":[{"href":"https:\/\/www.idphoto.app\/aide\/wp-json\/wp\/v2\/media?parent=595"}],"curies":[{"name":"wp","href":"https:\/\/api.w.org\/{rel}","templated":true}]}}