{"id":567,"date":"2009-11-05T19:43:03","date_gmt":"2009-11-05T18:43:03","guid":{"rendered":"http:\/\/www.idphoto.app\/?page_id=567"},"modified":"2019-01-06T16:34:45","modified_gmt":"2019-01-06T15:34:45","slug":"prix","status":"publish","type":"page","link":"https:\/\/www.idphoto.app\/aide\/passeport\/prix\/","title":{"rendered":"Prix"},"content":{"rendered":"<p>Le co\u00fbt d&rsquo;un passeport d\u00e9pend de divers facteurs, tels que le num\u00e9ro de page, l&rsquo;\u00e2ge et le temps de traitement de la d\u00e9livrance.<\/p>\n<p>Tous les prix sont hors frais d&rsquo;affranchissement.<\/p>\n<div class=\"table-responsive\">\n<table class=\"list\">\n<tbody>\n<tr>\n<th>document<\/th>\n<th>Si vous fournissez la photo<\/th>\n<th>Si la photo est prise au guichet<\/th>\n<\/tr>\n<tr class=\"odge\">\n<td>Cas g\u00e9n\u00e9ral<\/td>\n<td>86 \u20ac<\/td>\n<td>&#8211;<\/td>\n<\/tr>\n<tr class=\"even\">\n<td>En Guyane<\/td>\n<td>43 \u20ac<\/td>\n<td>44 \u20ac<\/td>\n<\/tr>\n<tr class=\"odge\">\n<td>\u00c0 Mayotte<\/td>\n<td>86 \u20ac<\/td>\n<td>89 \u20ac<\/td>\n<\/tr>\n<\/tbody>\n<\/table>\n<\/div>\n","protected":false},"excerpt":{"rendered":"Le co\u00fbt d&rsquo;un passeport d\u00e9pend de divers facteurs, tels que le num\u00e9ro de page, l&rsquo;\u00e2ge et le temps de traitement de la d\u00e9livrance. Tous les prix sont hors frais d&rsquo;affranchissement. document Si vous fournissez la photo Si la photo est prise au guichet Cas g\u00e9n\u00e9ral 86 \u20ac &#8211; En Guyane 43 \u20ac 44 \u20ac \u00c0&#8230; <a class=\"view-article\" href=\"https:\/\/www.idphoto.app\/aide\/passeport\/prix\/\">Lire l\u2019article<\/a>","protected":false},"author":1,"featured_media":0,"parent":37,"menu_order":0,"comment_status":"open","ping_status":"closed","template":"","meta":[],"_links":{"self":[{"href":"https:\/\/www.idphoto.app\/aide\/wp-json\/wp\/v2\/pages\/567"}],"collection":[{"href":"https:\/\/www.idphoto.app\/aide\/wp-json\/wp\/v2\/pages"}],"about":[{"href":"https:\/\/www.idphoto.app\/aide\/wp-json\/wp\/v2\/types\/page"}],"author":[{"embeddable":true,"href":"https:\/\/www.idphoto.app\/aide\/wp-json\/wp\/v2\/users\/1"}],"replies":[{"embeddable":true,"href":"https:\/\/www.idphoto.app\/aide\/wp-json\/wp\/v2\/comments?post=567"}],"version-history":[{"count":4,"href":"https:\/\/www.idphoto.app\/aide\/wp-json\/wp\/v2\/pages\/567\/revisions"}],"predecessor-version":[{"id":2074,"href":"https:\/\/www.idphoto.app\/aide\/wp-json\/wp\/v2\/pages\/567\/revisions\/2074"}],"up":[{"embeddable":true,"href":"https:\/\/www.idphoto.app\/aide\/wp-json\/wp\/v2\/pages\/37"}],"wp:attachment":[{"href":"https:\/\/www.idphoto.app\/aide\/wp-json\/wp\/v2\/media?parent=567"}],"curies":[{"name":"wp","href":"https:\/\/api.w.org\/{rel}","templated":true}]}}