{"id":54,"date":"2009-09-10T14:39:20","date_gmt":"2009-09-10T12:39:20","guid":{"rendered":"http:\/\/www.idphoto.app\/\/personalausweis\/gultigkeit-des-personalausweises\/"},"modified":"2017-01-27T10:12:29","modified_gmt":"2017-01-27T09:12:29","slug":"validite-de-la-carte-d-identite","status":"publish","type":"page","link":"https:\/\/www.idphoto.app\/aide\/carte-d-identite\/validite-de-la-carte-d-identite\/","title":{"rendered":"Validit\u00e9 de la carte d&rsquo;identit\u00e9"},"content":{"rendered":"<p>Pour les personnes ayant atteint l&rsquo;\u00e2ge de 18 ans \u00e0 la date de la demande la dur\u00e9e de validit\u00e9 est de 10 ans. Pour les personnes de moins de 18 ans la dur\u00e9e de validit\u00e9 est de 5 ans. Cette r\u00e8gle est \u00e0 ramener aux changements optiques au cours des jeunes ann\u00e9es.<\/p>\n<p><em>Source:Ordonnance sur les documents d&rsquo;identit\u00e9 (OLDI) du Conseil f\u00e9d\u00e9ral<\/em><\/p>\n","protected":false},"excerpt":{"rendered":"Pour les personnes ayant atteint l&rsquo;\u00e2ge de 18 ans \u00e0 la date de la demande la dur\u00e9e de validit\u00e9 est de 10 ans. Pour les personnes de moins de 18 ans la dur\u00e9e de validit\u00e9 est de 5 ans. Cette r\u00e8gle est \u00e0 ramener aux changements optiques au cours des jeunes ann\u00e9es. Source:Ordonnance sur les&#8230; <a class=\"view-article\" href=\"https:\/\/www.idphoto.app\/aide\/carte-d-identite\/validite-de-la-carte-d-identite\/\">Lire l\u2019article<\/a>","protected":false},"author":1,"featured_media":0,"parent":33,"menu_order":0,"comment_status":"open","ping_status":"closed","template":"","meta":[],"_links":{"self":[{"href":"https:\/\/www.idphoto.app\/aide\/wp-json\/wp\/v2\/pages\/54"}],"collection":[{"href":"https:\/\/www.idphoto.app\/aide\/wp-json\/wp\/v2\/pages"}],"about":[{"href":"https:\/\/www.idphoto.app\/aide\/wp-json\/wp\/v2\/types\/page"}],"author":[{"embeddable":true,"href":"https:\/\/www.idphoto.app\/aide\/wp-json\/wp\/v2\/users\/1"}],"replies":[{"embeddable":true,"href":"https:\/\/www.idphoto.app\/aide\/wp-json\/wp\/v2\/comments?post=54"}],"version-history":[{"count":1,"href":"https:\/\/www.idphoto.app\/aide\/wp-json\/wp\/v2\/pages\/54\/revisions"}],"predecessor-version":[{"id":1901,"href":"https:\/\/www.idphoto.app\/aide\/wp-json\/wp\/v2\/pages\/54\/revisions\/1901"}],"up":[{"embeddable":true,"href":"https:\/\/www.idphoto.app\/aide\/wp-json\/wp\/v2\/pages\/33"}],"wp:attachment":[{"href":"https:\/\/www.idphoto.app\/aide\/wp-json\/wp\/v2\/media?parent=54"}],"curies":[{"name":"wp","href":"https:\/\/api.w.org\/{rel}","templated":true}]}}